{"id":9048,"date":"2026-04-05T20:34:32","date_gmt":"2026-04-05T20:34:32","guid":{"rendered":"https:\/\/koreanwonder.com\/?post_type=product&#038;p=9048"},"modified":"2026-04-05T20:37:07","modified_gmt":"2026-04-05T20:37:07","slug":"bioheal-boh-probioderm-collagen-remodeling-eye-patch-60ea","status":"publish","type":"product","link":"https:\/\/koreanwonder.com\/es\/product\/bioheal-boh-probioderm-collagen-remodeling-eye-patch-60ea\/","title":{"rendered":"Bioheal BOH Probioderm Collagen Remodeling Eye Patch, 60ea"},"content":{"rendered":"<p><b>Beneficios clave<\/b><\/p>\n<p><b>Reafirmaci\u00f3n y elasticidad:<\/b> Mejora la firmeza de la piel y reduce la apariencia de l\u00edneas finas y arrugas gracias a su contenido de col\u00e1geno y p\u00e9ptidos.<\/p>\n<p><b>Reducci\u00f3n de bolsas y ojeras: <\/b>Ayuda a desinflamar la hinchaz\u00f3n y a iluminar el tono oscuro de las ojeras.<\/p>\n<p><b>Hidrataci\u00f3n profunda:<\/b> Proporciona un aporte inmediato de humedad, dejando la zona suave y tersa.<\/p>\n<p><b>Efecto revitalizante:<\/b> Refresca instant\u00e1neamente los ojos con apariencia cansada, aportando luminosidad.<span class=\"Apple-converted-space\">\u00a0<\/span><\/p>\n<p>&nbsp;<\/p>\n<p><b>Recomendados para tipo de piel:<\/b><\/p>\n<p><b>Piel madura:<\/b> Gracias a su f\u00f3rmula con col\u00e1geno T1 y T3, PDRN y 12 tipos de p\u00e9ptidos, ayudan a reducir la apariencia de l\u00edneas finas y arrugas, mejorando la elasticidad tanto interna como externa.<\/p>\n<p><b>Piel seca o deshidratada:<\/b> Proporcionan una hidrataci\u00f3n profunda y retienen la humedad gracias al \u00e1cido hialur\u00f3nico y al pantenol.<\/p>\n<p><b>Piel sensible:<\/b> Son parches suaves de hidrogel dise\u00f1ados para calmar la zona delicada del contorno de ojos sin causar irritaci\u00f3n.<\/p>\n<p><b>Ojos cansados: <\/b>Su efecto refrescante e iluminador (con niacinamida) es ideal para tratar ojeras oscuras y reducir la hinchaz\u00f3n matutina.<\/p>\n<p><b>Ingredientes principales<\/b><\/p>\n<p><b>4 tipos de col\u00e1geno y PDRN: <\/b>Potencian la elasticidad y restauran la flexibilidad de la piel.<\/p>\n<p><b>Complejo de Probi\u00f3ticos (Probioderm): <\/b>Fortalece la barrera de humedad y mantiene un entorno saludable en la piel.<\/p>\n<p><b>Niacinamida y Adenosina: <\/b>Trabajan para iluminar la mirada y suavizar las arrugas de expresi\u00f3n.<\/p>\n<p><b>\u00c1cido Hialur\u00f3nico y Pantenol:<\/b> Aseguran una hidrataci\u00f3n multinivel y calman la piel sensible.<span class=\"Apple-converted-space\">\u00a0<\/span><\/p>\n<p>&nbsp;<\/p>\n<p><b>Modo de Empleo<\/b><\/p>\n<p>Tras lavar el rostro, aplica un t\u00f3nico para preparar la piel.<\/p>\n<p>Usa la esp\u00e1tula incluida para colocar el parche bajo el ojo (o en otras zonas como los pliegues nasolabiales).<\/p>\n<p>D\u00e9jalos actuar durante unos 20-30 minutos. Notar\u00e1s que el parche se vuelve transparente cuando los activos se han absorbido.<\/p>\n<p>Retira los parches y da ligeros toques con los dedos para que la esencia restante se absorba por completo.<span class=\"Apple-converted-space\">\u00a0<\/span><\/p>\n<p>&nbsp;<\/p>\n<p><b>Precauciones<\/b><\/p>\n<p>Antes de usar, realice una prueba de sensibilidad en el dorso de la mano para comprobar si hay posibles reacciones al\u00e9rgicas. Mantener fuera del alcance de los ni\u00f1os, alejado de la luz solar directa y a temperatura ambiente. En caso de contacto con los ojos, enjuagar con agua. Si se produce una reacci\u00f3n al\u00e9rgica, suspenda su uso y consulte a un m\u00e9dico.<\/p>\n<p>&nbsp;<\/p>\n<p>* Esta descripci\u00f3n ha sido creada por AI a partir de la informaci\u00f3n facilitada por la marca. Aunque nos esforzamos por ser precisos, tenga en cuenta que pueden producirse algunos errores. Por favor, verifique los detalles del producto de forma independiente.<\/p>\n","protected":false},"excerpt":{"rendered":"<p>Bioheal BOH Probioderm Collagen Remodeling Eye Patch son los parches de hidrogel dise\u00f1ado para rejuvenecer y reafirmar el \u00e1rea delicada debajo de los ojos. Su tecnolog\u00eda se distingue porque el parche se vuelve transparente a medida que la piel absorbe los ingredientes activos.<span class=\"Apple-converted-space\">\u00a0<\/span><\/p>\n","protected":false},"featured_media":5727,"comment_status":"closed","ping_status":"closed","template":"","meta":[],"product_brand":[984],"product_cat":[687,868,691,833],"product_tag":[699,704,706,708,756,566,720,715],"class_list":{"0":"post-9048","1":"product","2":"type-product","3":"status-publish","4":"has-post-thumbnail","6":"product_brand-bioheal-boh","7":"product_cat-cuidado-facial","8":"product_cat-novedades","9":"product_cat-para-el-contorno-de-ojos","10":"product_cat-parches-para-ojos","11":"product_tag-arrugas","12":"product_tag-colageno","13":"product_tag-hinchazon","14":"product_tag-para-ojos","15":"product_tag-parches","16":"product_tag-pdrn","17":"product_tag-peptidos","18":"product_tag-piel-madura","20":"first","21":"instock","22":"taxable","23":"shipping-taxable","24":"purchasable","25":"product-type-simple"},"_links":{"self":[{"href":"https:\/\/koreanwonder.com\/es\/wp-json\/wp\/v2\/product\/9048","targetHints":{"allow":["GET"]}}],"collection":[{"href":"https:\/\/koreanwonder.com\/es\/wp-json\/wp\/v2\/product"}],"about":[{"href":"https:\/\/koreanwonder.com\/es\/wp-json\/wp\/v2\/types\/product"}],"replies":[{"embeddable":true,"href":"https:\/\/koreanwonder.com\/es\/wp-json\/wp\/v2\/comments?post=9048"}],"version-history":[{"count":1,"href":"https:\/\/koreanwonder.com\/es\/wp-json\/wp\/v2\/product\/9048\/revisions"}],"predecessor-version":[{"id":9067,"href":"https:\/\/koreanwonder.com\/es\/wp-json\/wp\/v2\/product\/9048\/revisions\/9067"}],"wp:featuredmedia":[{"embeddable":true,"href":"https:\/\/koreanwonder.com\/es\/wp-json\/wp\/v2\/media\/5727"}],"wp:attachment":[{"href":"https:\/\/koreanwonder.com\/es\/wp-json\/wp\/v2\/media?parent=9048"}],"wp:term":[{"taxonomy":"product_brand","embeddable":true,"href":"https:\/\/koreanwonder.com\/es\/wp-json\/wp\/v2\/product_brand?post=9048"},{"taxonomy":"product_cat","embeddable":true,"href":"https:\/\/koreanwonder.com\/es\/wp-json\/wp\/v2\/product_cat?post=9048"},{"taxonomy":"product_tag","embeddable":true,"href":"https:\/\/koreanwonder.com\/es\/wp-json\/wp\/v2\/product_tag?post=9048"}],"curies":[{"name":"wp","href":"https:\/\/api.w.org\/{rel}","templated":true}]}}