{"id":9045,"date":"2026-04-05T20:34:32","date_gmt":"2026-04-05T20:34:32","guid":{"rendered":"https:\/\/koreanwonder.com\/?post_type=product&#038;p=9045"},"modified":"2026-04-05T20:37:07","modified_gmt":"2026-04-05T20:37:07","slug":"round-lab-pine-calming-cica-shampoo-400ml","status":"publish","type":"product","link":"https:\/\/koreanwonder.com\/es\/product\/round-lab-pine-calming-cica-shampoo-400ml\/","title":{"rendered":"Round Lab Pine Calming Cica Shampoo, 400ml"},"content":{"rendered":"<p><b>Beneficios clave<\/b><\/p>\n<p><b>Alivio del cuero cabelludo irritado:<\/b> Utiliza el complejo patentado Pine Cica Activer\u2122, que combina extracto de hoja de pino, glicoprote\u00ednas y cinco tipos de ingredientes de Centella Asi\u00e1tica (Cica) para calmar r\u00e1pidamente el enrojecimiento y la sensibilidad causados por est\u00edmulos externos.<\/p>\n<p><b>Exfoliaci\u00f3n suave sin irritaci\u00f3n: <\/b>Contiene una mezcla de LHA, PHA y BHA (\u00e1cidos exfoliantes) que eliminan eficazmente las c\u00e9lulas muertas y el exceso de queratina que obstruye los poros, favoreciendo un entorno limpio para el crecimiento del cabello.<\/p>\n<p><b>Control de grasa y sebo:<\/b> Formulado con el complejo ACZERO, ayuda a regular la producci\u00f3n excesiva de aceite y sebo, lo que reduce el brillo no deseado y el mal olor del cuero cabelludo.<\/p>\n<p><b>Prevenci\u00f3n de la ca\u00edda: <\/b>Se clasifica como un producto funcional que ayuda a mitigar la p\u00e9rdida de cabello al mejorar la salud general del cuero cabelludo y fortalecer la barrera cut\u00e1nea.<\/p>\n<p><b>F\u00f3rmula equilibrada y segura: <\/b>Tiene un pH ligeramente \u00e1cido (4-6) similar al de la piel sana para mantener el equilibrio de hidrataci\u00f3n. Adem\u00e1s, es libre de siliconas y sulfatos, lo que evita la sensaci\u00f3n de pesadez o acumulaci\u00f3n de residuos.<\/p>\n<p><b>Acci\u00f3n anticaspa:<\/b> Incluye Climbazole, un ingrediente que ataca las causas de la descamaci\u00f3n para mantener el cuero cabelludo libre de caspa.<\/p>\n<p>&nbsp;<\/p>\n<p><b>Tipos de Cuero Cabelludo y Cabello<\/b><\/p>\n<p><b>Cuero cabelludo sensible: <\/b>Ideal para quienes experimentan irritaci\u00f3n por est\u00edmulos externos o quemaz\u00f3n.<\/p>\n<p><b>Cuero cabelludo graso o con caspa: <\/b>Contiene ingredientes como ACZERO y climbazol que ayudan a controlar la producci\u00f3n excesiva de sebo y combatir la causa de la caspa.<\/p>\n<p><b>Cabello con tendencia a la ca\u00edda: <\/b>Est\u00e1 clasificado como un producto funcional que ayuda a aliviar los s\u00edntomas de la p\u00e9rdida de cabello al mejorar la salud del fol\u00edculo.<\/p>\n<p><b>Cabello opaco o pesado:<\/b> Su textura ligera y espumosa limpia profundamente sin dejar residuos pegajosos, aportando volumen y suavidad.<\/p>\n<p>&nbsp;<\/p>\n<p><b>Ingredientes Activos Principales<\/b><\/p>\n<p><b>Extracto de Hoja de Pino (Pinus Densiflora):<\/b> Ingrediente insignia que proporciona propiedades antimicrobianas y calmantes.<\/p>\n<p><b>Cica (Complejo de Centella Asi\u00e1tica):<\/b> Incluye extracto de Centella Asiatica, Madecassoside, Asiatic Acid y Madecassic Acid para reparar y aliviar la irritaci\u00f3n del cuero cabelludo.<\/p>\n<p><b>\u00c1cido Salic\u00edlico (BHA): <\/b>Act\u00faa como exfoliante para eliminar el exceso de sebo y c\u00e9lulas muertas, ayudando tambi\u00e9n en el cuidado contra la ca\u00edda del cabello.<\/p>\n<p><b>LHA y PHA (Capriloil \u00c1cido Salic\u00edlico y Gluconolactona):<\/b> Exfoliantes suaves de nueva generaci\u00f3n que limpian los poros sin irritar.<\/p>\n<p><b>Niacinamida: <\/b>Ayuda a fortalecer la barrera del cuero cabelludo y mejorar su textura.<\/p>\n<p><b>Pantenol (Provitamina B5): <\/b>Acondicionador que hidrata y calma la piel sensible.<span class=\"Apple-converted-space\">\u00a0<\/span><\/p>\n<p><b>Mentol y Aceite de Menta:<\/b> Proporcionan una sensaci\u00f3n refrescante y alivian el picor.<\/p>\n<p><b>Climbazol:<\/b> Un agente antimicrobiano que ayuda a controlar problemas del cuero cabelludo como la caspa.<\/p>\n<p>&nbsp;<\/p>\n<p><b>Modo de Empleo<\/b><\/p>\n<p>Moja completamente el cabello y el cuero cabelludo con agua tibia.<\/p>\n<p>Dosifica una cantidad adecuada de champ\u00fa en las manos y apl\u00edcalo uniformemente sobre el cuero cabelludo.<\/p>\n<p>Realiza un masaje suave con la yema de los dedos por todo el cuero cabelludo hasta crear una espuma densa.<\/p>\n<p>Deja actuar el producto entre 2 y 3 minutos. Este paso es clave para que los ingredientes activos calmen la irritaci\u00f3n y los \u00e1cidos LHA\/PHA\/BHA eliminen las impurezas.<\/p>\n<p>Enjuaga profundamente con agua tibia, asegur\u00e1ndote de que no queden residuos en el pelo.<span class=\"Apple-converted-space\">\u00a0<\/span><\/p>\n<p><b>Frecuencia: <\/b>Es apto para uso diario gracias a su f\u00f3rmula suave y refrescante.<\/p>\n<p><b>Precauciones:<\/b> Evita el contacto con los ojos. Si notas alguna reacci\u00f3n al\u00e9rgica o irritaci\u00f3n inusual, suspende su uso inmediatamente.<\/p>\n<p><b>Complemento: <\/b>Para potenciar el efecto calmante, puedes seguir con el acondicionador o tratamiento habitual.<\/p>\n<p>&nbsp;<\/p>\n<p><b>Precauciones<\/b><\/p>\n<p>Antes de usar, realice una prueba de sensibilidad en el dorso de la mano para comprobar si hay posibles reacciones al\u00e9rgicas. Mantener fuera del alcance de los ni\u00f1os, alejado de la luz solar directa y a temperatura ambiente. En caso de contacto con los ojos, enjuagar con agua. Si se produce una reacci\u00f3n al\u00e9rgica, suspenda su uso y consulte a un m\u00e9dico.<\/p>\n<p>&nbsp;<\/p>\n<p>* Esta descripci\u00f3n ha sido creada por AI a partir de la informaci\u00f3n facilitada por la marca. Aunque nos esforzamos por ser precisos, tenga en cuenta que pueden producirse algunos errores. Por favor, verifique los detalles del producto de forma independiente.<\/p>\n","protected":false},"excerpt":{"rendered":"<p>Round Lab Pine Calming Cica Shampoo es un champ\u00fa funcional dise\u00f1ado principalmente para calmar el cuero cabelludo sensible y aliviar los s\u00edntomas de la ca\u00edda del cabello mediante una limpieza profunda pero suave.<span class=\"Apple-converted-space\">\u00a0<\/span><\/p>\n","protected":false},"featured_media":5710,"comment_status":"closed","ping_status":"closed","template":"","meta":[],"product_brand":[920],"product_cat":[759,721,758,868,761],"product_tag":[762,694,743,746],"class_list":{"0":"post-9045","1":"product","2":"type-product","3":"status-publish","4":"has-post-thumbnail","6":"product_brand-round-lab","7":"product_cat-champus","8":"product_cat-cosmetica-para-hombres","9":"product_cat-cuidado-del-cabello","10":"product_cat-novedades","11":"product_cat-tratamientos-para-la-caida-del-cabello","12":"product_tag-cabello","13":"product_tag-calmante","14":"product_tag-grasa","15":"product_tag-sebo","17":"first","18":"instock","19":"taxable","20":"shipping-taxable","21":"purchasable","22":"product-type-simple"},"_links":{"self":[{"href":"https:\/\/koreanwonder.com\/es\/wp-json\/wp\/v2\/product\/9045","targetHints":{"allow":["GET"]}}],"collection":[{"href":"https:\/\/koreanwonder.com\/es\/wp-json\/wp\/v2\/product"}],"about":[{"href":"https:\/\/koreanwonder.com\/es\/wp-json\/wp\/v2\/types\/product"}],"replies":[{"embeddable":true,"href":"https:\/\/koreanwonder.com\/es\/wp-json\/wp\/v2\/comments?post=9045"}],"version-history":[{"count":1,"href":"https:\/\/koreanwonder.com\/es\/wp-json\/wp\/v2\/product\/9045\/revisions"}],"predecessor-version":[{"id":9064,"href":"https:\/\/koreanwonder.com\/es\/wp-json\/wp\/v2\/product\/9045\/revisions\/9064"}],"wp:featuredmedia":[{"embeddable":true,"href":"https:\/\/koreanwonder.com\/es\/wp-json\/wp\/v2\/media\/5710"}],"wp:attachment":[{"href":"https:\/\/koreanwonder.com\/es\/wp-json\/wp\/v2\/media?parent=9045"}],"wp:term":[{"taxonomy":"product_brand","embeddable":true,"href":"https:\/\/koreanwonder.com\/es\/wp-json\/wp\/v2\/product_brand?post=9045"},{"taxonomy":"product_cat","embeddable":true,"href":"https:\/\/koreanwonder.com\/es\/wp-json\/wp\/v2\/product_cat?post=9045"},{"taxonomy":"product_tag","embeddable":true,"href":"https:\/\/koreanwonder.com\/es\/wp-json\/wp\/v2\/product_tag?post=9045"}],"curies":[{"name":"wp","href":"https:\/\/api.w.org\/{rel}","templated":true}]}}