{"id":8949,"date":"2026-04-05T20:34:21","date_gmt":"2026-04-05T20:34:21","guid":{"rendered":"https:\/\/koreanwonder.com\/?post_type=product&#038;p=8949"},"modified":"2026-04-05T20:37:04","modified_gmt":"2026-04-05T20:37:04","slug":"medipeel-hyaluron-aqua-peptide-9-ampoule-eye-patch-60-parches","status":"publish","type":"product","link":"https:\/\/koreanwonder.com\/es\/product\/medipeel-hyaluron-aqua-peptide-9-ampoule-eye-patch-60-parches\/","title":{"rendered":"Medipeel+ Hyaluron Aqua Peptide 9 Ampoule Eye Patch, 60 parches"},"content":{"rendered":"<p><b>Beneficios Principales<\/b><\/p>\n<p><b>Hidrataci\u00f3n multinivel:<\/b> Utilizan un complejo de varios tipos de \u00e1cido hialur\u00f3nico para atraer y retener humedad en las capas profundas de la piel, eliminando la sensaci\u00f3n de tirantez y sequedad.<\/p>\n<p><b>Acci\u00f3n rejuvenecedora : <\/b>Gracias a su complejo de 9 p\u00e9ptidos, estimulan la producci\u00f3n de col\u00e1geno y elastina, lo que ayuda a suavizar arrugas m\u00edmicas y mejorar la elasticidad de la piel fl\u00e1cida.<\/p>\n<p><b>Reducci\u00f3n de bolsas y ojeras: <\/b>Contienen extractos marinos y perlas que ayudan a iluminar la zona, atenuar el tono oscuro de las ojeras y desinflamar las bolsas bajo los ojos.<\/p>\n<p><b>Efecto refrescante inmediato: <\/b>Su material de hidrogel proporciona un alivio instant\u00e1neo y una sensaci\u00f3n de frescura que calma la piel cansada.<\/p>\n<p><b>Versatilidad (Multi-parche): <\/b>Aunque est\u00e1n dise\u00f1ados para los ojos, pueden aplicarse eficazmente en otras zonas con l\u00edneas de expresi\u00f3n, como el entrecejo, la frente y los surcos nasolabiales.<span class=\"Apple-converted-space\">\u00a0<\/span><\/p>\n<p>&nbsp;<\/p>\n<p><b>Tipos de piel recomendados<\/b><\/p>\n<p><b>Piel Seca y Deshidratada:<\/b> Su complejo de 9 tipos de \u00e1cido hialur\u00f3nico penetra en diferentes capas de la piel para restaurar la humedad y eliminar la sensaci\u00f3n de tirantez.<\/p>\n<p><b>Piel con Signos de Envejecimiento:<\/b> Recomendado para pieles que han perdido firmeza. Los p\u00e9ptidos y el col\u00e1geno ayudan a suavizar l\u00edneas de expresi\u00f3n y mejorar la elasticidad.<\/p>\n<p><b>Piel Sensible:<\/b> Expertos destacan que son suaves y no suelen causar irritaci\u00f3n, siendo aptos para la delicada zona del contorno de ojos.<\/p>\n<p><b>Piel Cansada:<\/b> Ideal para personas con bolsas u ojeras, ya que ingredientes como el extracto de perla y algas marinas ayudan a iluminar y descongestionar la mirada.<\/p>\n<p>&nbsp;<\/p>\n<p><b>Ingredientes Clave<\/b><\/p>\n<p><b>9 Tipos de P\u00e9ptidos: <\/b>Fortalecen la barrera cut\u00e1nea y combaten el envejecimiento celular.<\/p>\n<p><b>\u00c1cido Hialur\u00f3nico: <\/b>El ingrediente clave para una hidrataci\u00f3n duradera y un efecto \u00abrelleno\u00bb en l\u00edneas finas.<\/p>\n<p><b>Extractos de Algas y Perla: <\/b>Nutren profundamente y aportan luminosidad para una mirada m\u00e1s descansada.<\/p>\n<p><b>Alanto\u00edna y Beta\u00edna: <\/b>Suavizan la textura de la piel y calman posibles irritaciones.<span class=\"Apple-converted-space\">\u00a0<\/span><\/p>\n<p>&nbsp;<\/p>\n<p><b>Modo de Empleo<\/b><\/p>\n<p><b>Limpieza: <\/b>Aplicar sobre la piel limpia y tonificada.<\/p>\n<p><b>Tiempo:<\/b> Dejar actuar entre 10 y 20 minutos.<\/p>\n<p><b>Finalizaci\u00f3n: <\/b>Retirar y dar peque\u00f1os toques con los dedos para que se absorba el suero restante; no requiere enjuague.<\/p>\n<p><b>Tip Pro: <\/b>Guardarlos en el refrigerador potencia su efecto descongestionante y antiinflamatorio.<\/p>\n<p><span class=\"Apple-converted-space\">\u00a0<\/span><\/p>\n<p><b>Precauciones<\/b><\/p>\n<p>1) Consulte a un profesional de la salud si experimenta s\u00edntomas o efectos secundarios inusuales, como sarpullido, hinchaz\u00f3n o picaz\u00f3n durante el uso o despu\u00e9s de la exposici\u00f3n a la luz solar directa.<\/p>\n<p>2) No lo use sobre heridas u otras \u00e1reas afectadas.<\/p>\n<p>3) Instrucciones de almacenamiento y uso<\/p>\n<p>a) Mant\u00e9ngalo fuera del alcance de los ni\u00f1os.<\/p>\n<p>b) Mant\u00e9ngalo alejado de la luz solar directa.<\/p>\n<p>&nbsp;<\/p>\n<p>* Esta descripci\u00f3n ha sido creada por AI a partir de la informaci\u00f3n facilitada por la marca. Aunque nos esforzamos por ser precisos, tenga en cuenta que pueden producirse algunos errores. Por favor, verifique los detalles del producto de forma independiente.<\/p>\n","protected":false},"excerpt":{"rendered":"<p>Medi-Peel Hyaluron Aqua Peptide 9 Ampoule Eye Patch son los parches de hidrogel dise\u00f1ados para proporcionar una hidrataci\u00f3n profunda y mejorar la elasticidad de la zona del contorno de ojos.<\/p>\n","protected":false},"featured_media":5522,"comment_status":"closed","ping_status":"closed","template":"","meta":[],"product_brand":[932],"product_cat":[687,691,833],"product_tag":[699,706,708,756,720],"class_list":{"0":"post-8949","1":"product","2":"type-product","3":"status-publish","4":"has-post-thumbnail","6":"product_brand-medipeel","7":"product_cat-cuidado-facial","8":"product_cat-para-el-contorno-de-ojos","9":"product_cat-parches-para-ojos","10":"product_tag-arrugas","11":"product_tag-hinchazon","12":"product_tag-para-ojos","13":"product_tag-parches","14":"product_tag-peptidos","16":"first","17":"instock","18":"taxable","19":"shipping-taxable","20":"purchasable","21":"product-type-simple"},"_links":{"self":[{"href":"https:\/\/koreanwonder.com\/es\/wp-json\/wp\/v2\/product\/8949","targetHints":{"allow":["GET"]}}],"collection":[{"href":"https:\/\/koreanwonder.com\/es\/wp-json\/wp\/v2\/product"}],"about":[{"href":"https:\/\/koreanwonder.com\/es\/wp-json\/wp\/v2\/types\/product"}],"replies":[{"embeddable":true,"href":"https:\/\/koreanwonder.com\/es\/wp-json\/wp\/v2\/comments?post=8949"}],"version-history":[{"count":1,"href":"https:\/\/koreanwonder.com\/es\/wp-json\/wp\/v2\/product\/8949\/revisions"}],"predecessor-version":[{"id":8956,"href":"https:\/\/koreanwonder.com\/es\/wp-json\/wp\/v2\/product\/8949\/revisions\/8956"}],"wp:featuredmedia":[{"embeddable":true,"href":"https:\/\/koreanwonder.com\/es\/wp-json\/wp\/v2\/media\/5522"}],"wp:attachment":[{"href":"https:\/\/koreanwonder.com\/es\/wp-json\/wp\/v2\/media?parent=8949"}],"wp:term":[{"taxonomy":"product_brand","embeddable":true,"href":"https:\/\/koreanwonder.com\/es\/wp-json\/wp\/v2\/product_brand?post=8949"},{"taxonomy":"product_cat","embeddable":true,"href":"https:\/\/koreanwonder.com\/es\/wp-json\/wp\/v2\/product_cat?post=8949"},{"taxonomy":"product_tag","embeddable":true,"href":"https:\/\/koreanwonder.com\/es\/wp-json\/wp\/v2\/product_tag?post=8949"}],"curies":[{"name":"wp","href":"https:\/\/api.w.org\/{rel}","templated":true}]}}