{"id":8948,"date":"2026-04-05T20:34:21","date_gmt":"2026-04-05T20:34:21","guid":{"rendered":"https:\/\/koreanwonder.com\/?post_type=product&#038;p=8948"},"modified":"2026-04-05T20:37:04","modified_gmt":"2026-04-05T20:37:04","slug":"numbuzin-no-9-nad-bio-lifting-sil-essence-30ml","status":"publish","type":"product","link":"https:\/\/koreanwonder.com\/es\/product\/numbuzin-no-9-nad-bio-lifting-sil-essence-30ml\/","title":{"rendered":"Numbuzin No.9 NAD + BIO Lifting-Sil Essence, 30ml"},"content":{"rendered":"<p><b>Beneficios:<\/b><\/p>\n<p><b>Efecto Lifting y Reafirmante:<\/b> Su textura el\u00e1stica y sedosa se absorbe r\u00e1pidamente, proporcionando un efecto tensor que mejora la apariencia de l\u00edneas finas y arrugas.\u200b<\/p>\n<p><b>Resultados Cl\u00ednicamente Comprobados: <\/b>En solo 4 semanas, se ha demostrado una reducci\u00f3n significativa en 11 tipos de arrugas, incluyendo l\u00edneas de la frente, patas de gallo y l\u00edneas del cuello.\u200b<\/p>\n<p><b>Apto para Todo Tipo de Piel: <\/b>Especialmente beneficioso para pieles que buscan combatir la flacidez, las arrugas y la p\u00e9rdida de elasticidad.<\/p>\n<p>\u200b<\/p>\n<p><b>Ingredientes:<\/b><\/p>\n<p><b>NAD+ (Nicotinamida Adenina Dinucle\u00f3tido): <\/b>Conocido por su capacidad para promover la renovaci\u00f3n celular y estimular la producci\u00f3n de col\u00e1geno, ayudando a mejorar la elasticidad y firmeza de la piel.\u200b<\/p>\n<p><b>Complejo de 50 P\u00e9ptidos<\/b>: Una combinaci\u00f3n poderosa que nutre profundamente la piel, rellenando las l\u00edneas finas o arrugas y reafirmando para una apariencia m\u00e1s juvenil.\u200b<\/p>\n<p><b>Glutati\u00f3n y Vitamina C:<\/b> Antioxidantes potentes que protegen la piel del da\u00f1o ambiental y la exposici\u00f3n solar y mejoran la luminosidad, proporcionando un tono m\u00e1s uniforme y radiante.\u200b<\/p>\n<p>&nbsp;<\/p>\n<p><b>Modo de Uso:<\/b><\/p>\n<p>Toma una cantidad adecuada, enti\u00e9ndela suavemente en la direcci\u00f3n de la textura de la piel y da ligeros toques para favorecer su absorci\u00f3n.<\/p>\n<p>&nbsp;<\/p>\n<p><b>Precauciones<\/b><\/p>\n<p>Antes de usar, realice una prueba en el dorso de la mano para detectar posibles reacciones al\u00e9rgicas. Mantener fuera del alcance de los ni\u00f1os, alejado de la luz solar directa y a temperatura ambiente. En caso de contacto con los ojos, enjuagar con agua. Si se produce una reacci\u00f3n al\u00e9rgica, suspenda su uso y consulte a un m\u00e9dico.<\/p>\n<p>&nbsp;<\/p>\n<p>* Esta descripci\u00f3n ha sido creada por AI a partir de la informaci\u00f3n facilitada por la marca. Aunque nos esforzamos por ser precisos, tenga en cuenta que pueden producirse algunos errores. Por favor, verifique los detalles del producto de forma independiente.<\/p>\n","protected":false},"excerpt":{"rendered":"<p>Numbuzin No.9 NAD Bio Lifting Essence es una esencia lifting altamente concentrada dise\u00f1ada para mejorar la firmeza y elasticidad de la piel, a la vez que combate las arrugas y los signos de la edad.<\/p>\n","protected":false},"featured_media":5520,"comment_status":"closed","ping_status":"closed","template":"","meta":[],"product_brand":[927],"product_cat":[687,698,711,689],"product_tag":[699,709,712,741,720,661,702,715],"class_list":{"0":"post-8948","1":"product","2":"type-product","3":"status-publish","4":"has-post-thumbnail","6":"product_brand-numbuzin","7":"product_cat-cuidado-facial","8":"product_cat-essencia","9":"product_cat-miniaturas-probadores","10":"product_cat-serums","11":"product_tag-arrugas","12":"product_tag-esencia","13":"product_tag-miniatura-muestra","14":"product_tag-opacidad","15":"product_tag-peptidos","16":"product_tag-piel-apagada","17":"product_tag-piel_sensible","18":"product_tag-piel-madura","20":"first","21":"instock","22":"taxable","23":"shipping-taxable","24":"purchasable","25":"product-type-simple"},"_links":{"self":[{"href":"https:\/\/koreanwonder.com\/es\/wp-json\/wp\/v2\/product\/8948","targetHints":{"allow":["GET"]}}],"collection":[{"href":"https:\/\/koreanwonder.com\/es\/wp-json\/wp\/v2\/product"}],"about":[{"href":"https:\/\/koreanwonder.com\/es\/wp-json\/wp\/v2\/types\/product"}],"replies":[{"embeddable":true,"href":"https:\/\/koreanwonder.com\/es\/wp-json\/wp\/v2\/comments?post=8948"}],"version-history":[{"count":1,"href":"https:\/\/koreanwonder.com\/es\/wp-json\/wp\/v2\/product\/8948\/revisions"}],"predecessor-version":[{"id":8955,"href":"https:\/\/koreanwonder.com\/es\/wp-json\/wp\/v2\/product\/8948\/revisions\/8955"}],"wp:featuredmedia":[{"embeddable":true,"href":"https:\/\/koreanwonder.com\/es\/wp-json\/wp\/v2\/media\/5520"}],"wp:attachment":[{"href":"https:\/\/koreanwonder.com\/es\/wp-json\/wp\/v2\/media?parent=8948"}],"wp:term":[{"taxonomy":"product_brand","embeddable":true,"href":"https:\/\/koreanwonder.com\/es\/wp-json\/wp\/v2\/product_brand?post=8948"},{"taxonomy":"product_cat","embeddable":true,"href":"https:\/\/koreanwonder.com\/es\/wp-json\/wp\/v2\/product_cat?post=8948"},{"taxonomy":"product_tag","embeddable":true,"href":"https:\/\/koreanwonder.com\/es\/wp-json\/wp\/v2\/product_tag?post=8948"}],"curies":[{"name":"wp","href":"https:\/\/api.w.org\/{rel}","templated":true}]}}