{"id":8789,"date":"2026-04-05T20:33:58","date_gmt":"2026-04-05T20:33:58","guid":{"rendered":"https:\/\/koreanwonder.com\/?post_type=product&#038;p=8789"},"modified":"2026-04-05T20:36:58","modified_gmt":"2026-04-05T20:36:58","slug":"esfolio-vitamin-c-ampoule-mask-sheet","status":"publish","type":"product","link":"https:\/\/koreanwonder.com\/es\/product\/esfolio-vitamin-c-ampoule-mask-sheet\/","title":{"rendered":"Esfolio Vitamin C Ampoule Mask Sheet"},"content":{"rendered":"<p><b>Beneficios Principales<\/b><\/p>\n<p><b>Iluminaci\u00f3n de la piel: <\/b>Ayuda a lograr un tono de piel radiante y uniforme.<\/p>\n<p><b>Unificaci\u00f3n del tono:<\/b> Contribuye a atenuar la apariencia de manchas oscuras e hiperpigmentaci\u00f3n.<\/p>\n<p><b>Hidrataci\u00f3n profunda:<\/b> Llena el rostro de hidrataci\u00f3n y nutrientes esenciales.<\/p>\n<p><b>Protecci\u00f3n antioxidante: <\/b>Su f\u00f3rmula antioxidante combate los da\u00f1os causados por los radicales libres.<\/p>\n<p><b>Mejora de la textura: <\/b>Ayuda a mejorar la textura de la piel, dej\u00e1ndola con un aspecto m\u00e1s suave y revitalizado.<\/p>\n<p>&nbsp;<\/p>\n<p><b>Tipos de Piel Recomendados<\/b><\/p>\n<p><b>Piel apagada o sin brillo:<\/b> La vitamina C es conocida por sus propiedades iluminadoras, que ayudan a restaurar un brillo saludable y juvenil.<\/p>\n<p><b>Piel con tono desigual o manchas oscuras: <\/b>Ayuda a unificar el tono de la piel y a atenuar las manchas oscuras y la hiperpigmentaci\u00f3n al difundir el exceso de melanina.<\/p>\n<p><b>Piel sensible: <\/b>Formulada con extractos naturales de naranja y lim\u00f3n, tiene un efecto calmante y es adecuada para pieles propensas a la irritaci\u00f3n.<\/p>\n<p><b>Piel con exceso de sebo o poros dilatados: <\/b>Los ingredientes ayudan a controlar el exceso de grasa y a mejorar la textura general de la piel.<\/p>\n<p><b>Piel seca: <\/b>Proporciona una hidrataci\u00f3n profunda, lo que ayuda a prevenir la sequedad y a mantener la humedad en la piel.<\/p>\n<p>&nbsp;<\/p>\n<p><b>Ingredientes Clave<span class=\"Apple-converted-space\">\u00a0<\/span><\/b><\/p>\n<p><b>\u00c1cido asc\u00f3rbico (Vitamina C):<\/b> Este ingrediente es un potente antioxidante que ayuda a combatir los radicales libres, promueve la producci\u00f3n de col\u00e1geno, ilumina el tono de la piel y reduce la aparici\u00f3n de manchas de pigmentaci\u00f3n, pecas y marcas de acn\u00e9.<\/p>\n<p><b>Hialuronato de sodio: <\/b>Un ingrediente id\u00e9ntico a la piel y un humectante eficaz que hidrata profundamente la piel, ayuda a retener la humedad y mejora la textura general de la piel.<\/p>\n<p><b>Extracto de naranja y lim\u00f3n: <\/b>Estos extractos naturales ayudan a calmar la piel sensible, adem\u00e1s de contribuir al efecto iluminador y revitalizante general de la mascarilla.<\/p>\n<p><b>Extracto de fruta de kiwi y pitahaya (fruta del drag\u00f3n):<\/b> Contribuyen a la s\u00edntesis de col\u00e1geno y elastina, neutralizan los radicales libres, y restauran el brillo de la piel, dej\u00e1ndola firme y sedosa.<\/p>\n<p>&nbsp;<\/p>\n<p><b>Modo de Empleo<\/b><\/p>\n<p>Aplicar una cantidad adecuada en el rostro h\u00famedo y masajear suavemente haciendo espuma. Aclarar con abundante agua tibia.<\/p>\n<p>&nbsp;<\/p>\n<p><b>Precauciones<\/b><\/p>\n<p>1) Consulte a un profesional de la salud si experimenta s\u00edntomas o efectos secundarios inusuales, como sarpullido, hinchaz\u00f3n o picaz\u00f3n durante el uso o por exposici\u00f3n a la luz solar directa despu\u00e9s de usarlo.<\/p>\n<p>2) No lo use sobre heridas ni otras zonas afectadas.<\/p>\n<p>3) Instrucciones de almacenamiento y uso<\/p>\n<p>a) Mantener fuera del alcance de los ni\u00f1os.<\/p>\n<p>b) Mantener alejado de la luz solar directa.<\/p>\n<p>&nbsp;<\/p>\n<p>* Esta descripci\u00f3n fue creada por IA y forma parte de la informaci\u00f3n proporcionada por la marca. Si experimenta alg\u00fan s\u00edntoma o efecto secundario inusual, consulte a un profesional de la salud, ya que podr\u00eda estar infringiendo alg\u00fan error. Verifique los detalles del producto de forma independiente.<\/p>\n","protected":false},"excerpt":{"rendered":"<p>Esfolio Vitamin C Ampoule Mask Sheet es una mascarilla facial iluminadora de tejido enriquecida con vitamina C. Est\u00e1 dise\u00f1ada para unificar el tono de la piel, reducir las manchas oscuras e hidratar profundamente el rostro.<span class=\"Apple-converted-space\">\u00a0<\/span><\/p>\n","protected":false},"featured_media":6638,"comment_status":"closed","ping_status":"closed","template":"","meta":[],"product_brand":[979],"product_cat":[687,765,695],"product_tag":[714,697,741,661,662],"class_list":{"0":"post-8789","1":"product","2":"type-product","3":"status-publish","4":"has-post-thumbnail","6":"product_brand-esfolio","7":"product_cat-cuidado-facial","8":"product_cat-mascarilla-de-tela","9":"product_cat-mascarillas-faciales","10":"product_tag-manchas","11":"product_tag-mascarilla","12":"product_tag-opacidad","13":"product_tag-piel-apagada","14":"product_tag-pigmentacion","16":"first","17":"instock","18":"taxable","19":"shipping-taxable","20":"purchasable","21":"product-type-simple"},"_links":{"self":[{"href":"https:\/\/koreanwonder.com\/es\/wp-json\/wp\/v2\/product\/8789","targetHints":{"allow":["GET"]}}],"collection":[{"href":"https:\/\/koreanwonder.com\/es\/wp-json\/wp\/v2\/product"}],"about":[{"href":"https:\/\/koreanwonder.com\/es\/wp-json\/wp\/v2\/types\/product"}],"replies":[{"embeddable":true,"href":"https:\/\/koreanwonder.com\/es\/wp-json\/wp\/v2\/comments?post=8789"}],"version-history":[{"count":1,"href":"https:\/\/koreanwonder.com\/es\/wp-json\/wp\/v2\/product\/8789\/revisions"}],"predecessor-version":[{"id":8819,"href":"https:\/\/koreanwonder.com\/es\/wp-json\/wp\/v2\/product\/8789\/revisions\/8819"}],"wp:featuredmedia":[{"embeddable":true,"href":"https:\/\/koreanwonder.com\/es\/wp-json\/wp\/v2\/media\/6638"}],"wp:attachment":[{"href":"https:\/\/koreanwonder.com\/es\/wp-json\/wp\/v2\/media?parent=8789"}],"wp:term":[{"taxonomy":"product_brand","embeddable":true,"href":"https:\/\/koreanwonder.com\/es\/wp-json\/wp\/v2\/product_brand?post=8789"},{"taxonomy":"product_cat","embeddable":true,"href":"https:\/\/koreanwonder.com\/es\/wp-json\/wp\/v2\/product_cat?post=8789"},{"taxonomy":"product_tag","embeddable":true,"href":"https:\/\/koreanwonder.com\/es\/wp-json\/wp\/v2\/product_tag?post=8789"}],"curies":[{"name":"wp","href":"https:\/\/api.w.org\/{rel}","templated":true}]}}