{"id":8765,"date":"2026-04-05T20:33:56","date_gmt":"2026-04-05T20:33:56","guid":{"rendered":"https:\/\/koreanwonder.com\/?post_type=product&#038;p=8765"},"modified":"2026-04-05T20:36:56","modified_gmt":"2026-04-05T20:36:56","slug":"fine-japan-ion-drink-22-sticks","status":"publish","type":"product","link":"https:\/\/koreanwonder.com\/es\/product\/fine-japan-ion-drink-22-sticks\/","title":{"rendered":"Fine Japan Ion Drink, 22 sticks"},"content":{"rendered":"<p><b>Caracter\u00edsticas Clave<\/b><\/p>\n<p><b>Reposici\u00f3n de electrolitos: <\/b>Ayuda a reponer minerales como sodio, potasio, calcio y magnesio, que son cruciales para la funci\u00f3n muscular y nerviosa adecuadas.<\/p>\n<p><b>Bajo en calor\u00edas y saludable:<\/b> La f\u00f3rmula es cero az\u00facar, cero grasa, cero conservantes y cero colorantes artificiales.<\/p>\n<p><b>Hidrataci\u00f3n eficiente: <\/b>Es una bebida hipot\u00f3nica, lo que permite una absorci\u00f3n de agua m\u00e1s suave y r\u00e1pida en el cuerpo en comparaci\u00f3n con el agua sola.<\/p>\n<p><b>Pr\u00e1ctico formato: <\/b>Se presenta en c\u00f3modos sobres individuales (sticks) que se disuelven f\u00e1cilmente en 500 ml de agua, ideal para llevar.<\/p>\n<p><b>Uso vers\u00e1til:<\/b> Se recomienda para beber antes, durante o despu\u00e9s del ejercicio, despu\u00e9s de un ba\u00f1o caliente, o a primera hora de la ma\u00f1ana para combatir la deshidrataci\u00f3n.<\/p>\n<p>&nbsp;<\/p>\n<p><b>Usuarios Recomendados<\/b><\/p>\n<p><b>Deportistas y personas que hacen ejercicio: <\/b>Es ideal para reponer l\u00edquidos, minerales y energ\u00eda perdidos durante sesiones de ejercicio intenso o prolongado. Esto incluye tanto a atletas profesionales como a personas que visitan el gimnasio regularmente (2-3 veces por semana).<\/p>\n<p><b>Personas en climas c\u00e1lidos o h\u00famedos: <\/b>Ayuda a mantener una hidrataci\u00f3n \u00f3ptima cuando se suda profusamente debido al calor, previniendo la deshidrataci\u00f3n.<\/p>\n<p><b>Adultos mayores:<\/b> Puede ser beneficiosa para ayudar a los adultos mayores a rehidratarse de manera efectiva, ya que a menudo tienen dificultades para beber grandes cantidades de agua a la vez.<\/p>\n<p><b>Personas con deshidrataci\u00f3n leve:<\/b> En general, es una opci\u00f3n adecuada para la rehidrataci\u00f3n diaria, ya que su composici\u00f3n es similar a la de los fluidos corporales, lo que permite una absorci\u00f3n m\u00e1s r\u00e1pida y efectiva que el agua sola.<\/p>\n<p>&nbsp;<\/p>\n<p><b>Ingredientes Clave<span class=\"Apple-converted-space\">\u00a0<\/span><\/b><\/p>\n<p><b>Electrolitos:<\/b> Contiene cloruro de potasio, lactato de calcio y carbonato de magnesio para ayudar a reponer los minerales esenciales perdidos a trav\u00e9s del sudor.<\/p>\n<p><b>Vitamina C:<\/b> Presente en todas las versiones, contribuye a la ingesta diaria de vitaminas, a menudo en dosis de 150 mg por sobre en la versi\u00f3n est\u00e1ndar.<\/p>\n<p><b>\u00c1cido c\u00edtrico: <\/b>Ayuda con la acidez y el sabor, adem\u00e1s de ser esencial para la producci\u00f3n de energ\u00eda.<\/p>\n<p>\u00a1Sin az\u00facar!<\/p>\n<p>\u00a1Sin grasa! Vitamina C 150 mg<\/p>\n<p>\u00a1Un sobre equivale a 500 ml de agua!<\/p>\n<p>\u00a1Sobre para verter f\u00e1cilmente en una botella!<\/p>\n<p>Sabor a bebida deportiva.<\/p>\n<p>9,1 kcal por sobre<\/p>\n<p>&nbsp;<\/p>\n<p><b>Modo de Empleo:<\/b><\/p>\n<p>Disuelva un sobre (3,2 g) en 500 ml de agua en una botella y mezcle bien.<\/p>\n<p>&nbsp;<\/p>\n<p><b>Precauci\u00f3n:<\/b><\/p>\n<p>Si no se siente bien despu\u00e9s de tomar este producto, reduzca la dosis o deje de tomarlo.<\/p>\n<p>Mantener fuera del alcance de los ni\u00f1os.<\/p>\n<p>Una sobredosis puede causar dolor de est\u00f3mago.<\/p>\n<p>La textura, el color o el sabor pueden variar ligeramente seg\u00fan el lote de producci\u00f3n, pero no es un problema de calidad.<\/p>\n<p>Existe la posibilidad de que los componentes est\u00e9n floculados, pero no es un problema de calidad.<\/p>\n<p>Evite las altas temperaturas, la humedad y la luz solar directa, y cons\u00e9rvelo en un lugar fresco y oscuro.<\/p>\n<p>&nbsp;<\/p>\n<p>* Esta descripci\u00f3n ha sido creada por AI a partir de la informaci\u00f3n facilitada por la marca. Aunque nos esforzamos por ser precisos, tenga en cuenta que pueden producirse algunos errores. Por favor, verifique los detalles del producto de forma independiente.<\/p>\n","protected":false},"excerpt":{"rendered":"<p>Fine Japan Ion Drink es una bebida funcional en polvo, tipo isot\u00f3nica, dise\u00f1ada para rehidratar el cuerpo y reponer los electrolitos y minerales esenciales perdidos a trav\u00e9s de la sudoraci\u00f3n. Es popular en Jap\u00f3n y se recomienda para toda la familia.<span class=\"Apple-converted-space\">\u00a0<\/span><\/p>\n","protected":false},"featured_media":6610,"comment_status":"closed","ping_status":"closed","template":"","meta":[],"product_brand":[972],"product_cat":[869,843],"product_tag":[],"class_list":{"0":"post-8765","1":"product","2":"type-product","3":"status-publish","4":"has-post-thumbnail","6":"product_brand-fine-japan","7":"product_cat-k-salud","8":"product_cat-productos-de-japon","10":"first","11":"instock","12":"taxable","13":"shipping-taxable","14":"purchasable","15":"product-type-simple"},"_links":{"self":[{"href":"https:\/\/koreanwonder.com\/es\/wp-json\/wp\/v2\/product\/8765","targetHints":{"allow":["GET"]}}],"collection":[{"href":"https:\/\/koreanwonder.com\/es\/wp-json\/wp\/v2\/product"}],"about":[{"href":"https:\/\/koreanwonder.com\/es\/wp-json\/wp\/v2\/types\/product"}],"replies":[{"embeddable":true,"href":"https:\/\/koreanwonder.com\/es\/wp-json\/wp\/v2\/comments?post=8765"}],"version-history":[{"count":1,"href":"https:\/\/koreanwonder.com\/es\/wp-json\/wp\/v2\/product\/8765\/revisions"}],"predecessor-version":[{"id":8795,"href":"https:\/\/koreanwonder.com\/es\/wp-json\/wp\/v2\/product\/8765\/revisions\/8795"}],"wp:featuredmedia":[{"embeddable":true,"href":"https:\/\/koreanwonder.com\/es\/wp-json\/wp\/v2\/media\/6610"}],"wp:attachment":[{"href":"https:\/\/koreanwonder.com\/es\/wp-json\/wp\/v2\/media?parent=8765"}],"wp:term":[{"taxonomy":"product_brand","embeddable":true,"href":"https:\/\/koreanwonder.com\/es\/wp-json\/wp\/v2\/product_brand?post=8765"},{"taxonomy":"product_cat","embeddable":true,"href":"https:\/\/koreanwonder.com\/es\/wp-json\/wp\/v2\/product_cat?post=8765"},{"taxonomy":"product_tag","embeddable":true,"href":"https:\/\/koreanwonder.com\/es\/wp-json\/wp\/v2\/product_tag?post=8765"}],"curies":[{"name":"wp","href":"https:\/\/api.w.org\/{rel}","templated":true}]}}