{"id":8605,"date":"2026-04-05T20:33:35","date_gmt":"2026-04-05T20:33:35","guid":{"rendered":"https:\/\/koreanwonder.com\/?post_type=product&#038;p=8605"},"modified":"2026-04-05T20:36:50","modified_gmt":"2026-04-05T20:36:50","slug":"medipeel-peptide-9-volume-lifting-eye-patch-pro-60-parches","status":"publish","type":"product","link":"https:\/\/koreanwonder.com\/es\/product\/medipeel-peptide-9-volume-lifting-eye-patch-pro-60-parches\/","title":{"rendered":"Medipeel+ Peptide 9 Volume Lifting Eye Patch PRO, 60 parches"},"content":{"rendered":"<p><b>Caracter\u00edsticas principales:<\/b><\/p>\n<p><b>Complejo avanzado de p\u00e9ptidos:<\/b> contiene una combinaci\u00f3n \u00fanica de p\u00e9ptidos, col\u00e1geno, extracto de ra\u00edz de syringa y extracto de acmella oleracea. Esta poderosa combinaci\u00f3n est\u00e1 formulada para reducir significativamente las arrugas y mejorar la elasticidad de la piel, apuntando a los signos comunes del envejecimiento.<\/p>\n<p><b>Cuarteto de \u00e1cido hialur\u00f3nico: <\/b>la inclusi\u00f3n de 4 tipos diferentes de \u00e1cido hialur\u00f3nico proporciona una hidrataci\u00f3n profunda y duradera. Este enfoque en capas para la hidrataci\u00f3n ayuda a mantener la firmeza y elasticidad de la piel.<\/p>\n<p><b>Tecnolog\u00eda innovadora de hidrogel: <\/b>tras la aplicaci\u00f3n, los ingredientes activos de los parches de hidrogel se funden en la piel y se vuelven gradualmente m\u00e1s finos a medida que se absorben. Esta tecnolog\u00eda avanzada garantiza una entrega eficaz de los ingredientes activos directamente a las c\u00e9lulas de la piel.<\/p>\n<p><b>Acci\u00f3n antienvejecimiento integral:<\/b> los parches son especialmente eficaces para pieles maduras, ya que combaten activamente los primeros signos del envejecimiento, las arrugas profundas e incluso las patas de gallo. Proporcionan un notable efecto lifting, haciendo que la piel luzca m\u00e1s joven y saludable.<\/p>\n<p><b>Nutrici\u00f3n intensiva y iluminadora: <\/b>el producto nutre intensamente la piel, aumentando la firmeza y elasticidad de los tejidos. Tambi\u00e9n ilumina suavemente la piel, reduciendo la apariencia de las ojeras.<\/p>\n<p><b>Acci\u00f3n revitalizante:<\/b> los parches para ojos estimulan la circulaci\u00f3n sangu\u00ednea, lo que le da a los ojos un aspecto fresco y descansado. Tambi\u00e9n reducen eficazmente la hinchaz\u00f3n, mejorando el efecto rejuvenecedor general.<\/p>\n<p>&nbsp;<\/p>\n<p><b>Tipos de Piel Recomendados<\/b><\/p>\n<p><b>Todo tipo de pieles: <\/b>Est\u00e1n formulados para ser seguros y efectivos en una amplia gama de tipos de piel.<\/p>\n<p><b>Piel sensible:<\/b> Son adecuados para personas con piel sensible.<\/p>\n<p><b>Piel madura:<\/b> Est\u00e1n especialmente dise\u00f1ados para el cuidado de la piel madura, ayudando a alisar las arrugas y a mejorar la firmeza.<\/p>\n<p>&nbsp;<\/p>\n<p><b>Ingredientes Clave<\/b><\/p>\n<p><b>Complejo de p\u00e9ptidos: <\/b>Ayuda a mejorar la firmeza y elasticidad de la piel, y a reducir la visibilidad de l\u00edneas finas y arrugas.<\/p>\n<p><b>Complejo de \u00c1cido Hialur\u00f3nico: <\/b>Proporciona hidrataci\u00f3n profunda y retiene la humedad en las distintas capas de la piel, combatiendo la sequedad.<\/p>\n<p><b>Col\u00e1geno Hidrolizado y Elastina Hidrolizada:<\/b> Fortalecen la estructura de la piel, manteni\u00e9ndola firme y el\u00e1stica.<\/p>\n<p><b>Niacinamida: <\/b>Ayuda a iluminar la piel y puede reducir la aparici\u00f3n de ojeras y pigmentaci\u00f3n.<\/p>\n<p><b>Adenosina: <\/b>Un potente agente anti-envejecimiento que estimula la s\u00edntesis de col\u00e1geno y elastina, suavizando la textura de la piel.<\/p>\n<p><b>Ecto\u00edna: <\/b>Un amino\u00e1cido org\u00e1nico que protege contra los factores externos y ayuda a regular la producci\u00f3n de melanina.<\/p>\n<p>&nbsp;<\/p>\n<p><b>Modo de Empleo<\/b><\/p>\n<p>Usando la esp\u00e1tula higi\u00e9nica proporcionada, aplique los parches en los ojos.<\/p>\n<p>Ret\u00edrelos despu\u00e9s de 20-30 minutos y aplique suavemente la esencia restante en la piel para que se absorba.<\/p>\n<p>&nbsp;<\/p>\n<p><b>Precauciones<\/b><\/p>\n<p>Antes de usar, realice una prueba en el dorso de la mano para detectar posibles reacciones al\u00e9rgicas. Conservar fuera del alcance de los ni\u00f1os, alejado de la luz solar directa y a temperatura ambiente. En caso de contacto con los ojos, enjuagar con abundante agua. Si se produce una reacci\u00f3n al\u00e9rgica, suspenda su uso y consulte a un m\u00e9dico.<\/p>\n","protected":false},"excerpt":{"rendered":"<p>Medi-Peel Peptide 9 Volume Lifting Eye Patch Pro son parches de hidrogel dise\u00f1ados para el cuidado del contorno de ojos, proporcionando un efecto lifting, hidrataci\u00f3n y reducci\u00f3n de arrugas y ojeras.<\/p>\n","protected":false},"featured_media":4314,"comment_status":"closed","ping_status":"closed","template":"","meta":[],"product_brand":[932],"product_cat":[687,691,833],"product_tag":[699,708,756,720,715],"class_list":{"0":"post-8605","1":"product","2":"type-product","3":"status-publish","4":"has-post-thumbnail","6":"product_brand-medipeel","7":"product_cat-cuidado-facial","8":"product_cat-para-el-contorno-de-ojos","9":"product_cat-parches-para-ojos","10":"product_tag-arrugas","11":"product_tag-para-ojos","12":"product_tag-parches","13":"product_tag-peptidos","14":"product_tag-piel-madura","16":"first","17":"instock","18":"taxable","19":"shipping-taxable","20":"purchasable","21":"product-type-simple"},"_links":{"self":[{"href":"https:\/\/koreanwonder.com\/es\/wp-json\/wp\/v2\/product\/8605","targetHints":{"allow":["GET"]}}],"collection":[{"href":"https:\/\/koreanwonder.com\/es\/wp-json\/wp\/v2\/product"}],"about":[{"href":"https:\/\/koreanwonder.com\/es\/wp-json\/wp\/v2\/types\/product"}],"replies":[{"embeddable":true,"href":"https:\/\/koreanwonder.com\/es\/wp-json\/wp\/v2\/comments?post=8605"}],"version-history":[{"count":1,"href":"https:\/\/koreanwonder.com\/es\/wp-json\/wp\/v2\/product\/8605\/revisions"}],"predecessor-version":[{"id":8635,"href":"https:\/\/koreanwonder.com\/es\/wp-json\/wp\/v2\/product\/8605\/revisions\/8635"}],"wp:featuredmedia":[{"embeddable":true,"href":"https:\/\/koreanwonder.com\/es\/wp-json\/wp\/v2\/media\/4314"}],"wp:attachment":[{"href":"https:\/\/koreanwonder.com\/es\/wp-json\/wp\/v2\/media?parent=8605"}],"wp:term":[{"taxonomy":"product_brand","embeddable":true,"href":"https:\/\/koreanwonder.com\/es\/wp-json\/wp\/v2\/product_brand?post=8605"},{"taxonomy":"product_cat","embeddable":true,"href":"https:\/\/koreanwonder.com\/es\/wp-json\/wp\/v2\/product_cat?post=8605"},{"taxonomy":"product_tag","embeddable":true,"href":"https:\/\/koreanwonder.com\/es\/wp-json\/wp\/v2\/product_tag?post=8605"}],"curies":[{"name":"wp","href":"https:\/\/api.w.org\/{rel}","templated":true}]}}