{"id":8588,"date":"2026-04-05T20:33:34","date_gmt":"2026-04-05T20:33:34","guid":{"rendered":"https:\/\/koreanwonder.com\/?post_type=product&#038;p=8588"},"modified":"2026-04-05T20:36:48","modified_gmt":"2026-04-05T20:36:48","slug":"biodance-bio-collagen-real-deep-mask","status":"publish","type":"product","link":"https:\/\/koreanwonder.com\/es\/product\/biodance-bio-collagen-real-deep-mask\/","title":{"rendered":"Biodance Bio Collagen Real Deep Mask"},"content":{"rendered":"<p><b>Beneficios<\/b><\/p>\n<p><b>Hidrataci\u00f3n profunda: <\/b>El \u00e1cido oligohialur\u00f3nico presente en la mascarilla profunda Bio-Collagen Real de Biodance tiene un efecto hidratante superior al del \u00e1cido hialur\u00f3nico normal. Hidrata r\u00e1pidamente la superficie de la piel y penetra en las capas m\u00e1s profundas de la piel, lo que da como resultado una tez saludable e hidratada.<\/p>\n<p><b>Reafirmante y tensor de poros:<\/b> El col\u00e1geno de peso molecular ultrabajo maximiza la penetraci\u00f3n y absorci\u00f3n en la piel. Refina los poros dilatados, mejora la elasticidad de la piel al instante despu\u00e9s de la aplicaci\u00f3n y suaviza visiblemente la apariencia de l\u00edneas finas y arrugas.<\/p>\n<p><b>Fortalece la barrera cut\u00e1nea:<\/b> Nuestra mascarilla de hidrogel contiene 3 tipos diferentes de probi\u00f3ticos que fortalecen la barrera cut\u00e1nea y previenen el envejecimiento cut\u00e1neo.<\/p>\n<p><b>Hipoalerg\u00e9nico: <\/b>Esta mascarilla facial de hidrataci\u00f3n profunda est\u00e1 formulada con ingredientes no t\u00f3xicos ni irritantes. No contiene ingredientes que provoquen reacciones al\u00e9rgicas ni otros 19 ingredientes agresivos y controvertidos. Es completamente seguro para pieles sensibles.<\/p>\n<p>&nbsp;<\/p>\n<p><b>Tipos de Piel Recomendados<\/b><\/p>\n<p><b>Piel Seca:<\/b> Proporciona una hidrataci\u00f3n profunda gracias al \u00e1cido oligo-hialur\u00f3nico y al col\u00e1geno de ultra bajo peso molecular, aliviando la sequedad.<\/p>\n<p><b>Piel Sensible:<\/b> Enriquecida con probi\u00f3ticos y ceramidas, ayuda a calmar la sensibilidad y a reparar la barrera cut\u00e1nea.<\/p>\n<p><b>Piel Madura \/ Fatigada: <\/b>Sus ingredientes activos, como el col\u00e1geno, mejoran la elasticidad y la firmeza de la piel, reduciendo la apariencia de l\u00edneas finas y arrugas.<\/p>\n<p><b>Todo Tipo de Piel:<\/b> En general, se considera segura y efectiva para cualquier persona que busque revitalizaci\u00f3n e hidrataci\u00f3n intensa.<\/p>\n<p>&nbsp;<\/p>\n<p><b>Ingredientes Principales<\/b><\/p>\n<p><b>Col\u00e1geno de bajo peso molecular: <\/b>Este ingredidente, derivado del pescado, tiene un peso molecular ultra bajo (243 daltons), lo que le otorga una excelente absorci\u00f3n para mejorar la elasticidad y firmeza de la piel.<\/p>\n<p><b>\u00c1cido hialur\u00f3nico oligohialur\u00f3nico: <\/b>El \u00e1cido hialur\u00f3nico en esta presentaci\u00f3n tiene un peso molecular m\u00e1s bajo que el regular, lo que permite una hidrataci\u00f3n superior y m\u00e1s r\u00e1pida de la superficie de la piel.<\/p>\n<p><b>Filtrado de fermento de Galactomyces:<\/b> Este ingrediente es un tipo de fermento de levadura rico en antioxidantes, que ayuda a calmar la irritaci\u00f3n, promueve la regeneraci\u00f3n celular y mejora el tono y la textura general de la piel.<\/p>\n<p><b>Niacinamida:<\/b> Conocida por sus propiedades para iluminar la piel y unificar el tono, la niacinamida tambi\u00e9n ayuda a mejorar la barrera cut\u00e1nea y la elasticidad.<\/p>\n<p><b>Adenosina:<\/b> La adenosina tiene efectos antiarrugas y reafirmantes, mejorando la elasticidad de la piel.<\/p>\n<p>&nbsp;<\/p>\n<p><b>Resultados de los clientes<\/b><\/p>\n<p>100 % estuvo de acuerdo en que la condici\u00f3n de sus poros mejor\u00f3<\/p>\n<p>95 % estuvo de acuerdo en que su piel se sinti\u00f3 hidratada<\/p>\n<p>90 % estuvo de acuerdo en que su piel estaba m\u00e1s brillante<\/p>\n<p>100 % estuvo de acuerdo en que el enrojecimiento de su piel mejor\u00f3<\/p>\n<p>&nbsp;<\/p>\n<p><b>Modo de Empleo<\/b><\/p>\n<p><b>Durante la noche<\/b><\/p>\n<p>Aplica la mascarilla al final de tu rutina de cuidado de la piel y d\u00e9jala actuar durante la noche.<\/p>\n<p>Retira la mascarilla a la ma\u00f1ana siguiente despu\u00e9s de una buena noche de sue\u00f1o.<\/p>\n<p><b>Durante el d\u00eda<\/b><\/p>\n<p>Despu\u00e9s de preparar la piel con t\u00f3nico o suero, aplica la mascarilla y d\u00e9jala actuar durante 3 o 4 horas o hasta que se vuelva transparente.<\/p>\n<p><b>Consejo<\/b><\/p>\n<p>Usa las partes de los ojos y la boca de la mascarilla en los lados de la nariz, debajo de los ojos, el cuello o en cualquier lugar donde quieras una hidrataci\u00f3n y reafirmaci\u00f3n adicionales.<\/p>\n<p>&nbsp;<\/p>\n<p><b>Precauciones<\/b><\/p>\n<p>Antes de usar, realice una prueba en el dorso de la mano para detectar posibles reacciones al\u00e9rgicas. Conservar fuera del alcance de los ni\u00f1os, alejado de la luz solar directa y a temperatura ambiente. En caso de contacto con los ojos, enjuagar con abundante agua. Si se produce una reacci\u00f3n al\u00e9rgica, suspenda su uso y consulte a un m\u00e9dico.<\/p>\n","protected":false},"excerpt":{"rendered":"<p>Biodance Bio Collagen Real Deep Mask es una mascarilla facial de hidrogel tipo \u00absegunda piel\u00bb del K-beauty, conocida por su capacidad para proporcionar una hidrataci\u00f3n profunda y mejorar la elasticidad de la piel.<\/p>\n","protected":false},"featured_media":6485,"comment_status":"closed","ping_status":"closed","template":"","meta":[],"product_brand":[960],"product_cat":[687,696,695],"product_tag":[699,751,704,703,697,715,663],"class_list":{"0":"post-8588","1":"product","2":"type-product","3":"status-publish","4":"has-post-thumbnail","6":"product_brand-biodance","7":"product_cat-cuidado-facial","8":"product_cat-mascarilla-de-hidrogel","9":"product_cat-mascarillas-faciales","10":"product_tag-arrugas","11":"product_tag-barrera","12":"product_tag-colageno","13":"product_tag-hidratacion","14":"product_tag-mascarilla","15":"product_tag-piel-madura","16":"product_tag-poros","18":"first","19":"instock","20":"taxable","21":"shipping-taxable","22":"purchasable","23":"product-type-simple"},"_links":{"self":[{"href":"https:\/\/koreanwonder.com\/es\/wp-json\/wp\/v2\/product\/8588","targetHints":{"allow":["GET"]}}],"collection":[{"href":"https:\/\/koreanwonder.com\/es\/wp-json\/wp\/v2\/product"}],"about":[{"href":"https:\/\/koreanwonder.com\/es\/wp-json\/wp\/v2\/types\/product"}],"replies":[{"embeddable":true,"href":"https:\/\/koreanwonder.com\/es\/wp-json\/wp\/v2\/comments?post=8588"}],"version-history":[{"count":1,"href":"https:\/\/koreanwonder.com\/es\/wp-json\/wp\/v2\/product\/8588\/revisions"}],"predecessor-version":[{"id":8618,"href":"https:\/\/koreanwonder.com\/es\/wp-json\/wp\/v2\/product\/8588\/revisions\/8618"}],"wp:featuredmedia":[{"embeddable":true,"href":"https:\/\/koreanwonder.com\/es\/wp-json\/wp\/v2\/media\/6485"}],"wp:attachment":[{"href":"https:\/\/koreanwonder.com\/es\/wp-json\/wp\/v2\/media?parent=8588"}],"wp:term":[{"taxonomy":"product_brand","embeddable":true,"href":"https:\/\/koreanwonder.com\/es\/wp-json\/wp\/v2\/product_brand?post=8588"},{"taxonomy":"product_cat","embeddable":true,"href":"https:\/\/koreanwonder.com\/es\/wp-json\/wp\/v2\/product_cat?post=8588"},{"taxonomy":"product_tag","embeddable":true,"href":"https:\/\/koreanwonder.com\/es\/wp-json\/wp\/v2\/product_tag?post=8588"}],"curies":[{"name":"wp","href":"https:\/\/api.w.org\/{rel}","templated":true}]}}