{"id":8491,"date":"2026-04-05T20:33:19","date_gmt":"2026-04-05T20:33:19","guid":{"rendered":"https:\/\/koreanwonder.com\/?post_type=product&#038;p=8491"},"modified":"2026-04-05T20:36:45","modified_gmt":"2026-04-05T20:36:45","slug":"hera-sensual-powder-matte-liquid-5g-133-baby-cheek","status":"publish","type":"product","link":"https:\/\/koreanwonder.com\/es\/product\/hera-sensual-powder-matte-liquid-5g-133-baby-cheek\/","title":{"rendered":"HERA Sensual Powder Matte Liquid, 5g 133 Baby Cheek"},"content":{"rendered":"<p>La textura liviana, similar a una mousse, se adhiere firmemente a los labios para un acabado suave y a prueba de manchas.<\/p>\n<p>Un tinte de labios con pigmentos intensos que se aplica c\u00f3modamente en los labios, para un acabado suave y aterciopelado.<\/p>\n<p>El tinte suave aterciopelado completo con tonos intensos proporciona una aplicaci\u00f3n suave sin c\u00e9lulas cut\u00e1neas muertas con un solo toque.<\/p>\n<p>Este producto se ha mejorado con un estilo elegante y \u00fanico para brindar tonos acogedores y ricos.<\/p>\n<p>Aporta un tono sutil como si se aplicara con un filtro difuminador suave.<\/p>\n<p>&nbsp;<\/p>\n<p><b>Apariencia suave neutra:<\/b><\/p>\n<p>Armon\u00eda de color con una atm\u00f3sfera misteriosa como si se hubiera aplicado una capa de filtro difuminador suave.<\/p>\n<p>Un look de maquillaje suave neutro completado con la textura suave aterciopelada y colores intensos.<\/p>\n<p>&nbsp;<\/p>\n<p><b>Soft Blur Smuding:<\/b><\/p>\n<p>Una nueva definici\u00f3n de labios aterciopelados de lujo.<\/p>\n<p>Aspecto aterciopelado difuminador de lujo que envuelve tus labios suave y ligeramente dejando un volumen natural sin peso.<\/p>\n<p>Efecto difuminado suave y natural sin t\u00e9cnicas complicadas<\/p>\n<p>&nbsp;<\/p>\n<p><b>Polvo mate, en todas partes:<\/b><\/p>\n<p>Aplica la textura suave y aterciopelada de manera suave y uniforme con una compatibilidad perfecta.<\/p>\n<p>Prueba una boquilla personalizada que se puede usar para m\u00faltiples usos en mejillas, ojos y labios.<\/p>\n<p>&nbsp;<\/p>\n<p><b>Modo de Empleo:<\/b><\/p>\n<p>Aplica desde el centro hacia el borde exterior usando el aplicador incluido.<\/p>\n<p>Mezcla el producto usando el aplicador para colocarlo en la boquilla de manera uniforme para un acabado mate duradero.<\/p>\n<p>Difumina el borde dando golpecitos suaves con las yemas de los dedos para crear un look de maquillaje de labios con efecto difuminado natural.<\/p>\n<p>&nbsp;<\/p>\n<p><b>Precauciones<\/b><\/p>\n<p>Antes de usar, realice una prueba en el dorso de la mano para detectar posibles reacciones al\u00e9rgicas. Conservar fuera del alcance de los ni\u00f1os, alejado de la luz solar directa y a temperatura ambiente. En caso de contacto con los ojos, enjuagar con abundante agua. Si se produce una reacci\u00f3n al\u00e9rgica, suspenda su uso y consulte a un m\u00e9dico.<\/p>\n","protected":false},"excerpt":{"rendered":"<p>HERA Sensual Powder Matte Liquid es un labial l\u00edquido, que ofrece un acabado mate empolvado y suave, con un color intenso y duradero. Es conocido por su textura ligera similar a un mousse que se adhiere a los labios sin resecarlos, y se puede utilizar tambi\u00e9n en mejillas y ojos.<\/p>\n","protected":false},"featured_media":3962,"comment_status":"closed","ping_status":"closed","template":"","meta":[],"product_brand":[948],"product_cat":[815,819,792],"product_tag":[794],"class_list":{"0":"post-8491","1":"product","2":"type-product","3":"status-publish","4":"has-post-thumbnail","6":"product_brand-hera","7":"product_cat-ideas-para-regalos","8":"product_cat-labios","9":"product_cat-maquillaje","10":"product_tag-maquillaje","12":"first","13":"instock","14":"taxable","15":"shipping-taxable","16":"purchasable","17":"product-type-simple"},"_links":{"self":[{"href":"https:\/\/koreanwonder.com\/es\/wp-json\/wp\/v2\/product\/8491","targetHints":{"allow":["GET"]}}],"collection":[{"href":"https:\/\/koreanwonder.com\/es\/wp-json\/wp\/v2\/product"}],"about":[{"href":"https:\/\/koreanwonder.com\/es\/wp-json\/wp\/v2\/types\/product"}],"replies":[{"embeddable":true,"href":"https:\/\/koreanwonder.com\/es\/wp-json\/wp\/v2\/comments?post=8491"}],"version-history":[{"count":1,"href":"https:\/\/koreanwonder.com\/es\/wp-json\/wp\/v2\/product\/8491\/revisions"}],"predecessor-version":[{"id":8521,"href":"https:\/\/koreanwonder.com\/es\/wp-json\/wp\/v2\/product\/8491\/revisions\/8521"}],"wp:featuredmedia":[{"embeddable":true,"href":"https:\/\/koreanwonder.com\/es\/wp-json\/wp\/v2\/media\/3962"}],"wp:attachment":[{"href":"https:\/\/koreanwonder.com\/es\/wp-json\/wp\/v2\/media?parent=8491"}],"wp:term":[{"taxonomy":"product_brand","embeddable":true,"href":"https:\/\/koreanwonder.com\/es\/wp-json\/wp\/v2\/product_brand?post=8491"},{"taxonomy":"product_cat","embeddable":true,"href":"https:\/\/koreanwonder.com\/es\/wp-json\/wp\/v2\/product_cat?post=8491"},{"taxonomy":"product_tag","embeddable":true,"href":"https:\/\/koreanwonder.com\/es\/wp-json\/wp\/v2\/product_tag?post=8491"}],"curies":[{"name":"wp","href":"https:\/\/api.w.org\/{rel}","templated":true}]}}