{"id":8450,"date":"2026-04-05T20:32:25","date_gmt":"2026-04-05T20:32:25","guid":{"rendered":"https:\/\/koreanwonder.com\/?post_type=product&#038;p=8450"},"modified":"2026-04-05T20:36:43","modified_gmt":"2026-04-05T20:36:43","slug":"kumano-cosme-deve-men-shaving-gel-220g","status":"publish","type":"product","link":"https:\/\/koreanwonder.com\/es\/product\/kumano-cosme-deve-men-shaving-gel-220g\/","title":{"rendered":"Kumano Cosme Deve Men Shaving Gel, 220g"},"content":{"rendered":"<p><b>Caracter\u00edsticas principales<\/b><\/p>\n<p><b>Afeitado suave y al ras:<\/b> El gel a base de agua mejora el deslizamiento de la cuchilla, permitiendo un afeitado suave y eficaz desde la ra\u00edz del vello.<\/p>\n<p><b>Altamente hidratante:<\/b> Contiene ingredientes de alta hidrataci\u00f3n como el \u00e1cido hialur\u00f3nico y el col\u00e1geno, que proporcionan humedad a la piel y previenen la sequedad despu\u00e9s del afeitado.<\/p>\n<p><b>Propiedades calmantes y protectoras:<\/b> Incluye glicirrizato dipot\u00e1sico, un ingrediente con potentes propiedades antibacterianas y cicatrizantes, que protege la piel de infecciones y es ideal para pieles sensibles que se irritan f\u00e1cilmente.<\/p>\n<p><b>F\u00e1cil de usar:<\/b> Se aplica con las yemas de los dedos, masajeando la piel antes de cada afeitada para hidratarla y protegerla.<\/p>\n<p>&nbsp;<\/p>\n<p><b>Tipos de Piel<\/b><\/p>\n<p><b>Piel sensible:<\/b> El gel es d\u00e9bilmente \u00e1cido, similar al nivel de pH natural de la piel, lo que ayuda a reducir la carga adicional sobre la piel sensible. Tambi\u00e9n contiene ingredientes con efecto cicatrizante, como el glicirrizato dipot\u00e1sico, que minimizan la irritaci\u00f3n.<\/p>\n<p><b>Piel seca<\/b>: Incluye ingredientes altamente hidratantes como el \u00e1cido hialur\u00f3nico y el col\u00e1geno, que combaten la sequedad y dejan la piel suave y humectada despu\u00e9s del afeitado.<\/p>\n<p><b>Piel grasa y mixta: <\/b>Su base de agua y textura ligera facilitan un afeitado suave sin dejar residuos pesados, ayudando a mantener la piel fresca.<\/p>\n<p>&nbsp;<\/p>\n<p><b>Ingredientes Clave<\/b><\/p>\n<p><b>\u00c1cido Hialur\u00f3nico y Col\u00e1geno:<\/b> Estos son los dos ingredientes altamente hidratantes principales, que proporcionan humedad a la piel durante el afeitado.<\/p>\n<p><b>Escualano: <\/b>Este ingrediente l\u00edquido de esencia protege la humedad necesaria de la piel, haciendo que se sienta resbaladiza y suave.<\/p>\n<p><b>Extractos de Plantas: <\/b>Contiene ingredientes de extracto de piel desnuda de origen vegetal para un acabado hidratante y fresco.<\/p>\n<p><b>Mentol: <\/b>Proporciona una sensaci\u00f3n refrescante.<\/p>\n<p><b>Extracto de Hoja de Aloe Vera y Extracto de Hoja de Melocot\u00f3n: <\/b>Contribuyen a los efectos calmantes e hidratantes del gel.<\/p>\n<p>&nbsp;<\/p>\n<p><b>Modo de Empleo<\/b><\/p>\n<p>Tomar una cantidad adecuada, distribuirla bien y afeitarla bien.<\/p>\n<p>Enjuague con agua o agua caliente despu\u00e9s del afeitado.<\/p>\n<p>&nbsp;<\/p>\n<p><b>Precauciones<\/b><\/p>\n<p>Antes de usar, realice una prueba en el dorso de la mano para detectar posibles reacciones al\u00e9rgicas. Mantener fuera del alcance de los ni\u00f1os, alejado de la luz solar directa y a temperatura ambiente. En caso de contacto con los ojos, enjuagar con abundante agua. Si se produce una reacci\u00f3n al\u00e9rgica, suspenda su uso y consulte a un m\u00e9dico.<\/p>\n","protected":false},"excerpt":{"rendered":"<p>Kumano Cosme Deve Men Shaving Gel es un gel de afeitado a base de agua dise\u00f1ado para facilitar un afeitado suave y al ras, minimizando la irritaci\u00f3n y la sequedad de la piel.<span class=\"Apple-converted-space\">\u00a0<\/span><\/p>\n","protected":false},"featured_media":6406,"comment_status":"closed","ping_status":"closed","template":"","meta":[],"product_brand":[940],"product_cat":[721,843],"product_tag":[704,713,703],"class_list":{"0":"post-8450","1":"product","2":"type-product","3":"status-publish","4":"has-post-thumbnail","6":"product_brand-kumano-cosme","7":"product_cat-cosmetica-para-hombres","8":"product_cat-productos-de-japon","9":"product_tag-colageno","10":"product_tag-crema","11":"product_tag-hidratacion","13":"first","14":"instock","15":"taxable","16":"shipping-taxable","17":"purchasable","18":"product-type-simple"},"_links":{"self":[{"href":"https:\/\/koreanwonder.com\/es\/wp-json\/wp\/v2\/product\/8450","targetHints":{"allow":["GET"]}}],"collection":[{"href":"https:\/\/koreanwonder.com\/es\/wp-json\/wp\/v2\/product"}],"about":[{"href":"https:\/\/koreanwonder.com\/es\/wp-json\/wp\/v2\/types\/product"}],"replies":[{"embeddable":true,"href":"https:\/\/koreanwonder.com\/es\/wp-json\/wp\/v2\/comments?post=8450"}],"version-history":[{"count":1,"href":"https:\/\/koreanwonder.com\/es\/wp-json\/wp\/v2\/product\/8450\/revisions"}],"predecessor-version":[{"id":8500,"href":"https:\/\/koreanwonder.com\/es\/wp-json\/wp\/v2\/product\/8450\/revisions\/8500"}],"wp:featuredmedia":[{"embeddable":true,"href":"https:\/\/koreanwonder.com\/es\/wp-json\/wp\/v2\/media\/6406"}],"wp:attachment":[{"href":"https:\/\/koreanwonder.com\/es\/wp-json\/wp\/v2\/media?parent=8450"}],"wp:term":[{"taxonomy":"product_brand","embeddable":true,"href":"https:\/\/koreanwonder.com\/es\/wp-json\/wp\/v2\/product_brand?post=8450"},{"taxonomy":"product_cat","embeddable":true,"href":"https:\/\/koreanwonder.com\/es\/wp-json\/wp\/v2\/product_cat?post=8450"},{"taxonomy":"product_tag","embeddable":true,"href":"https:\/\/koreanwonder.com\/es\/wp-json\/wp\/v2\/product_tag?post=8450"}],"curies":[{"name":"wp","href":"https:\/\/api.w.org\/{rel}","templated":true}]}}