{"id":8442,"date":"2026-04-05T20:32:25","date_gmt":"2026-04-05T20:32:25","guid":{"rendered":"https:\/\/koreanwonder.com\/?post_type=product&#038;p=8442"},"modified":"2026-04-05T20:36:43","modified_gmt":"2026-04-05T20:36:43","slug":"mediheal-v-t-r-stretching-patch-set-2026-05-18","status":"publish","type":"product","link":"https:\/\/koreanwonder.com\/es\/product\/mediheal-v-t-r-stretching-patch-set-2026-05-18\/","title":{"rendered":"Mediheal V.T.R. Stretching Patch Set (2026.05.18)"},"content":{"rendered":"<p><b>Beneficios Clave:<\/b><\/p>\n<p><b>Efecto Lifting y Firmeza: <\/b>El dise\u00f1o el\u00e1stico en forma de V aplica tensi\u00f3n para levantar la piel fl\u00e1cida del ment\u00f3n y la mand\u00edbula, definiendo el contorno facial.<\/p>\n<p><b>Mejora la Elasticidad: <\/b>El col\u00e1geno hidrolizado ayuda a fortalecer la estructura de la piel, combatiendo la p\u00e9rdida de firmeza.<\/p>\n<p><b>Hidrataci\u00f3n y Nutrici\u00f3n:<\/b> Aporta hidrataci\u00f3n y nutrientes a la piel, dej\u00e1ndola m\u00e1s saludable y radiante.<\/p>\n<p><b>Dise\u00f1o Innovador:<\/b> Funciona como un \u00abpendiente\u00bb de alta tensi\u00f3n que aplica presi\u00f3n para reafirmar, con un m\u00e9todo patentado de doble elevaci\u00f3n.<\/p>\n<p>&nbsp;<\/p>\n<p><b>C\u00f3mo Funciona (Tecnolog\u00eda V.T.R.):<\/b><\/p>\n<p>El \u00abM\u00e9todo V.T.R.\u00bb<span class=\"Apple-converted-space\">\u00a0 <\/span>utiliza un parche que se estira y se ajusta alrededor de la barbilla, enganch\u00e1ndose en las orejas para crear una tensi\u00f3n constante que esculpe y reafirma mientras entrega sus ingredientes activos.<\/p>\n<p>&nbsp;<\/p>\n<p><b>Ingredientes Activos<\/b><\/p>\n<p><b>Alanto\u00edna:<\/b> Conocida por sus propiedades calmantes.<\/p>\n<p><b>Adenosina:<\/b> Conocida por sus propiedades antienvejecimiento, ayuda a reducir la aparici\u00f3n de l\u00edneas finas y arrugas.<\/p>\n<p><b>Extracto de Aloe Barbadensis y Centella Asi\u00e1tica:<\/b> Ayudan a calmar e hidratar la piel.<\/p>\n<p><b>Hialuronato de Sodio:<\/b> Un ingrediente id\u00e9ntico a la piel que ayuda con la hidrataci\u00f3n.<\/p>\n<p>&nbsp;<\/p>\n<p><b>Modo de Empleo<\/b><\/p>\n<p>1. Despu\u00e9s de lavarte el rostro y tonificarlo con un t\u00f3nico, cu\u00e9lgalo en tus orejas como se muestra en la imagen, usando las l\u00edneas perforadas hacia arriba y hacia abajo.<\/p>\n<p>2. Descanse de 10 a 20 minutos y qu\u00edtese la mascarilla. Deje que la esencia restante se absorba en la piel.<\/p>\n<p>* Tire de la mascarilla lo suficiente como para cubrir el tama\u00f1o de su cara y cuelgue sus orejas.<\/p>\n<p>(Como la mascarilla tiene tensi\u00f3n en ambos lados, dibuje lo suficiente como para no tirar de las orejas).<\/p>\n<p>* La satisfacci\u00f3n o los efectos de uso pueden tener diferencias individuales.<\/p>\n<p>Para obtener los mejores resultados, se recomienda usar durante 1 hora, 2 o 3 veces por semana y 4 semanas seguidas o, si desea un cuidado m\u00e1s intensivo, use durante 1 hora todos los d\u00edas, lo que ayuda a levantar la piel y dar forma a la l\u00ednea facial en V.<\/p>\n<p>&nbsp;<\/p>\n<p><b>Precauciones<\/b><\/p>\n<p>Antes de usar, realice una prueba en el dorso de la mano para detectar posibles reacciones al\u00e9rgicas. Conservar fuera del alcance de los ni\u00f1os, alejado de la luz solar directa y a temperatura ambiente. En caso de contacto con los ojos, enjuagar con abundante agua. Si se produce una reacci\u00f3n al\u00e9rgica, suspenda su uso y consulte a un m\u00e9dico.<\/p>\n","protected":false},"excerpt":{"rendered":"<p>Mediheal V.T.R. Stretching Patch Set es un conjunto de mascarillas faciales de un solo uso dise\u00f1adas para un efecto lifting y reafirmante, espec\u00edficamente para la zona de la l\u00ednea de la mand\u00edbula y el contorno facial, tambi\u00e9n conocida como la \u00abl\u00ednea V\u00bb.<\/p>\n","protected":false},"featured_media":6401,"comment_status":"closed","ping_status":"closed","template":"","meta":[],"product_brand":[936],"product_cat":[687,796,765,695,797],"product_tag":[697,715],"class_list":{"0":"post-8442","1":"product","2":"type-product","3":"status-publish","4":"has-post-thumbnail","6":"product_brand-mediheal","7":"product_cat-cuidado-facial","8":"product_cat-descuentos","9":"product_cat-mascarilla-de-tela","10":"product_cat-mascarillas-faciales","11":"product_cat-ofertas","12":"product_tag-mascarilla","13":"product_tag-piel-madura","15":"first","16":"instock","17":"sale","18":"taxable","19":"shipping-taxable","20":"purchasable","21":"product-type-simple"},"_links":{"self":[{"href":"https:\/\/koreanwonder.com\/es\/wp-json\/wp\/v2\/product\/8442","targetHints":{"allow":["GET"]}}],"collection":[{"href":"https:\/\/koreanwonder.com\/es\/wp-json\/wp\/v2\/product"}],"about":[{"href":"https:\/\/koreanwonder.com\/es\/wp-json\/wp\/v2\/types\/product"}],"replies":[{"embeddable":true,"href":"https:\/\/koreanwonder.com\/es\/wp-json\/wp\/v2\/comments?post=8442"}],"version-history":[{"count":1,"href":"https:\/\/koreanwonder.com\/es\/wp-json\/wp\/v2\/product\/8442\/revisions"}],"predecessor-version":[{"id":8472,"href":"https:\/\/koreanwonder.com\/es\/wp-json\/wp\/v2\/product\/8442\/revisions\/8472"}],"wp:featuredmedia":[{"embeddable":true,"href":"https:\/\/koreanwonder.com\/es\/wp-json\/wp\/v2\/media\/6401"}],"wp:attachment":[{"href":"https:\/\/koreanwonder.com\/es\/wp-json\/wp\/v2\/media?parent=8442"}],"wp:term":[{"taxonomy":"product_brand","embeddable":true,"href":"https:\/\/koreanwonder.com\/es\/wp-json\/wp\/v2\/product_brand?post=8442"},{"taxonomy":"product_cat","embeddable":true,"href":"https:\/\/koreanwonder.com\/es\/wp-json\/wp\/v2\/product_cat?post=8442"},{"taxonomy":"product_tag","embeddable":true,"href":"https:\/\/koreanwonder.com\/es\/wp-json\/wp\/v2\/product_tag?post=8442"}],"curies":[{"name":"wp","href":"https:\/\/api.w.org\/{rel}","templated":true}]}}