{"id":8439,"date":"2026-04-05T20:32:24","date_gmt":"2026-04-05T20:32:24","guid":{"rendered":"https:\/\/koreanwonder.com\/?post_type=product&#038;p=8439"},"modified":"2026-04-05T20:36:42","modified_gmt":"2026-04-05T20:36:42","slug":"medipeel-collagen-vegan-vitamin-modeling-cup-pack-28g","status":"publish","type":"product","link":"https:\/\/koreanwonder.com\/es\/product\/medipeel-collagen-vegan-vitamin-modeling-cup-pack-28g\/","title":{"rendered":"MEDIPEEL+ Collagen Vegan Vitamin Modeling Cup Pack, 28g"},"content":{"rendered":"<p><b>Beneficios Principales<\/b><\/p>\n<p><b>Lifting y Reducci\u00f3n de Poros: <\/b>Proporciona un cuidado intensivo que ayuda a levantar los poros, reducir su tama\u00f1o y profundidad, y eliminar las c\u00e9lulas muertas e impurezas de la piel.<\/p>\n<p><b>Hidrataci\u00f3n Profunda: <\/b>Sus ingredientes atraen y retienen la humedad, dejando la piel hidratada y suave.<\/p>\n<p><b>Luminosidad y Tono Uniforme:<\/b> La mascarilla est\u00e1 dise\u00f1ada para mejorar la luminosidad de la piel y unificar el tono, reduciendo la opacidad y las manchas de melanina.<\/p>\n<p><b>Elasticidad y Firmeza:<\/b> El complejo de triple col\u00e1geno vegano y 10 tipos de p\u00e9ptidos nutren la piel, estimulan la producci\u00f3n de col\u00e1geno y ayudan a mejorar la firmeza y elasticidad, combatiendo los signos del envejecimiento.<\/p>\n<p>&nbsp;<\/p>\n<p><b>Tipos de Piel<span class=\"Apple-converted-space\">\u00a0<\/span><\/b><\/p>\n<p><b>Piel Grasa y Mixta: <\/b>Ayuda a limpiar los poros en profundidad, eliminar el exceso de sebo y las c\u00e9lulas muertas, y eliminar el brillo graso.<\/p>\n<p><b>Piel Seca: <\/b>Proporciona una hidrataci\u00f3n profunda y ayuda a mantener la piel hidratada al minimizar la p\u00e9rdida de humedad. El pantenol acelera la curaci\u00f3n, calma y suaviza, mejorando las funciones de barrera de la epidermis.<\/p>\n<p><b>Todos los Tipos de Piel: <\/b>Contiene una innovadora mezcla de 10 p\u00e9ptidos diferentes y col\u00e1geno vegano para mejorar la elasticidad y firmeza de la piel, reducir la aparici\u00f3n de l\u00edneas finas y arrugas, y aportar un brillo saludable. La vitamina C proporciona un potente efecto iluminador, reduce la opacidad y las manchas de pigmentaci\u00f3n.<span class=\"Apple-converted-space\">\u00a0<\/span><\/p>\n<p>&nbsp;<\/p>\n<p><b>Ingredientes Activos<span class=\"Apple-converted-space\">\u00a0<\/span><\/b><\/p>\n<p><b>Col\u00e1geno vegano:<\/b> Ayuda a proporcionar elasticidad y firmeza a la piel.<\/p>\n<p><b>Vitaminas<\/b>: Incluye una mezcla de 10 vitaminas diferentes, como la niacinamida, el pantenol y el \u00e1cido asc\u00f3rbico (Vitamina C), para iluminar, nutrir y revitalizar la piel opaca y cansada.<\/p>\n<p><b>P\u00e9ptidos: <\/b>Contiene una mezcla de 10 tipos de p\u00e9ptidos, incluyendo trip\u00e9ptidos, hexap\u00e9ptidos y octap\u00e9ptidos, que contribuyen a la nutrici\u00f3n y a la firmeza de la piel.<\/p>\n<p><b>Agua carbonatada: <\/b>Proporciona vitalidad y ayuda a limpiar los poros.<\/p>\n<p><b>Extracto de lim\u00f3n:<\/b> Contribuye a un cutis m\u00e1s claro y radiante.<\/p>\n<p>&nbsp;<\/p>\n<p><b>Modo de Empleo<\/b><\/p>\n<p>1. Use una esp\u00e1tula para agregar 7-8 cucharadas de agua, luego mezcle hasta que quede suave.<\/p>\n<p>2. Aplique la mascarilla modeladora mezclada de manera uniforme en todo el rostro.<\/p>\n<p>3. Despu\u00e9s de 15-20 minutos, retire suavemente la mascarilla s\u00f3lida, luego tonifique y aplique sus productos para el cuidado de la piel.<\/p>\n<p>&nbsp;<\/p>\n<p><b>Precauciones<\/b><\/p>\n<p>Antes de usar, realice una prueba en el dorso de la mano para detectar posibles reacciones al\u00e9rgicas. Conservar fuera del alcance de los ni\u00f1os, alejado de la luz solar directa y a temperatura ambiente. En caso de contacto con los ojos, enjuagar con abundante agua. Si se produce una reacci\u00f3n al\u00e9rgica, suspenda su uso y consulte a un m\u00e9dico.<\/p>\n","protected":false},"excerpt":{"rendered":"<p>MediPeel+ Collagen Vegan Vitamin Modeling Cup Pack es una mascarilla facial de modelado vegana que se usa en casa para iluminar, revitalizar y mejorar la elasticidad de la piel. Es un tratamiento de cuidado de la piel coreano que proporciona resultados similares a los de un sal\u00f3n de est\u00e9tica.<\/p>\n","protected":false},"featured_media":6385,"comment_status":"closed","ping_status":"closed","template":"","meta":[],"product_brand":[932],"product_cat":[687,780,695],"product_tag":[714,697,741,661,662,805,670],"class_list":{"0":"post-8439","1":"product","2":"type-product","3":"status-publish","4":"has-post-thumbnail","6":"product_brand-medipeel","7":"product_cat-cuidado-facial","8":"product_cat-mascarilla-facial","9":"product_cat-mascarillas-faciales","10":"product_tag-manchas","11":"product_tag-mascarilla","12":"product_tag-opacidad","13":"product_tag-piel-apagada","14":"product_tag-pigmentacion","15":"product_tag-vegano","16":"product_tag-vitamina-c","18":"first","19":"instock","20":"taxable","21":"shipping-taxable","22":"purchasable","23":"product-type-simple"},"_links":{"self":[{"href":"https:\/\/koreanwonder.com\/es\/wp-json\/wp\/v2\/product\/8439","targetHints":{"allow":["GET"]}}],"collection":[{"href":"https:\/\/koreanwonder.com\/es\/wp-json\/wp\/v2\/product"}],"about":[{"href":"https:\/\/koreanwonder.com\/es\/wp-json\/wp\/v2\/types\/product"}],"replies":[{"embeddable":true,"href":"https:\/\/koreanwonder.com\/es\/wp-json\/wp\/v2\/comments?post=8439"}],"version-history":[{"count":1,"href":"https:\/\/koreanwonder.com\/es\/wp-json\/wp\/v2\/product\/8439\/revisions"}],"predecessor-version":[{"id":8469,"href":"https:\/\/koreanwonder.com\/es\/wp-json\/wp\/v2\/product\/8439\/revisions\/8469"}],"wp:featuredmedia":[{"embeddable":true,"href":"https:\/\/koreanwonder.com\/es\/wp-json\/wp\/v2\/media\/6385"}],"wp:attachment":[{"href":"https:\/\/koreanwonder.com\/es\/wp-json\/wp\/v2\/media?parent=8439"}],"wp:term":[{"taxonomy":"product_brand","embeddable":true,"href":"https:\/\/koreanwonder.com\/es\/wp-json\/wp\/v2\/product_brand?post=8439"},{"taxonomy":"product_cat","embeddable":true,"href":"https:\/\/koreanwonder.com\/es\/wp-json\/wp\/v2\/product_cat?post=8439"},{"taxonomy":"product_tag","embeddable":true,"href":"https:\/\/koreanwonder.com\/es\/wp-json\/wp\/v2\/product_tag?post=8439"}],"curies":[{"name":"wp","href":"https:\/\/api.w.org\/{rel}","templated":true}]}}