{"id":8430,"date":"2026-04-05T20:32:24","date_gmt":"2026-04-05T20:32:24","guid":{"rendered":"https:\/\/koreanwonder.com\/?post_type=product&#038;p=8430"},"modified":"2026-04-05T20:36:41","modified_gmt":"2026-04-05T20:36:41","slug":"medipeel-lacto-pore-lifting-modeling-pack","status":"publish","type":"product","link":"https:\/\/koreanwonder.com\/es\/product\/medipeel-lacto-pore-lifting-modeling-pack\/","title":{"rendered":"MEDIPEEL+ Lacto Pore Lifting Modeling Pack"},"content":{"rendered":"<p><b>Caracter\u00edsticas principales:<\/b><\/p>\n<p><b>Ingrediente principal:<\/b> Lactocol\u00e1geno, que reafirma y tensa la piel, reduciendo la visibilidad de los poros.<\/p>\n<p><b>Complejo de p\u00e9ptidos:<\/b> Incluye 10 tipos diferentes de p\u00e9ptidos que ayudan a restaurar y fortalecer la barrera cut\u00e1nea.<\/p>\n<p><b>Agua con gas: <\/b>Potencia el efecto de la mascarilla, proporcionando una limpieza profunda y un cuidado refrescante.<\/p>\n<p><b>Textura y sensaci\u00f3n:<\/b> La mascarilla tiene una textura ligera, lo que proporciona un uso c\u00f3modo sin sensaci\u00f3n de pesadez ni grasa.<\/p>\n<p><b>F\u00f3rmula hipoalerg\u00e9nica:<\/b> Probada para hipoalergenicidad, apta incluso para pieles sensibles.<\/p>\n<p>&nbsp;<\/p>\n<p><b>Beneficios:<\/b><\/p>\n<p><b>Efecto r\u00e1pido y visible: <\/b>Desde el primer uso, la piel luce m\u00e1s suave, firme y tonificada.<\/p>\n<p><b>Cuidado a largo plazo:<\/b> El uso regular de la mascarilla ayuda a mejorar el estado de la piel a largo plazo, dej\u00e1ndola visiblemente m\u00e1s joven y saludable.<span class=\"Apple-converted-space\">\u00a0<\/span><\/p>\n<p><b>F\u00e1cil de usar:<\/b> La mascarilla es f\u00e1cil de aplicar y enjuagar, ideal para el cuidado diario.<\/p>\n<p>&nbsp;<\/p>\n<p><b>\u00bfQu\u00e9 problemas soluciona?:<\/b><\/p>\n<p>Poros dilatados<\/p>\n<p>P\u00e9rdida de elasticidad<\/p>\n<p>Signos de envejecimiento cut\u00e1neo<\/p>\n<p>Arrugas y l\u00edneas de expresi\u00f3n<\/p>\n<p>Tono y textura desiguales<\/p>\n<p>Piel seca y apagada<\/p>\n<p>Falta de hidrataci\u00f3n<\/p>\n<p>P\u00e9rdida de volumen<\/p>\n<p>&nbsp;<\/p>\n<p><b>Modo de Empleo:<\/b><\/p>\n<p>1. Mezclar con agua en una proporci\u00f3n 1:1 hasta obtener una textura suave.<\/p>\n<p>2. Aplicar la mezcla bien mezclada en el rostro y distribuirla uniformemente.<\/p>\n<p>3. Despu\u00e9s de unos 15-20 minutos, retirar el envase endurecido, limpiar con t\u00f3nico y aplicar el cuidado b\u00e1sico.<\/p>\n<p>&nbsp;<\/p>\n<p><b>Precauciones<\/b><\/p>\n<p>Antes de usar, realice una prueba en el dorso de la mano para detectar posibles reacciones al\u00e9rgicas. Conservar fuera del alcance de los ni\u00f1os, alejado de la luz solar directa y a temperatura ambiente. En caso de contacto con los ojos, enjuagar con agua. Si se produce una reacci\u00f3n al\u00e9rgica, suspenda su uso y consulte a un m\u00e9dico.<\/p>\n","protected":false},"excerpt":{"rendered":"<p>MediPeel+ Lacto Pore Lifting Modeling Pack es una mascarilla de modelado dise\u00f1ada para reafirmar la piel, mejorar la elasticidad y minimizar la apariencia de los poros.<\/p>\n","protected":false},"featured_media":6354,"comment_status":"closed","ping_status":"closed","template":"","meta":[],"product_brand":[932],"product_cat":[687,780,695],"product_tag":[699,704,697,720,663],"class_list":{"0":"post-8430","1":"product","2":"type-product","3":"status-publish","4":"has-post-thumbnail","6":"product_brand-medipeel","7":"product_cat-cuidado-facial","8":"product_cat-mascarilla-facial","9":"product_cat-mascarillas-faciales","10":"product_tag-arrugas","11":"product_tag-colageno","12":"product_tag-mascarilla","13":"product_tag-peptidos","14":"product_tag-poros","16":"first","17":"instock","18":"taxable","19":"shipping-taxable","20":"purchasable","21":"product-type-simple"},"_links":{"self":[{"href":"https:\/\/koreanwonder.com\/es\/wp-json\/wp\/v2\/product\/8430","targetHints":{"allow":["GET"]}}],"collection":[{"href":"https:\/\/koreanwonder.com\/es\/wp-json\/wp\/v2\/product"}],"about":[{"href":"https:\/\/koreanwonder.com\/es\/wp-json\/wp\/v2\/types\/product"}],"replies":[{"embeddable":true,"href":"https:\/\/koreanwonder.com\/es\/wp-json\/wp\/v2\/comments?post=8430"}],"version-history":[{"count":1,"href":"https:\/\/koreanwonder.com\/es\/wp-json\/wp\/v2\/product\/8430\/revisions"}],"predecessor-version":[{"id":8460,"href":"https:\/\/koreanwonder.com\/es\/wp-json\/wp\/v2\/product\/8430\/revisions\/8460"}],"wp:featuredmedia":[{"embeddable":true,"href":"https:\/\/koreanwonder.com\/es\/wp-json\/wp\/v2\/media\/6354"}],"wp:attachment":[{"href":"https:\/\/koreanwonder.com\/es\/wp-json\/wp\/v2\/media?parent=8430"}],"wp:term":[{"taxonomy":"product_brand","embeddable":true,"href":"https:\/\/koreanwonder.com\/es\/wp-json\/wp\/v2\/product_brand?post=8430"},{"taxonomy":"product_cat","embeddable":true,"href":"https:\/\/koreanwonder.com\/es\/wp-json\/wp\/v2\/product_cat?post=8430"},{"taxonomy":"product_tag","embeddable":true,"href":"https:\/\/koreanwonder.com\/es\/wp-json\/wp\/v2\/product_tag?post=8430"}],"curies":[{"name":"wp","href":"https:\/\/api.w.org\/{rel}","templated":true}]}}