{"id":8397,"date":"2026-04-05T20:32:18","date_gmt":"2026-04-05T20:32:18","guid":{"rendered":"https:\/\/koreanwonder.com\/?post_type=product&#038;p=8397"},"modified":"2026-04-05T20:36:41","modified_gmt":"2026-04-05T20:36:41","slug":"medipeel-red-lacto-collagen-eye-patch-60-parches","status":"publish","type":"product","link":"https:\/\/koreanwonder.com\/es\/product\/medipeel-red-lacto-collagen-eye-patch-60-parches\/","title":{"rendered":"MEDIPEEL+ Red Lacto Collagen Eye Patch, 60 parches"},"content":{"rendered":"<p><b>Beneficios Clave<\/b><\/p>\n<p><b>Hidrataci\u00f3n Profunda: <\/b>Contienen siete tipos de \u00e1cido hialur\u00f3nico y glicerina para una hidrataci\u00f3n intensa, combatiendo la sequedad y la descamaci\u00f3n en el \u00e1rea del contorno de ojos.<\/p>\n<p><b>Efecto Antiedad:<\/b> Est\u00e1n enriquecidos con 93.000 ppm de extracto de col\u00e1geno para ayudar a reducir la apariencia de l\u00edneas finas y arrugas, promoviendo una apariencia m\u00e1s juvenil.<\/p>\n<p><b>Aumento de Elasticidad y Firmeza:<\/b> Mejoran la elasticidad y firmeza de la piel delicada, gracias a su alto contenido de col\u00e1geno y fermento de lactobacillus.<\/p>\n<p><b>Reducci\u00f3n de Hinchaz\u00f3n y Ojeras: <\/b>Ayudan a aliviar eficazmente la hinchaz\u00f3n matutina y pueden reducir la apariencia azulada de las ojeras, revitalizando la mirada.<\/p>\n<p><b>Efecto Iluminador:<\/b> La f\u00f3rmula incluye niacinamida, un ingrediente conocido por sus propiedades aclarantes, que ayuda a iluminar la zona ocular.<\/p>\n<p><b>Calmante y Revitalizante: <\/b>Proporcionan un efecto calmante y refrescante a la piel cansada alrededor de los ojos.<\/p>\n<p>&nbsp;<\/p>\n<p><b>Tipos de Piel<span class=\"Apple-converted-space\">\u00a0<\/span><\/b><\/p>\n<p><b>Todo Tipo de Piel: <\/b>Son aptos para piel grasa, mixta, normal y seca.<\/p>\n<p><b>Piel Madura:<\/b> Est\u00e1n enriquecidos con 93.000 ppm de extracto de col\u00e1geno para reducir las l\u00edneas finas y arrugas alrededor de los ojos, logrando una apariencia m\u00e1s juvenil.<\/p>\n<p><b>Piel Cansada\/Hinchada:<\/b> Proporcionan un efecto refrescante al instante, ayudando a desinflamar las bolsas y a revitalizar la mirada cansada.<\/p>\n<p><b>Piel Seca: <\/b>Ofrecen hidrataci\u00f3n intensa y nutrici\u00f3n profunda a la delicada piel del contorno de ojos, gracias al col\u00e1geno y siete tipos de \u00e1cido hialur\u00f3nico.<\/p>\n<p><b>Piel Apagada: <\/b>Contienen niacinamida, un ingrediente conocido por sus propiedades aclarantes, que ayuda a iluminar la zona ocular.<span class=\"Apple-converted-space\">\u00a0<\/span><\/p>\n<p>&nbsp;<\/p>\n<p><b>Ingredientes Principales<\/b><\/p>\n<p><b>Col\u00e1geno Hidrolizado:<\/b> Fortalece la elasticidad de la piel y tiene un efecto reafirmante, rellenando la piel debajo de los ojos.<\/p>\n<p><b>Fermento de Lactobacillus: <\/b>Ayuda a revitalizar la piel, proporcionando un efecto calmante y nutritivo.<\/p>\n<p><b>\u00c1cido Hialur\u00f3nico: <\/b>Contiene siete tipos de \u00e1cido hialur\u00f3nico para una hidrataci\u00f3n profunda y duradera.<\/p>\n<p><b>Niacinamida:<\/b> Contribuye a aclarar la piel y a atenuar la apariencia azulada de las ojeras.<\/p>\n<p>&nbsp;<\/p>\n<p><b>Modo de Empleo<\/b><\/p>\n<p>Despu\u00e9s de lavarse la cara, use una toalla para limpiar el agua. Usa cosm\u00e9ticos b\u00e1sicos para limpiar la textura de la piel. Aseg\u00farese de colocar el parche en el ojo con la cuchara sanitaria incluida. Despu\u00e9s de 20 a 30 minutos, ret\u00edrelo y aplique la esencia sobre la piel para absorberla.<\/p>\n<p>&nbsp;<\/p>\n<p><b>Precauciones<\/b><\/p>\n<p>Antes de usar, realice una prueba en el dorso de la mano para detectar posibles reacciones al\u00e9rgicas. Conservar fuera del alcance de los ni\u00f1os, alejado de la luz solar directa y a temperatura ambiente. En caso de contacto con los ojos, enjuagar con agua. Si se produce una reacci\u00f3n al\u00e9rgica, suspenda su uso y consulte a un m\u00e9dico.<\/p>\n","protected":false},"excerpt":{"rendered":"<p>MediPeel+ Red Lacto Collagen Eye Patch es un tratamiento cosm\u00e9tico en formato de parches de hidrogel dise\u00f1ados para el cuidado intensivo del contorno de ojos.<\/p>\n","protected":false},"featured_media":3718,"comment_status":"closed","ping_status":"closed","template":"","meta":[],"product_brand":[932],"product_cat":[687,691,833],"product_tag":[704,706,795,708,756],"class_list":{"0":"post-8397","1":"product","2":"type-product","3":"status-publish","4":"has-post-thumbnail","6":"product_brand-medipeel","7":"product_cat-cuidado-facial","8":"product_cat-para-el-contorno-de-ojos","9":"product_cat-parches-para-ojos","10":"product_tag-colageno","11":"product_tag-hinchazon","12":"product_tag-ojeras","13":"product_tag-para-ojos","14":"product_tag-parches","16":"first","17":"instock","18":"taxable","19":"shipping-taxable","20":"purchasable","21":"product-type-simple"},"_links":{"self":[{"href":"https:\/\/koreanwonder.com\/es\/wp-json\/wp\/v2\/product\/8397","targetHints":{"allow":["GET"]}}],"collection":[{"href":"https:\/\/koreanwonder.com\/es\/wp-json\/wp\/v2\/product"}],"about":[{"href":"https:\/\/koreanwonder.com\/es\/wp-json\/wp\/v2\/types\/product"}],"replies":[{"embeddable":true,"href":"https:\/\/koreanwonder.com\/es\/wp-json\/wp\/v2\/comments?post=8397"}],"version-history":[{"count":1,"href":"https:\/\/koreanwonder.com\/es\/wp-json\/wp\/v2\/product\/8397\/revisions"}],"predecessor-version":[{"id":8427,"href":"https:\/\/koreanwonder.com\/es\/wp-json\/wp\/v2\/product\/8397\/revisions\/8427"}],"wp:featuredmedia":[{"embeddable":true,"href":"https:\/\/koreanwonder.com\/es\/wp-json\/wp\/v2\/media\/3718"}],"wp:attachment":[{"href":"https:\/\/koreanwonder.com\/es\/wp-json\/wp\/v2\/media?parent=8397"}],"wp:term":[{"taxonomy":"product_brand","embeddable":true,"href":"https:\/\/koreanwonder.com\/es\/wp-json\/wp\/v2\/product_brand?post=8397"},{"taxonomy":"product_cat","embeddable":true,"href":"https:\/\/koreanwonder.com\/es\/wp-json\/wp\/v2\/product_cat?post=8397"},{"taxonomy":"product_tag","embeddable":true,"href":"https:\/\/koreanwonder.com\/es\/wp-json\/wp\/v2\/product_tag?post=8397"}],"curies":[{"name":"wp","href":"https:\/\/api.w.org\/{rel}","templated":true}]}}