{"id":8394,"date":"2026-04-05T20:32:17","date_gmt":"2026-04-05T20:32:17","guid":{"rendered":"https:\/\/koreanwonder.com\/?post_type=product&#038;p=8394"},"modified":"2026-04-05T20:36:41","modified_gmt":"2026-04-05T20:36:41","slug":"medipeel-red-lacto-collagen-clear-2-0-120ml-2026-04-11","status":"publish","type":"product","link":"https:\/\/koreanwonder.com\/es\/product\/medipeel-red-lacto-collagen-clear-2-0-120ml-2026-04-11\/","title":{"rendered":"MEDIPEEL+ Red Lacto Collagen Clear 2.0, 120ml (2026.04.11)"},"content":{"rendered":"<p><b>Beneficios Clave<\/b><\/p>\n<p><b>Limpieza profunda:<\/b> La f\u00f3rmula ligeramente alcalina limpia profundamente los poros, eliminando las c\u00e9lulas muertas de la piel y el sebo sin dejar una sensaci\u00f3n de tirantez o sequedad.<\/p>\n<p><b>Mejora de la elasticidad: <\/b>Contiene col\u00e1geno de bajo peso molecular y p\u00e9ptidos que ayudan a mantener la firmeza de la piel y a estimular la producci\u00f3n natural de col\u00e1geno.<\/p>\n<p><b>Hidrataci\u00f3n y suavidad:<\/b> Incorpora ingredientes como fermento de lactobacillus, \u00e1cido hialur\u00f3nico y extracto de flor de hibisco para proporcionar una hidrataci\u00f3n potente, dejando la piel suave.<\/p>\n<p><b>Minimiza los poros<\/b>: Est\u00e1 dise\u00f1ada para apretar y minimizar la apariencia de los poros dilatados, proporcionando un cutis m\u00e1s uniforme.<\/p>\n<p>&nbsp;<\/p>\n<p><b>Ingredientes Clave<\/b><\/p>\n<p><b>Lactobacilos Fermentados: <\/b>Este ingrediente ayuda a fortalecer la barrera cut\u00e1nea, mejorar la textura de la piel y a la hidrataci\u00f3n, adem\u00e1s de cuidar los poros.<\/p>\n<p><b>Complejo de Col\u00e1geno :<\/b> El limpiador contiene varias formas de col\u00e1geno de bajo peso molecular (incluyendo col\u00e1geno hidrolizado, col\u00e1geno soluble y extracto de col\u00e1geno) para apoyar la firmeza de la piel y su elasticidad.<\/p>\n<p><b>Complejo de \u00c1cidos (AHA, BHA, PHA, LHA):<\/b> Incluye \u00e1cido c\u00edtrico, \u00e1cido salic\u00edlico, gluconolactona y \u00e1cido capriloil salic\u00edlico. Estos ingredientes act\u00faan como exfoliantes suaves, ayudando a eliminar las c\u00e9lulas muertas de la piel, el exceso de sebo y las impurezas que obstruyen los poros, previniendo la formaci\u00f3n de puntos negros.<\/p>\n<p><b>Propolis Rojo y Extracto de Flor de Hibisco:<\/b> Estos potentes antioxidantes ayudan a proteger la piel del da\u00f1o de los radicales libres y a calmar la piel sensible. El extracto de hibisco tambi\u00e9n es rico en \u00e1cidos org\u00e1nicos y amino\u00e1cidos.<\/p>\n<p><b>P\u00e9ptidos:<\/b> El limpiador est\u00e1 enriquecido con p\u00e9ptidos para ayudar a mantener la firmeza de la piel y estimular la producci\u00f3n natural de col\u00e1geno.<\/p>\n<p>&nbsp;<\/p>\n<p><b>Modo de Empleo<\/b><\/p>\n<p>Aplique una cantidad adecuada y crear una espuma.<\/p>\n<p>Masajee suavemente las \u00e1reas faciales.<\/p>\n<p>Enjuague bien con agua.<\/p>\n<p>&nbsp;<\/p>\n<p><b>Precauciones<\/b><\/p>\n<p>Antes de usar, realice una prueba en el dorso de la mano para detectar posibles reacciones al\u00e9rgicas. Conservar fuera del alcance de los ni\u00f1os, alejado de la luz solar directa y a temperatura ambiente. En caso de contacto con los ojos, enjuagar con agua. Si se produce una reacci\u00f3n al\u00e9rgica, suspenda su uso y consulte a un m\u00e9dico.<\/p>\n","protected":false},"excerpt":{"rendered":"<p>Medi-Peel Red Lacto Collagen Clear 2.0 es una espuma limpiadora facial de poros que ofrece beneficios de limpieza profunda, elasticidad e hidrataci\u00f3n. Est\u00e1 formulada para mejorar la textura de la piel y es adecuada para todo tipo de pieles.<\/p>\n","protected":false},"featured_media":3700,"comment_status":"closed","ping_status":"closed","template":"","meta":[],"product_brand":[932],"product_cat":[687,796,822,782,797],"product_tag":[704,784,663,746],"class_list":{"0":"post-8394","1":"product","2":"type-product","3":"status-publish","4":"has-post-thumbnail","6":"product_brand-medipeel","7":"product_cat-cuidado-facial","8":"product_cat-descuentos","9":"product_cat-espumas-geles-leches","10":"product_cat-limpieza","11":"product_cat-ofertas","12":"product_tag-colageno","13":"product_tag-limpieza","14":"product_tag-poros","15":"product_tag-sebo","17":"first","18":"instock","19":"sale","20":"taxable","21":"shipping-taxable","22":"purchasable","23":"product-type-simple"},"_links":{"self":[{"href":"https:\/\/koreanwonder.com\/es\/wp-json\/wp\/v2\/product\/8394","targetHints":{"allow":["GET"]}}],"collection":[{"href":"https:\/\/koreanwonder.com\/es\/wp-json\/wp\/v2\/product"}],"about":[{"href":"https:\/\/koreanwonder.com\/es\/wp-json\/wp\/v2\/types\/product"}],"replies":[{"embeddable":true,"href":"https:\/\/koreanwonder.com\/es\/wp-json\/wp\/v2\/comments?post=8394"}],"version-history":[{"count":1,"href":"https:\/\/koreanwonder.com\/es\/wp-json\/wp\/v2\/product\/8394\/revisions"}],"predecessor-version":[{"id":8424,"href":"https:\/\/koreanwonder.com\/es\/wp-json\/wp\/v2\/product\/8394\/revisions\/8424"}],"wp:featuredmedia":[{"embeddable":true,"href":"https:\/\/koreanwonder.com\/es\/wp-json\/wp\/v2\/media\/3700"}],"wp:attachment":[{"href":"https:\/\/koreanwonder.com\/es\/wp-json\/wp\/v2\/media?parent=8394"}],"wp:term":[{"taxonomy":"product_brand","embeddable":true,"href":"https:\/\/koreanwonder.com\/es\/wp-json\/wp\/v2\/product_brand?post=8394"},{"taxonomy":"product_cat","embeddable":true,"href":"https:\/\/koreanwonder.com\/es\/wp-json\/wp\/v2\/product_cat?post=8394"},{"taxonomy":"product_tag","embeddable":true,"href":"https:\/\/koreanwonder.com\/es\/wp-json\/wp\/v2\/product_tag?post=8394"}],"curies":[{"name":"wp","href":"https:\/\/api.w.org\/{rel}","templated":true}]}}