{"id":8372,"date":"2026-04-05T20:32:16","date_gmt":"2026-04-05T20:32:16","guid":{"rendered":"https:\/\/koreanwonder.com\/?post_type=product&#038;p=8372"},"modified":"2026-04-05T20:36:40","modified_gmt":"2026-04-05T20:36:40","slug":"medipeel-peptide-9-volume-bio-tox-trial-kit","status":"publish","type":"product","link":"https:\/\/koreanwonder.com\/es\/product\/medipeel-peptide-9-volume-bio-tox-trial-kit\/","title":{"rendered":"MEDIPEEL+ Peptide 9 Volume Bio Tox Trial Kit"},"content":{"rendered":"<p><b>El set incluye :<\/b><\/p>\n<p><b>Peptide 9 Volume Bio Tox Toner Pro (20 ml):<\/b> Refresca y prepara la piel maximizando el potencial de los productos de cuidado posteriores.<\/p>\n<p><b>Suero facial Peptide 9 Volume Bio Tox Ampoule Pro (10 ml):<\/b> El suero concentrado penetra profundamente en la piel, satur\u00e1ndola con nutrientes e ingredientes activos.<\/p>\n<p><b>Crema para ojos Peptide 9 Volume Lif Tox (4 ml):<\/b> una crema para ojos espec\u00edfica que reduce la apariencia de arrugas y ojeras.<\/p>\n<p><b>Peptide 9 Volume &amp; Tension Tox Cream Pro (10g): <\/b>Crema intensamente hidratante y nutritiva que devuelve la elasticidad y densidad a la piel del rostro.<\/p>\n<p>&nbsp;<\/p>\n<p><b>Caracter\u00edsticas y Beneficios:<\/b><\/p>\n<p>F\u00f3rmula antienvejecimiento: una combinaci\u00f3n de 9 p\u00e9ptidos diferentes, extractos de oro, jalea real y caviar negro combate eficazmente los signos del envejecimiento, devolviendo a la piel firmeza y frescura.<\/p>\n<p>Mejora de la elasticidad: La volufilina y la adenosina en la composici\u00f3n ayudan a mejorar la elasticidad de la piel, haci\u00e9ndola m\u00e1s suave y tersa.<\/p>\n<p>Fortalecimiento de la estructura de la piel: El col\u00e1geno y la elastina del conjunto fortalecen la piel, ayud\u00e1ndola a regenerarse y repararse.<\/p>\n<p>&nbsp;<\/p>\n<p><b>Qu\u00e9 problemas resuelve:<\/b><\/p>\n<p>Arrugas y l\u00edneas finas<\/p>\n<p>P\u00e9rdida de elasticidad y firmeza de la piel.<\/p>\n<p>Piel seca y deshidratada<\/p>\n<p>Tono de piel apagado y desigual.<\/p>\n<p>P\u00e9rdida del contorno y firmeza facial.<\/p>\n<p>Signos de fatiga y estr\u00e9s en la piel.<\/p>\n<p>Efectos de los factores ambientales externos sobre la piel.<\/p>\n<p>&nbsp;<\/p>\n<p><b>Ingredientes activos principales:<\/b><\/p>\n<p><b>La adenosina<\/b> es un poderoso ingrediente antienvejecimiento que estimula la producci\u00f3n de col\u00e1geno y mejora la elasticidad de la piel, ayudando as\u00ed a reducir las arrugas y mejorar la firmeza de la piel. Como ingrediente de los cosm\u00e9ticos, la adenosina act\u00faa a nivel celular para ayudar a acelerar los procesos de reparaci\u00f3n y renovaci\u00f3n de la piel, haci\u00e9ndola m\u00e1s suave y con un aspecto m\u00e1s joven.<\/p>\n<p><b>Volufilin<\/b> es un ingrediente innovador derivado de la ra\u00edz de Anemarrena asphodeloides. Es conocido por su capacidad para estimular las c\u00e9lulas grasas, aumentando su volumen y densidad en la piel, dando como resultado un notable efecto tensor y reafirmante. Volufilin tambi\u00e9n mejora el contorno del rostro y aporta a la piel un aspecto m\u00e1s joven y firme, lo que lo convierte en un ingrediente ideal para la cosm\u00e9tica antienvejecimiento.<\/p>\n<p><b>Los p\u00e9ptidos <\/b>son cadenas cortas de amino\u00e1cidos que son los componentes b\u00e1sicos de las prote\u00ednas de nuestro cuerpo, incluido el col\u00e1geno de la piel. En cosm\u00e9tica, los p\u00e9ptidos se utilizan para mejorar el aspecto de la piel estimul\u00e1ndola a renovarse y producir col\u00e1geno. Esto ayuda a reducir la aparici\u00f3n de arrugas, mejorar el tono de la piel y restaurar la apariencia joven y saludable de la piel. Hay muchos tipos diferentes de p\u00e9ptidos, cada uno con una funci\u00f3n \u00fanica para abordar problemas espec\u00edficos de la piel.<\/p>\n<p>&nbsp;<\/p>\n<p><b>Modo de Empleo<\/b><\/p>\n<p>1. Primero, aplica t\u00f3nico sobre el rostro limpio.<\/p>\n<p>2. Empieza a usar el s\u00e9rum facial.<\/p>\n<p>3. Para la piel delicada del contorno de ojos, utilice una crema para los ojos.<\/p>\n<p>4. En la etapa final del cuidado, utilice una crema facial.<\/p>\n<p>&nbsp;<\/p>\n<p><b>Precauciones<\/b><\/p>\n<p>Antes de usar, realice una prueba en el dorso de la mano para detectar posibles reacciones al\u00e9rgicas. Mantener fuera del alcance de los ni\u00f1os, alejado de la luz solar directa y a temperatura ambiente. En caso de contacto con los ojos, enjuagar con agua. Si se produce una reacci\u00f3n al\u00e9rgica, suspenda su uso y consulte a un m\u00e9dico.<\/p>\n<p>&nbsp;<\/p>\n<p>* Esta descripci\u00f3n ha sido creada por AI a partir de la informaci\u00f3n facilitada por la marca. Aunque nos esforzamos por ser precisos, tenga en cuenta que pueden producirse algunos errores. Por favor, verifique los detalles del producto de forma independiente.<\/p>\n","protected":false},"excerpt":{"rendered":"<p>MEDIPEEL+ Peptide 9 Volume Bio Tox Trial Kit es un set de cuidado de la piel antienvejecimiento en tama\u00f1o de viaje que contiene cuatro productos esenciales para nutrir, reafirmar y revitalizar la piel, con el objetivo de reducir las arrugas y mejorar la elasticidad.<span class=\"Apple-converted-space\">\u00a0<\/span><\/p>\n","protected":false},"featured_media":6335,"comment_status":"closed","ping_status":"closed","template":"","meta":[],"product_brand":[932],"product_cat":[693,692,687,711,691,690,689,785,737,778],"product_tag":[699,712,715,817],"class_list":{"0":"post-8372","1":"product","2":"type-product","3":"status-publish","4":"has-post-thumbnail","6":"product_brand-medipeel","7":"product_cat-cremas-faciales","8":"product_cat-cremas-y-geles-para-el-contorno-de-ojos","9":"product_cat-cuidado-facial","10":"product_cat-miniaturas-probadores","11":"product_cat-para-el-contorno-de-ojos","12":"product_cat-serum-ampolla","13":"product_cat-serums","14":"product_cat-sets-de-cosmeticos","15":"product_cat-tonicos","17":"product_tag-arrugas","18":"product_tag-miniatura-muestra","19":"product_tag-piel-madura","20":"product_tag-set","22":"first","23":"instock","24":"taxable","25":"shipping-taxable","26":"purchasable","27":"product-type-simple"},"_links":{"self":[{"href":"https:\/\/koreanwonder.com\/es\/wp-json\/wp\/v2\/product\/8372","targetHints":{"allow":["GET"]}}],"collection":[{"href":"https:\/\/koreanwonder.com\/es\/wp-json\/wp\/v2\/product"}],"about":[{"href":"https:\/\/koreanwonder.com\/es\/wp-json\/wp\/v2\/types\/product"}],"replies":[{"embeddable":true,"href":"https:\/\/koreanwonder.com\/es\/wp-json\/wp\/v2\/comments?post=8372"}],"version-history":[{"count":1,"href":"https:\/\/koreanwonder.com\/es\/wp-json\/wp\/v2\/product\/8372\/revisions"}],"predecessor-version":[{"id":8402,"href":"https:\/\/koreanwonder.com\/es\/wp-json\/wp\/v2\/product\/8372\/revisions\/8402"}],"wp:featuredmedia":[{"embeddable":true,"href":"https:\/\/koreanwonder.com\/es\/wp-json\/wp\/v2\/media\/6335"}],"wp:attachment":[{"href":"https:\/\/koreanwonder.com\/es\/wp-json\/wp\/v2\/media?parent=8372"}],"wp:term":[{"taxonomy":"product_brand","embeddable":true,"href":"https:\/\/koreanwonder.com\/es\/wp-json\/wp\/v2\/product_brand?post=8372"},{"taxonomy":"product_cat","embeddable":true,"href":"https:\/\/koreanwonder.com\/es\/wp-json\/wp\/v2\/product_cat?post=8372"},{"taxonomy":"product_tag","embeddable":true,"href":"https:\/\/koreanwonder.com\/es\/wp-json\/wp\/v2\/product_tag?post=8372"}],"curies":[{"name":"wp","href":"https:\/\/api.w.org\/{rel}","templated":true}]}}