{"id":8334,"date":"2026-04-05T20:32:10","date_gmt":"2026-04-05T20:32:10","guid":{"rendered":"https:\/\/koreanwonder.com\/?post_type=product&#038;p=8334"},"modified":"2026-04-05T20:36:39","modified_gmt":"2026-04-05T20:36:39","slug":"medipeel-hyaluron-rose-peptide-9-ampoule-eye-patch-60-parches","status":"publish","type":"product","link":"https:\/\/koreanwonder.com\/es\/product\/medipeel-hyaluron-rose-peptide-9-ampoule-eye-patch-60-parches\/","title":{"rendered":"Medipeel+ Hyaluron Rose Peptide 9 Ampoule Eye Patch, 60 parches"},"content":{"rendered":"<p><b>Beneficios Clave<\/b><\/p>\n<p><b>Hidrataci\u00f3n profunda: <\/b>Gracias a su contenido de m\u00faltiples tipos de \u00e1cido hialur\u00f3nico, los parches retienen la humedad y proporcionan un efecto relleno e hidratante duradero en la delicada piel del contorno de ojos.<\/p>\n<p><b>Reducci\u00f3n de signos de fatiga:<\/b> Ayudan a disminuir la apariencia de ojeras oscuras y la hinchaz\u00f3n (bolsas), proporcionando un efecto refrescante y calmante que revitaliza la mirada cansada.<\/p>\n<p><b>Mejora de la elasticidad y firmeza:<\/b> El complejo de 9 p\u00e9ptidos estimula la producci\u00f3n de col\u00e1geno y elastina, lo que mejora la firmeza y elasticidad de la piel, ayudando a reducir las l\u00edneas finas y prevenir la flacidez.<\/p>\n<p><b>Efecto antioxidante e iluminador: <\/b>Los extractos de rosas (damascena, provence y francesa) y los extractos de bayas (ar\u00e1ndano, frambuesa, etc.) aportan polifenoles y carotenoides, que tienen un fuerte efecto antioxidante, mejoran el tono de la piel y aportan luminosidad.<\/p>\n<p><b>Regeneraci\u00f3n de la piel: <\/b>Contienen ingredientes como extracto de granada y centella asi\u00e1tica, que aceleran la regeneraci\u00f3n celular y mejoran la microcirculaci\u00f3n sangu\u00ednea, contribuyendo a una piel m\u00e1s saludable y tonificada.<\/p>\n<p>&nbsp;<\/p>\n<p><b>Ingredientes \u00a0claves:<\/b><\/p>\n<p><b>Extracto de rosa.<\/b>\u00a0Hidrata intensamente la piel, la satura con valiosos micronutrientes, estimula la renovaci\u00f3n celular, alivia la descamaci\u00f3n, reduce el enrojecimiento, aumenta la elasticidad.<\/p>\n<p><b>Extracto de granada<\/b>.\u00a0Un antioxidante natural que evita la destrucci\u00f3n de las c\u00e9lulas por los radicales libres, suaviza las arrugas, aclara la pigmentaci\u00f3n y los rastros de acn\u00e9, elimina los \u00abpuntos negros\u00bb y suaviza la piel.<\/p>\n<p><b>Tripepty de cobre.<\/b>\u00a0Protege la piel del fotoenvejecimiento, promueve la regeneraci\u00f3n acelerada y la renovaci\u00f3n de las c\u00e9lulas, aumenta la elasticidad de la piel, ralentiza el proceso de envejecimiento.<\/p>\n<p><b>Oligop\u00e9ptido.<\/b>\u00a0Es una mezcla de \u00e1cido graso palmitol y hasta 10 amino\u00e1cidos. Promueve la s\u00edntesis de \u00e1cido hialur\u00f3nico y col\u00e1geno, combate las arrugas poco profundas, aumenta la elasticidad de la piel.<\/p>\n<p><b>Alanto\u00edna.<\/b>\u00a0Potente antioxidante, tiene un efecto antiinflamatorio y antimicrobiano, ayuda a exfoliar las c\u00e9lulas muertas, mejora las funciones protectoras de la piel, suaviza y calma la piel.<\/p>\n<p><b>Complejos \u00e1cidos hialur\u00f3nicos<\/b>\u00a0&#8211; hidrata intensamente la piel a las capas m\u00e1s profundas debido a la estructura molecular baja, compensa la falta de humedad, normaliza el equilibrio h\u00eddrico y evita la p\u00e9rdida de humedad, sensaci\u00f3n de apriete, malestar y la formaci\u00f3n de ligaduras \u00absecas\u00bb, aumenta la elasticidad de la piel y promueve el suavizado de las arrugas de malla fina.<\/p>\n<p><b>Col\u00e1geno hidrolizado<\/b>\u00a0&#8211; aumenta la fuerza de la piel, estimulando la producci\u00f3n de fibras de col\u00e1geno, compacta la piel delgada, la satura con humedad a capas profundas y mantiene niveles \u00f3ptimos de humedad mediante la creaci\u00f3n de una capa de barrera de retenci\u00f3n de agua en la superficie de la piel, elimina el problema de la sequedad, la deshidrataci\u00f3n, devuelve la piel a la elasticidad natural y elasticidad, llena las arrugas faciales poco profundas.<\/p>\n<p>&nbsp;<\/p>\n<p><b>Modo de uso:\u00a0<\/b><\/p>\n<p>Aplicar parches en la piel debajo de los ojos, despu\u00e9s de 15-20 minutos retirar los parches.<\/p>\n<p><b>Capacidad:<\/b>\u00a060<\/p>\n<p>&nbsp;<\/p>\n<p><b>Precauciones<\/b><\/p>\n<p>Antes de usar, realice una prueba en el dorso de la mano para detectar posibles reacciones al\u00e9rgicas. Mantener fuera del alcance de los ni\u00f1os, alejado de la luz solar directa y a temperatura ambiente. En caso de contacto con los ojos, enjuagar con agua. Si se produce una reacci\u00f3n al\u00e9rgica, suspenda su uso y consulte a un m\u00e9dico.<\/p>\n<p>&nbsp;<\/p>\n<p>* Esta descripci\u00f3n ha sido creada por AI a partir de la informaci\u00f3n facilitada por la marca. Aunque nos esforzamos por ser precisos, tenga en cuenta que pueden producirse algunos errores. Por favor, verifique los detalles del producto de forma independiente.<\/p>\n","protected":false},"excerpt":{"rendered":"<p>MediPeel+ Hyaluron Rose Peptide 9 Ampoule eye patch &#8211;<span class=\"Apple-converted-space\">\u00a0 <\/span>es un parche ocular multifuncional de hidrogel que hidrata intensamente, rejuvenece y da luminosidad a la delicada piel del contorno de ojos, ayudando a combatir la hinchaz\u00f3n, las ojeras, las l\u00edneas de expresi\u00f3n y las arrugas.<\/p>\n","protected":false},"featured_media":3492,"comment_status":"closed","ping_status":"closed","template":"","meta":[],"product_brand":[932],"product_cat":[687,691,833],"product_tag":[708,756,720],"class_list":{"0":"post-8334","1":"product","2":"type-product","3":"status-publish","4":"has-post-thumbnail","6":"product_brand-medipeel","7":"product_cat-cuidado-facial","8":"product_cat-para-el-contorno-de-ojos","9":"product_cat-parches-para-ojos","10":"product_tag-para-ojos","11":"product_tag-parches","12":"product_tag-peptidos","14":"first","15":"instock","16":"taxable","17":"shipping-taxable","18":"purchasable","19":"product-type-simple"},"_links":{"self":[{"href":"https:\/\/koreanwonder.com\/es\/wp-json\/wp\/v2\/product\/8334","targetHints":{"allow":["GET"]}}],"collection":[{"href":"https:\/\/koreanwonder.com\/es\/wp-json\/wp\/v2\/product"}],"about":[{"href":"https:\/\/koreanwonder.com\/es\/wp-json\/wp\/v2\/types\/product"}],"replies":[{"embeddable":true,"href":"https:\/\/koreanwonder.com\/es\/wp-json\/wp\/v2\/comments?post=8334"}],"version-history":[{"count":1,"href":"https:\/\/koreanwonder.com\/es\/wp-json\/wp\/v2\/product\/8334\/revisions"}],"predecessor-version":[{"id":8364,"href":"https:\/\/koreanwonder.com\/es\/wp-json\/wp\/v2\/product\/8334\/revisions\/8364"}],"wp:featuredmedia":[{"embeddable":true,"href":"https:\/\/koreanwonder.com\/es\/wp-json\/wp\/v2\/media\/3492"}],"wp:attachment":[{"href":"https:\/\/koreanwonder.com\/es\/wp-json\/wp\/v2\/media?parent=8334"}],"wp:term":[{"taxonomy":"product_brand","embeddable":true,"href":"https:\/\/koreanwonder.com\/es\/wp-json\/wp\/v2\/product_brand?post=8334"},{"taxonomy":"product_cat","embeddable":true,"href":"https:\/\/koreanwonder.com\/es\/wp-json\/wp\/v2\/product_cat?post=8334"},{"taxonomy":"product_tag","embeddable":true,"href":"https:\/\/koreanwonder.com\/es\/wp-json\/wp\/v2\/product_tag?post=8334"}],"curies":[{"name":"wp","href":"https:\/\/api.w.org\/{rel}","templated":true}]}}