{"id":8279,"date":"2026-04-05T20:32:02","date_gmt":"2026-04-05T20:32:02","guid":{"rendered":"https:\/\/koreanwonder.com\/?post_type=product&#038;p=8279"},"modified":"2026-04-05T20:36:36","modified_gmt":"2026-04-05T20:36:36","slug":"medipeel-mooltox-glow-moisturizing-modeling-pack","status":"publish","type":"product","link":"https:\/\/koreanwonder.com\/es\/product\/medipeel-mooltox-glow-moisturizing-modeling-pack\/","title":{"rendered":"MEDIPEEL+ Mooltox Glow Moisturizing Modeling Pack"},"content":{"rendered":"<p><b>Beneficios clave:<\/b><\/p>\n<p><b>Hidrataci\u00f3n intensa: <\/b>La inclusi\u00f3n de \u00e1cido hialur\u00f3nico y acuaporina proporciona una hidrataci\u00f3n profunda e instant\u00e1nea, restaurando la vitalidad de la piel.<\/p>\n<p><b>Resplandor de la piel:<\/b> Dise\u00f1ada para darle a tu piel un brillo natural desde el primer uso.<\/p>\n<p><b>Tratamiento de sal\u00f3n en casa: <\/b>Cuidado de la piel profesional con calidad de sal\u00f3n disponible en tu hogar.<\/p>\n<p><b>Complejo de p\u00e9ptidos: <\/b>Con 10 tipos diferentes de p\u00e9ptidos y agua carbonatada, potencia la eficacia de la mascarilla, estimulando la renovaci\u00f3n y la restauraci\u00f3n de la piel.<\/p>\n<p>La mascarilla se adhiere perfectamente a la textura de la piel, creando una barrera que previene la p\u00e9rdida de ingredientes activos e hidrataci\u00f3n.<\/p>\n<p>&nbsp;<\/p>\n<p><b>\u00bfQu\u00e9 problemas soluciona?<\/b><\/p>\n<p>Deshidrataci\u00f3n cut\u00e1nea<\/p>\n<p>P\u00e9rdida de elasticidad y tono<\/p>\n<p>Tez apagada<\/p>\n<p>Primeros signos de envejecimiento<\/p>\n<p>Arrugas y l\u00edneas de expresi\u00f3n<\/p>\n<p>Aspereza cut\u00e1nea<\/p>\n<p>Tono de piel desigual<\/p>\n<p>Protecci\u00f3n contra influencias externas<\/p>\n<p>P\u00e9rdida de vitalidad cut\u00e1nea<\/p>\n<p>&nbsp;<\/p>\n<p><b>Modo de Empleo:<\/b><\/p>\n<p>1. Mezclar con agua en una proporci\u00f3n de 1:1 hasta obtener una textura suave.<\/p>\n<p>2. Aplicar la mezcla bien mezclada en el rostro y distribuirla uniformemente.<\/p>\n<p>3. Despu\u00e9s de unos 15-20 minutos, retirar el envase endurecido, limpiar con t\u00f3nico y aplicar los cosm\u00e9ticos b\u00e1sicos.<\/p>\n<p>&nbsp;<\/p>\n<p><b>Precauciones<\/b><\/p>\n<p>Antes de usar, realice una prueba en el dorso de la mano para detectar posibles reacciones al\u00e9rgicas. Mantener fuera del alcance de los ni\u00f1os, alejado de la luz solar directa y a temperatura ambiente. En caso de contacto con los ojos, enjuagar con agua. Si se produce una reacci\u00f3n al\u00e9rgica, suspenda su uso y consulte a un m\u00e9dico.<\/p>\n","protected":false},"excerpt":{"rendered":"<p>Prueba la revolucionaria mascarilla que funciona mejor que cualquier tratamiento de sal\u00f3n y siente la diferencia desde el primer uso.<\/p>\n","protected":false},"featured_media":6307,"comment_status":"closed","ping_status":"closed","template":"","meta":[],"product_brand":[932],"product_cat":[687,780,695],"product_tag":[703,697,715,710],"class_list":{"0":"post-8279","1":"product","2":"type-product","3":"status-publish","4":"has-post-thumbnail","6":"product_brand-medipeel","7":"product_cat-cuidado-facial","8":"product_cat-mascarilla-facial","9":"product_cat-mascarillas-faciales","10":"product_tag-hidratacion","11":"product_tag-mascarilla","12":"product_tag-piel-madura","13":"product_tag-sequedad","15":"first","16":"instock","17":"taxable","18":"shipping-taxable","19":"purchasable","20":"product-type-simple"},"_links":{"self":[{"href":"https:\/\/koreanwonder.com\/es\/wp-json\/wp\/v2\/product\/8279","targetHints":{"allow":["GET"]}}],"collection":[{"href":"https:\/\/koreanwonder.com\/es\/wp-json\/wp\/v2\/product"}],"about":[{"href":"https:\/\/koreanwonder.com\/es\/wp-json\/wp\/v2\/types\/product"}],"replies":[{"embeddable":true,"href":"https:\/\/koreanwonder.com\/es\/wp-json\/wp\/v2\/comments?post=8279"}],"version-history":[{"count":1,"href":"https:\/\/koreanwonder.com\/es\/wp-json\/wp\/v2\/product\/8279\/revisions"}],"predecessor-version":[{"id":8309,"href":"https:\/\/koreanwonder.com\/es\/wp-json\/wp\/v2\/product\/8279\/revisions\/8309"}],"wp:featuredmedia":[{"embeddable":true,"href":"https:\/\/koreanwonder.com\/es\/wp-json\/wp\/v2\/media\/6307"}],"wp:attachment":[{"href":"https:\/\/koreanwonder.com\/es\/wp-json\/wp\/v2\/media?parent=8279"}],"wp:term":[{"taxonomy":"product_brand","embeddable":true,"href":"https:\/\/koreanwonder.com\/es\/wp-json\/wp\/v2\/product_brand?post=8279"},{"taxonomy":"product_cat","embeddable":true,"href":"https:\/\/koreanwonder.com\/es\/wp-json\/wp\/v2\/product_cat?post=8279"},{"taxonomy":"product_tag","embeddable":true,"href":"https:\/\/koreanwonder.com\/es\/wp-json\/wp\/v2\/product_tag?post=8279"}],"curies":[{"name":"wp","href":"https:\/\/api.w.org\/{rel}","templated":true}]}}