{"id":8278,"date":"2026-04-05T20:32:02","date_gmt":"2026-04-05T20:32:02","guid":{"rendered":"https:\/\/koreanwonder.com\/?post_type=product&#038;p=8278"},"modified":"2026-04-05T20:36:36","modified_gmt":"2026-04-05T20:36:36","slug":"medipeel-mooltox-hyaluron-layer-wrapping-mask-70ml","status":"publish","type":"product","link":"https:\/\/koreanwonder.com\/es\/product\/medipeel-mooltox-hyaluron-layer-wrapping-mask-70ml\/","title":{"rendered":"MEDIPEEL+ Mooltox Hyaluron Layer Wrapping Mask, 70ml"},"content":{"rendered":"<p>Esta innovadora mascarilla luminosa de agua no solo le da a tu rostro volumen y un brillo brillante inmediatamente despu\u00e9s de retirarla, sino que tambi\u00e9n proporciona hidrataci\u00f3n y firmeza duraderas a tu piel.<\/p>\n<p>&nbsp;<\/p>\n<p><b>Caracter\u00edsticas del producto:<\/b><\/p>\n<p><b>\u00c1cido Hialur\u00f3nico Circular:<\/b> Un ingrediente innovador que penetra profundamente en los poros, brindando humectaci\u00f3n duradera de la piel por hasta 144 horas, cl\u00ednicamente probado.<\/p>\n<p><b>Efecto lifting: <\/b>Cierra eficazmente los poros dilatados y la piel fl\u00e1cida para devolver la juventud y frescura al rostro.<\/p>\n<p><b>Suavizado de la textura de la piel: <\/b>Alisa suavemente la piel \u00e1spera, dej\u00e1ndola suave y sedosa.<\/p>\n<p><b>Alivio de la irritaci\u00f3n: <\/b>Refresca r\u00e1pidamente la piel irritada por el calor, devolvi\u00e9ndole una sensaci\u00f3n de confort y frescor.<\/p>\n<p>&nbsp;<\/p>\n<p><b>Qu\u00e9 problemas resuelve:<\/b><\/p>\n<p>Falta de hidrataci\u00f3n de la piel.<\/p>\n<p>Poros dilatados.<\/p>\n<p>P\u00e9rdida de elasticidad y flacidez de la piel.<\/p>\n<p>Aspereza y textura desigual de la piel.<\/p>\n<p>Da\u00f1o en la piel por factores externos.<\/p>\n<p>Signos tempranos del envejecimiento de la piel, incluidas l\u00edneas finas y arrugas.<\/p>\n<p>P\u00e9rdida del brillo natural de la piel.<\/p>\n<p>Sensaci\u00f3n de opresi\u00f3n e incomodidad.<\/p>\n<p>&nbsp;<\/p>\n<p><b>Ingredientes:<\/b><\/p>\n<p><b>Aceite de Jojoba:<\/b> Extra\u00eddo de las semillas del arbusto de jojoba, este aceite es rico en vitaminas E y B, adem\u00e1s de minerales que nutren y protegen la piel, manteni\u00e9ndola hidratada y flexible. Tiene una estructura \u00fanica que se parece mucho al sebo de la piel, lo que la hace ideal para mejorar el equilibrio de grasa y la hidrataci\u00f3n de la piel.<\/p>\n<p><b>Aceite de semilla de girasol: <\/b>Derivado de las semillas de girasol, este aceite es rico en vitamina E, un antioxidante que protege la piel de los efectos da\u00f1inos de los radicales libres y la radiaci\u00f3n ultravioleta. Ayuda a retener la humedad en la piel, dej\u00e1ndola suave y tersa.<\/p>\n<p><b>Extracto de centella asi\u00e1tica: <\/b>Tambi\u00e9n conocida como hierba de tigre, este ingrediente es muy utilizado en la cosm\u00e9tica asi\u00e1tica por sus poderosas propiedades curativas. Promueve la cicatrizaci\u00f3n de heridas, reduce la inflamaci\u00f3n y estimula la producci\u00f3n de col\u00e1geno para una piel m\u00e1s firme y suave.<\/p>\n<p><b>Niacinamida: <\/b>la vitamina B3 desempe\u00f1a un papel clave en el fortalecimiento de la barrera cut\u00e1nea, reduciendo el enrojecimiento, unificando el tono de la piel y mejorando la textura de la piel. Es eficaz para combatir la pigmentaci\u00f3n y prevenir las arrugas.<\/p>\n<p><b>Adenosina: <\/b>Un poderoso ingrediente antienvejecimiento que estimula la producci\u00f3n de col\u00e1geno y reduce la aparici\u00f3n de arrugas y l\u00edneas finas. Ayuda a mejorar la elasticidad de la piel y tiene propiedades calmantes, por lo que es ideal para pieles sensibles.<\/p>\n<p>&nbsp;<\/p>\n<p><b>Modo de Empleo<\/b><\/p>\n<p>Despu\u00e9s de la limpieza, aplique primero el t\u00f3nico y la crema antes de usar este producto.<\/p>\n<p>1. Aplicar unos 5 g de producto en todo el rostro, excluyendo ojos y boca.<\/p>\n<p>2. Seque durante unos 20-30 minutos hasta obtener una capa de cobertura transparente y radiante.<\/p>\n<p>3 Retirar lentamente, empezando por los bordes.<\/p>\n<p>&nbsp;<\/p>\n<p><b>Precauciones<\/b><\/p>\n<p>Antes de usar, realice una prueba en el dorso de la mano para detectar posibles reacciones al\u00e9rgicas. Mantener fuera del alcance de los ni\u00f1os, alejado de la luz solar directa y a temperatura ambiente. En caso de contacto con los ojos, enjuagar con agua. Si se produce una reacci\u00f3n al\u00e9rgica, suspenda su uso y consulte a un m\u00e9dico.<\/p>\n","protected":false},"excerpt":{"rendered":"<p>\u00a1Descubre el secreto para una piel perfecta con la mascarilla envolvente Medi-Peel Mooltox Hyaluron Layer! Esta mascarilla envolvente \u00fanica no s\u00f3lo hidrata y refresca instant\u00e1neamente la piel, sino que tambi\u00e9n le aporta un brillo y una firmeza incomparables.<\/p>\n","protected":false},"featured_media":6301,"comment_status":"closed","ping_status":"closed","template":"","meta":[],"product_brand":[932],"product_cat":[687,787,695],"product_tag":[703,697,715,710],"class_list":{"0":"post-8278","1":"product","2":"type-product","3":"status-publish","4":"has-post-thumbnail","6":"product_brand-medipeel","7":"product_cat-cuidado-facial","8":"product_cat-mascarilla-envolvente","9":"product_cat-mascarillas-faciales","10":"product_tag-hidratacion","11":"product_tag-mascarilla","12":"product_tag-piel-madura","13":"product_tag-sequedad","15":"first","16":"instock","17":"taxable","18":"shipping-taxable","19":"purchasable","20":"product-type-simple"},"_links":{"self":[{"href":"https:\/\/koreanwonder.com\/es\/wp-json\/wp\/v2\/product\/8278","targetHints":{"allow":["GET"]}}],"collection":[{"href":"https:\/\/koreanwonder.com\/es\/wp-json\/wp\/v2\/product"}],"about":[{"href":"https:\/\/koreanwonder.com\/es\/wp-json\/wp\/v2\/types\/product"}],"replies":[{"embeddable":true,"href":"https:\/\/koreanwonder.com\/es\/wp-json\/wp\/v2\/comments?post=8278"}],"version-history":[{"count":1,"href":"https:\/\/koreanwonder.com\/es\/wp-json\/wp\/v2\/product\/8278\/revisions"}],"predecessor-version":[{"id":8308,"href":"https:\/\/koreanwonder.com\/es\/wp-json\/wp\/v2\/product\/8278\/revisions\/8308"}],"wp:featuredmedia":[{"embeddable":true,"href":"https:\/\/koreanwonder.com\/es\/wp-json\/wp\/v2\/media\/6301"}],"wp:attachment":[{"href":"https:\/\/koreanwonder.com\/es\/wp-json\/wp\/v2\/media?parent=8278"}],"wp:term":[{"taxonomy":"product_brand","embeddable":true,"href":"https:\/\/koreanwonder.com\/es\/wp-json\/wp\/v2\/product_brand?post=8278"},{"taxonomy":"product_cat","embeddable":true,"href":"https:\/\/koreanwonder.com\/es\/wp-json\/wp\/v2\/product_cat?post=8278"},{"taxonomy":"product_tag","embeddable":true,"href":"https:\/\/koreanwonder.com\/es\/wp-json\/wp\/v2\/product_tag?post=8278"}],"curies":[{"name":"wp","href":"https:\/\/api.w.org\/{rel}","templated":true}]}}