{"id":8267,"date":"2026-04-05T20:32:02","date_gmt":"2026-04-05T20:32:02","guid":{"rendered":"https:\/\/koreanwonder.com\/?post_type=product&#038;p=8267"},"modified":"2026-04-05T20:36:35","modified_gmt":"2026-04-05T20:36:35","slug":"medicube-zero-pore-cooling-mask","status":"publish","type":"product","link":"https:\/\/koreanwonder.com\/es\/product\/medicube-zero-pore-cooling-mask\/","title":{"rendered":"Medicube Zero Pore Cooling Mask"},"content":{"rendered":"<p>La mascarilla, ultra fina y de ajuste perfecto, asegura una m\u00e1xima absorci\u00f3n de humedad y activos, dejando la piel equilibrada, fresca y visiblemente m\u00e1s suave. Libre de ingredientes da\u00f1inos, es ideal para pieles sensibles, brindando un cuidado eficaz sin irritaci\u00f3n<\/p>\n<p>&nbsp;<\/p>\n<p><b>Beneficios<\/b><\/p>\n<p><b>Refrescante y calmante: <\/b>Reduce la temperatura de la piel para aliviar irritaciones.<\/p>\n<p><b>Mejora de poros:<\/b> Niacinamida y adenosina trabajan juntas para afinar y mejorar la textura de la piel.<\/p>\n<p><b>Calma el enrojecimiento:<\/b> Su efecto refrescante no irritante reduce el enrojecimiento y proporciona alivio inmediato.<\/p>\n<p><b>Estimula el col\u00e1geno:<\/b> La adenosina mejora la elasticidad de la piel, suavizando su textura.<\/p>\n<p><b>Hidrataci\u00f3n profunda:<\/b> La mascarilla ultra fina maximiza la entrega de activos hidratantes y nutrientes.<\/p>\n<p><b>F\u00f3rmula segura: <\/b>Libre de qu\u00edmicos agresivos, es perfecta para pieles sensibles o irritadas.<\/p>\n<p>&nbsp;<\/p>\n<p><b>Ingredientes clave<\/b><\/p>\n<p><b>Niacinamida: <\/b>Vitamina B3 que tensa los poros, reduce el enrojecimiento y mejora la luminosidad de la piel.<\/p>\n<p><b>Adenosina:<\/b> Estimula la producci\u00f3n de col\u00e1geno, mejorando la firmeza y suavidad de la piel<\/p>\n<p>&nbsp;<\/p>\n<p><b>Modo de empleo<\/b><\/p>\n<p>Limpie su rostro y ajuste la textura de la piel con un t\u00f3nico.<\/p>\n<p>Retire la mascarilla del paquete y col\u00f3quela sobre el rostro, evitando el \u00e1rea de los ojos y los labios.<\/p>\n<p>D\u00e9jela actuar durante 10-20 minutos.<\/p>\n<p>Retire la mascarilla y masajee suavemente el rostro con el exceso de esencia hasta que se absorba completamente.<\/p>\n<p>Use de 1 a 2 veces por semana seg\u00fan las necesidades de su piel.<\/p>\n<p>&nbsp;<\/p>\n<p><b>Precauciones:<\/b><\/p>\n<p>1) Si experimenta alg\u00fan s\u00edntoma o efecto secundario anormal, como manchas rojas, hinchaz\u00f3n o picaz\u00f3n en la zona de aplicaci\u00f3n debido a la luz solar directa durante o despu\u00e9s de usar el cosm\u00e9tico, consulte a un especialista.<\/p>\n<p>2) No usar sobre zonas con heridas.<\/p>\n<p>Precauciones de almacenamiento y manipulaci\u00f3n<\/p>\n<p>1) Mantener fuera del alcance de los ni\u00f1os.<\/p>\n<p>2) Almacenar alejado de la luz solar directa.<\/p>\n<p>3) Probar en una zona peque\u00f1a y comprobar si hay anomal\u00edas en la piel.<\/p>\n","protected":false},"excerpt":{"rendered":"<p>La Mascarilla Refrescante Zero Pore de Medicube es una mascarilla refrescante dise\u00f1ada para hidratar, calmar y cerrar los poros intensamente.<\/p>\n","protected":false},"featured_media":6279,"comment_status":"closed","ping_status":"closed","template":"","meta":[],"product_brand":[931],"product_cat":[721,687,765,695],"product_tag":[694,743,697,663,748,746],"class_list":{"0":"post-8267","1":"product","2":"type-product","3":"status-publish","4":"has-post-thumbnail","6":"product_brand-medicube","7":"product_cat-cosmetica-para-hombres","8":"product_cat-cuidado-facial","9":"product_cat-mascarilla-de-tela","10":"product_cat-mascarillas-faciales","11":"product_tag-calmante","12":"product_tag-grasa","13":"product_tag-mascarilla","14":"product_tag-poros","15":"product_tag-puntos-negros","16":"product_tag-sebo","18":"first","19":"instock","20":"taxable","21":"shipping-taxable","22":"purchasable","23":"product-type-simple"},"_links":{"self":[{"href":"https:\/\/koreanwonder.com\/es\/wp-json\/wp\/v2\/product\/8267","targetHints":{"allow":["GET"]}}],"collection":[{"href":"https:\/\/koreanwonder.com\/es\/wp-json\/wp\/v2\/product"}],"about":[{"href":"https:\/\/koreanwonder.com\/es\/wp-json\/wp\/v2\/types\/product"}],"replies":[{"embeddable":true,"href":"https:\/\/koreanwonder.com\/es\/wp-json\/wp\/v2\/comments?post=8267"}],"version-history":[{"count":1,"href":"https:\/\/koreanwonder.com\/es\/wp-json\/wp\/v2\/product\/8267\/revisions"}],"predecessor-version":[{"id":8297,"href":"https:\/\/koreanwonder.com\/es\/wp-json\/wp\/v2\/product\/8267\/revisions\/8297"}],"wp:featuredmedia":[{"embeddable":true,"href":"https:\/\/koreanwonder.com\/es\/wp-json\/wp\/v2\/media\/6279"}],"wp:attachment":[{"href":"https:\/\/koreanwonder.com\/es\/wp-json\/wp\/v2\/media?parent=8267"}],"wp:term":[{"taxonomy":"product_brand","embeddable":true,"href":"https:\/\/koreanwonder.com\/es\/wp-json\/wp\/v2\/product_brand?post=8267"},{"taxonomy":"product_cat","embeddable":true,"href":"https:\/\/koreanwonder.com\/es\/wp-json\/wp\/v2\/product_cat?post=8267"},{"taxonomy":"product_tag","embeddable":true,"href":"https:\/\/koreanwonder.com\/es\/wp-json\/wp\/v2\/product_tag?post=8267"}],"curies":[{"name":"wp","href":"https:\/\/api.w.org\/{rel}","templated":true}]}}