{"id":8218,"date":"2026-04-05T20:31:54","date_gmt":"2026-04-05T20:31:54","guid":{"rendered":"https:\/\/koreanwonder.com\/?post_type=product&#038;p=8218"},"modified":"2026-04-05T20:36:33","modified_gmt":"2026-04-05T20:36:33","slug":"medicube-pdrn-pink-vita-coating-mask","status":"publish","type":"product","link":"https:\/\/koreanwonder.com\/es\/product\/medicube-pdrn-pink-vita-coating-mask\/","title":{"rendered":"MEDICUBE PDRN Pink Vita Coating Mask"},"content":{"rendered":"<p>Esta mascarilla de doble acci\u00f3n est\u00e1 especialmente dise\u00f1ada para hidratar, igualar el tono de la piel y mejorar la elasticidad de la piel, perfecta para aquellos que buscan el codiciado aspecto de \u00abpiel de cristal\u00bb.<\/p>\n<p>&nbsp;<\/p>\n<p><b>Soluci\u00f3n para problemas<\/b><\/p>\n<p>Manchas oscuras<\/p>\n<p>Piel con problemas<\/p>\n<p>Tono y textura desiguales<\/p>\n<p>Sequedad\/Opacidad<\/p>\n<p>Poros<\/p>\n<p>&nbsp;<\/p>\n<p><b>Beneficios:<\/b><\/p>\n<p>Contiene PDRN de ADN de salm\u00f3n que fortalece la barrera de la piel y mejora la elasticidad<\/p>\n<p>Proporciona hidrataci\u00f3n intensa con \u00e1cido hialur\u00f3nico y col\u00e1geno hidrolizado<\/p>\n<p>Iguala el tono de la piel y reduce las manchas de pigmentaci\u00f3n con niacinamida y vitamina B12<\/p>\n<p>Calma la piel irritada con alanto\u00edna y adenosina<\/p>\n<p>Promueve una piel m\u00e1s clara y radiante<\/p>\n<p>Adecuado para todo tipo de piel, incluso piel sensible<\/p>\n<p>Libre de parabenos, sulfatos y siliconas<\/p>\n<p>&nbsp;<\/p>\n<p><b>Ingredientes<\/b><\/p>\n<p><b>PDRN de ADN de salm\u00f3n con 99 % de pureza: <\/b>Ayuda a mejorar visiblemente la apariencia de manchas oscuras e hiperpigmentaci\u00f3n para una piel sana y radiante.<\/p>\n<p><b>Col\u00e1geno y vitamina B12:<\/b> Proporcionan una piel de aspecto m\u00e1s firme y refinan su textura para una apariencia m\u00e1s suave y equilibrada.<\/p>\n<p>&nbsp;<\/p>\n<p><b>Modo de empleo:<\/b><\/p>\n<p>Limpia y tonifica la piel para prepararla para la mascarilla.<\/p>\n<p>Aplica la mascarilla uniformemente sobre el rostro asegur\u00e1ndote de que quede bien ajustada a la piel.<\/p>\n<p>Deja actuar la mascarilla durante 10-20 minutos o hasta que se vuelva transparente.<\/p>\n<p>Retira la mascarilla y da suaves palmaditas para absorber el exceso de esencia en la piel para una m\u00e1xima absorci\u00f3n.<\/p>\n<p>&nbsp;<\/p>\n<p><b>Precauciones:<\/b><\/p>\n<p>1) Si experimenta alg\u00fan s\u00edntoma o efecto secundario anormal, como manchas rojas, hinchaz\u00f3n o picaz\u00f3n en la zona de aplicaci\u00f3n debido a la luz solar directa durante o despu\u00e9s de usar el cosm\u00e9tico, consulte a un especialista.<\/p>\n<p>2) No usar sobre heridas.<\/p>\n<p>Precauciones de almacenamiento y manipulaci\u00f3n<\/p>\n<p>1) Mantener fuera del alcance de los ni\u00f1os.<\/p>\n<p>2) Almacenar alejado de la luz solar directa.<\/p>\n<p>3) Pruebe en una zona peque\u00f1a y verifique si presenta alguna anomal\u00eda en la piel.<\/p>\n","protected":false},"excerpt":{"rendered":"<p>Medicube PDRN Pink Vita Coating Mask es una innovadora Sheet mask coreana que combina cuidado avanzado de la piel con resultados visibles.<span class=\"Apple-converted-space\">\u00a0<\/span><\/p>\n","protected":false},"featured_media":6244,"comment_status":"closed","ping_status":"closed","template":"","meta":[],"product_brand":[931],"product_cat":[721,687,765,695],"product_tag":[694,719,697,566,661],"class_list":{"0":"post-8218","1":"product","2":"type-product","3":"status-publish","4":"has-post-thumbnail","6":"product_brand-medicube","7":"product_cat-cosmetica-para-hombres","8":"product_cat-cuidado-facial","9":"product_cat-mascarilla-de-tela","10":"product_cat-mascarillas-faciales","11":"product_tag-calmante","12":"product_tag-luminosidad","13":"product_tag-mascarilla","14":"product_tag-pdrn","15":"product_tag-piel-apagada","17":"first","18":"instock","19":"taxable","20":"shipping-taxable","21":"purchasable","22":"product-type-simple"},"_links":{"self":[{"href":"https:\/\/koreanwonder.com\/es\/wp-json\/wp\/v2\/product\/8218","targetHints":{"allow":["GET"]}}],"collection":[{"href":"https:\/\/koreanwonder.com\/es\/wp-json\/wp\/v2\/product"}],"about":[{"href":"https:\/\/koreanwonder.com\/es\/wp-json\/wp\/v2\/types\/product"}],"replies":[{"embeddable":true,"href":"https:\/\/koreanwonder.com\/es\/wp-json\/wp\/v2\/comments?post=8218"}],"version-history":[{"count":1,"href":"https:\/\/koreanwonder.com\/es\/wp-json\/wp\/v2\/product\/8218\/revisions"}],"predecessor-version":[{"id":8248,"href":"https:\/\/koreanwonder.com\/es\/wp-json\/wp\/v2\/product\/8218\/revisions\/8248"}],"wp:featuredmedia":[{"embeddable":true,"href":"https:\/\/koreanwonder.com\/es\/wp-json\/wp\/v2\/media\/6244"}],"wp:attachment":[{"href":"https:\/\/koreanwonder.com\/es\/wp-json\/wp\/v2\/media?parent=8218"}],"wp:term":[{"taxonomy":"product_brand","embeddable":true,"href":"https:\/\/koreanwonder.com\/es\/wp-json\/wp\/v2\/product_brand?post=8218"},{"taxonomy":"product_cat","embeddable":true,"href":"https:\/\/koreanwonder.com\/es\/wp-json\/wp\/v2\/product_cat?post=8218"},{"taxonomy":"product_tag","embeddable":true,"href":"https:\/\/koreanwonder.com\/es\/wp-json\/wp\/v2\/product_tag?post=8218"}],"curies":[{"name":"wp","href":"https:\/\/api.w.org\/{rel}","templated":true}]}}