{"id":8205,"date":"2026-04-05T20:31:53","date_gmt":"2026-04-05T20:31:53","guid":{"rendered":"https:\/\/koreanwonder.com\/?post_type=product&#038;p=8205"},"modified":"2026-04-05T20:36:32","modified_gmt":"2026-04-05T20:36:32","slug":"medicube-age-r-booster-pro-black-english-version-2-regalos","status":"publish","type":"product","link":"https:\/\/koreanwonder.com\/es\/product\/medicube-age-r-booster-pro-black-english-version-2-regalos\/","title":{"rendered":"MEDICUBE Age-R Booster Pro, Black, English Version + 2 Regalos"},"content":{"rendered":"<p><b>Un producto con cuatro modos f\u00e1ciles de usar:<\/b><\/p>\n<p><b>Modo Booster: <\/b>Electroporaci\u00f3n para brindar cuidado de la piel en profundidad<\/p>\n<p>Ayuda a absorber ingredientes activos mientras potencia la luminosidad. Utiliza electroporaci\u00f3n para crear peque\u00f1os canales en la piel y maximizar la absorci\u00f3n de los ingredientes activos.<\/p>\n<p><b>Modo MC: Microcorriente<\/b><\/p>\n<p>Ayuda a redefinir los contornos faciales. Las microcorrientes act\u00faan sobre \u00e1reas como los ojos, las l\u00edneas de sonrisa y alrededor de la boca.<\/p>\n<p><b>Modo Derma Shot:<span class=\"Apple-converted-space\">\u00a0<\/span><\/b> para relajar los m\u00fasculos mediante estimulaci\u00f3n electromagn\u00e9tica (EMS)<\/p>\n<p>Estimula la piel con flacidez y cuida los m\u00fasculos para lograr un contorno facial m\u00e1s firme mediante EMS de frecuencia media, optimizado para los m\u00fasculos faciales.<\/p>\n<p><b>Modo Air Shot:<span class=\"Apple-converted-space\">\u00a0<\/span><\/b> para efectos de cuidado de los poros.<\/p>\n<p>Mejora la elasticidad de los poros al crear microcanales no invasivos con agujas el\u00e9ctricas.<\/p>\n<p>Cada modo se complementa con vibraciones s\u00f3nicas personalizables y luces indicadoras LED de diferentes colores para cambiar f\u00e1cilmente entre funciones.<\/p>\n<p>El dispositivo tambi\u00e9n se puede conectar a trav\u00e9s de Bluetooth a la aplicaci\u00f3n m\u00f3vil AGE-R Booster Pro para control remoto y otras funciones.<\/p>\n<p>&nbsp;<\/p>\n<p><b>Beneficios:<\/b><\/p>\n<p>El dispositivo para el cuidado de la piel contiene 6 funciones clave, que incluyen electroporaci\u00f3n, microcorriente, EMS, agujas el\u00e9ctricas, LED y vibraci\u00f3n s\u00f3nica para ayudar a lograr sus objetivos para la piel.<\/p>\n<p>Cuidado de la piel de nivel profesional en la comodidad de su hogar.<\/p>\n<p>Ofrece diferentes patrones de vibraci\u00f3n, que incluyen vibraci\u00f3n potenciadora de luminosidad, vibraci\u00f3n suavizante de l\u00edneas, vibraci\u00f3n de contorno facial y vibraci\u00f3n de elasticidad de poros para cada modo, lo que proporciona un cuidado m\u00e1s profesional y eficaz.<\/p>\n<p>Equipado con un sensor de contacto con la piel que emite luz LED solo cuando toca la piel.<\/p>\n<p>&nbsp;<\/p>\n<p><b>Modo de Empleo:<\/b><\/p>\n<p>1. Modo Air Shot: \u00daselo sobre la piel seca. Pase suavemente el borde del cabezal del dispositivo en una direcci\u00f3n.<\/p>\n<p>2. Modo Booster: \u00daselo despu\u00e9s de aplicar el producto para el cuidado de la piel. Presione el cabezal contra la piel y g\u00edrelo con movimientos circulares.<\/p>\n<p>3. Modo MC: \u00daselo despu\u00e9s de aplicar el cuidado de la piel. Presione el cabezal contra la piel y \u00faselo con un movimiento ascendente.<\/p>\n<p>4. Modo Derma Shot: Masajee lentamente la piel con el cabezal y mant\u00e9ngalo as\u00ed durante 1 o 2 segundos en cada punto muscular.<\/p>\n<p>&nbsp;<\/p>\n<p><b>Precauciones<\/b><\/p>\n<p>Antes de usar, realice una prueba en el dorso de la mano para detectar posibles reacciones al\u00e9rgicas. Mantener fuera del alcance de los ni\u00f1os, alejado de la luz solar directa y a temperatura ambiente. En caso de contacto con los ojos, enjuagar con agua. Si se produce una reacci\u00f3n al\u00e9rgica, suspenda su uso y consulte a un m\u00e9dico.<\/p>\n","protected":false},"excerpt":{"rendered":"<p>Experimente tratamientos de belleza tipo spa en casa con AGE-R Booster Pro. El bestseller de 2024 es un innovador producto 6 en 1 para el cuidado profesional de la piel sin salir de casa.<\/p>\n","protected":false},"featured_media":5805,"comment_status":"closed","ping_status":"closed","template":"","meta":[],"product_brand":[931],"product_cat":[829,687,796,753,815,797,785],"product_tag":[853,699,715,662,663],"class_list":{"0":"post-8205","1":"product","2":"type-product","3":"status-publish","4":"has-post-thumbnail","6":"product_brand-medicube","7":"product_cat-accesorios","8":"product_cat-cuidado-facial","9":"product_cat-descuentos","10":"product_cat-discos","11":"product_cat-ideas-para-regalos","12":"product_cat-ofertas","13":"product_cat-sets-de-cosmeticos","14":"product_tag-accesorios","15":"product_tag-arrugas","16":"product_tag-piel-madura","17":"product_tag-pigmentacion","18":"product_tag-poros","20":"first","21":"instock","22":"sale","23":"taxable","24":"shipping-taxable","25":"purchasable","26":"product-type-simple"},"_links":{"self":[{"href":"https:\/\/koreanwonder.com\/es\/wp-json\/wp\/v2\/product\/8205","targetHints":{"allow":["GET"]}}],"collection":[{"href":"https:\/\/koreanwonder.com\/es\/wp-json\/wp\/v2\/product"}],"about":[{"href":"https:\/\/koreanwonder.com\/es\/wp-json\/wp\/v2\/types\/product"}],"replies":[{"embeddable":true,"href":"https:\/\/koreanwonder.com\/es\/wp-json\/wp\/v2\/comments?post=8205"}],"version-history":[{"count":1,"href":"https:\/\/koreanwonder.com\/es\/wp-json\/wp\/v2\/product\/8205\/revisions"}],"predecessor-version":[{"id":8235,"href":"https:\/\/koreanwonder.com\/es\/wp-json\/wp\/v2\/product\/8205\/revisions\/8235"}],"wp:featuredmedia":[{"embeddable":true,"href":"https:\/\/koreanwonder.com\/es\/wp-json\/wp\/v2\/media\/5805"}],"wp:attachment":[{"href":"https:\/\/koreanwonder.com\/es\/wp-json\/wp\/v2\/media?parent=8205"}],"wp:term":[{"taxonomy":"product_brand","embeddable":true,"href":"https:\/\/koreanwonder.com\/es\/wp-json\/wp\/v2\/product_brand?post=8205"},{"taxonomy":"product_cat","embeddable":true,"href":"https:\/\/koreanwonder.com\/es\/wp-json\/wp\/v2\/product_cat?post=8205"},{"taxonomy":"product_tag","embeddable":true,"href":"https:\/\/koreanwonder.com\/es\/wp-json\/wp\/v2\/product_tag?post=8205"}],"curies":[{"name":"wp","href":"https:\/\/api.w.org\/{rel}","templated":true}]}}