{"id":8202,"date":"2026-04-05T20:31:53","date_gmt":"2026-04-05T20:31:53","guid":{"rendered":"https:\/\/koreanwonder.com\/?post_type=product&#038;p=8202"},"modified":"2026-04-05T20:36:32","modified_gmt":"2026-04-05T20:36:32","slug":"mizon-collagen-eye-gel-patch-60-parches","status":"publish","type":"product","link":"https:\/\/koreanwonder.com\/es\/product\/mizon-collagen-eye-gel-patch-60-parches\/","title":{"rendered":"Mizon Collagen Eye Gel Patch, 60 parches"},"content":{"rendered":"<p><b>Beneficios clave<\/b><\/p>\n<p>Mantienen la sensible zona de los ojos m\u00e1s hidratada y resistente.<\/p>\n<p>El col\u00e1geno hidrolizado y el extracto de caviar nutren el contorno de ojos y reducen la hinchaz\u00f3n, las ojeras y las l\u00edneas de expresi\u00f3n.<\/p>\n<p>&nbsp;<\/p>\n<p><b>Indicaciones clave<\/b><\/p>\n<p>Ojeras y bolsas<\/p>\n<p>L\u00edneas de expresi\u00f3n y arrugas<\/p>\n<p>Ojeras cansadas<\/p>\n<p>P\u00e9rdida de elasticidad<\/p>\n<p>&nbsp;<\/p>\n<p><b>Ingredientes clave<\/b><\/p>\n<p><b>Col\u00e1geno hidrolizado: <\/b>Mejora la elasticidad e hidrataci\u00f3n de la piel.<\/p>\n<p><b>Adenosina: <\/b>Mejora visiblemente las arrugas.<\/p>\n<p><b>Extracto de caviar: <\/b>Ayuda a prevenir la degradaci\u00f3n del col\u00e1geno y la elastina.<\/p>\n<p><b>Pantenol:<\/b> Fortalece la funci\u00f3n de la barrera cut\u00e1nea.<\/p>\n<p>&nbsp;<\/p>\n<p><b>Modo de empleo<\/b><\/p>\n<p>Despu\u00e9s de limpiar el rostro, extraiga los parches de gel con una esp\u00e1tula y apl\u00edquelos seg\u00fan la forma de sus ojos.<\/p>\n<p>Deje actuar de 15 a 20 minutos mientras disfruta de su efecto refrescante y calmante.<\/p>\n<p>&nbsp;<\/p>\n<p><b>Precauciones de uso<\/b><\/p>\n<p>1. Consulte con un especialista si presenta s\u00edntomas o efectos secundarios anormales, como sarpullido, hinchaz\u00f3n o picaz\u00f3n, durante el uso o por exposici\u00f3n a la luz solar directa despu\u00e9s de usarlo.<\/p>\n<p>2. No lo use sobre heridas ni otras zonas afectadas.<\/p>\n<p>3. Instrucciones de almacenamiento y manipulaci\u00f3n<\/p>\n<p>a) Mantener fuera del alcance de los ni\u00f1os.<\/p>\n<p>b) Mantener alejado de la luz solar directa.<\/p>\n","protected":false},"excerpt":{"rendered":"<p>Parches para el contorno de ojos f\u00e1ciles de aplicar que reducen las arrugas, restauran la elasticidad, reafirman la piel y reducen la apariencia de bolsas.<\/p>\n","protected":false},"featured_media":3036,"comment_status":"closed","ping_status":"closed","template":"","meta":[],"product_brand":[928],"product_cat":[687,691,833],"product_tag":[704,703,706,708,756,715],"class_list":{"0":"post-8202","1":"product","2":"type-product","3":"status-publish","4":"has-post-thumbnail","6":"product_brand-mizon","7":"product_cat-cuidado-facial","8":"product_cat-para-el-contorno-de-ojos","9":"product_cat-parches-para-ojos","10":"product_tag-colageno","11":"product_tag-hidratacion","12":"product_tag-hinchazon","13":"product_tag-para-ojos","14":"product_tag-parches","15":"product_tag-piel-madura","17":"first","18":"instock","19":"taxable","20":"shipping-taxable","21":"purchasable","22":"product-type-simple"},"_links":{"self":[{"href":"https:\/\/koreanwonder.com\/es\/wp-json\/wp\/v2\/product\/8202","targetHints":{"allow":["GET"]}}],"collection":[{"href":"https:\/\/koreanwonder.com\/es\/wp-json\/wp\/v2\/product"}],"about":[{"href":"https:\/\/koreanwonder.com\/es\/wp-json\/wp\/v2\/types\/product"}],"replies":[{"embeddable":true,"href":"https:\/\/koreanwonder.com\/es\/wp-json\/wp\/v2\/comments?post=8202"}],"version-history":[{"count":1,"href":"https:\/\/koreanwonder.com\/es\/wp-json\/wp\/v2\/product\/8202\/revisions"}],"predecessor-version":[{"id":8232,"href":"https:\/\/koreanwonder.com\/es\/wp-json\/wp\/v2\/product\/8202\/revisions\/8232"}],"wp:featuredmedia":[{"embeddable":true,"href":"https:\/\/koreanwonder.com\/es\/wp-json\/wp\/v2\/media\/3036"}],"wp:attachment":[{"href":"https:\/\/koreanwonder.com\/es\/wp-json\/wp\/v2\/media?parent=8202"}],"wp:term":[{"taxonomy":"product_brand","embeddable":true,"href":"https:\/\/koreanwonder.com\/es\/wp-json\/wp\/v2\/product_brand?post=8202"},{"taxonomy":"product_cat","embeddable":true,"href":"https:\/\/koreanwonder.com\/es\/wp-json\/wp\/v2\/product_cat?post=8202"},{"taxonomy":"product_tag","embeddable":true,"href":"https:\/\/koreanwonder.com\/es\/wp-json\/wp\/v2\/product_tag?post=8202"}],"curies":[{"name":"wp","href":"https:\/\/api.w.org\/{rel}","templated":true}]}}