{"id":8197,"date":"2026-04-05T20:31:53","date_gmt":"2026-04-05T20:31:53","guid":{"rendered":"https:\/\/koreanwonder.com\/?post_type=product&#038;p=8197"},"modified":"2026-04-05T20:36:32","modified_gmt":"2026-04-05T20:36:32","slug":"numbuzin-no-9-nad-retinol-volumetox-eye-cream-10ml","status":"publish","type":"product","link":"https:\/\/koreanwonder.com\/es\/product\/numbuzin-no-9-nad-retinol-volumetox-eye-cream-10ml\/","title":{"rendered":"Numbuzin No 9 NAD+ Retinol Volumetox Eye Cream, 10ml"},"content":{"rendered":"<p><b>Beneficios:<\/b><\/p>\n<p>Una crema para el contorno de ojos rica y perlada que reafirma visiblemente la piel y suaviza la apariencia de l\u00edneas de expresi\u00f3n y arrugas.<\/p>\n<p>Revitaliza las ojeras de aspecto cansado y revitaliza la hinchaz\u00f3n bajo los ojos para una apariencia m\u00e1s luminosa y juvenil.<\/p>\n<p>Cl\u00ednicamente probado para mejorar 5 tipos de arrugas oculares (patas de gallo, l\u00edneas de expresi\u00f3n bajo los ojos, l\u00edneas profundas entre los ojos y las mejillas, l\u00edneas de expresi\u00f3n en el interior del ojo y arrugas del p\u00e1rpado superior), a la vez que restaura el volumen y la elasticidad de las ojeras.<\/p>\n<p>&nbsp;<\/p>\n<p><b>Ingredientes:<\/b><\/p>\n<p><b>Retinol y 50 p\u00e9ptidos<\/b> para suavizar las arrugas y l\u00edneas de expresi\u00f3n, a la vez que mejoran la elasticidad de la piel para lograr una mirada juvenil.<\/p>\n<p><b>NAD+<\/b> para fortalecer la barrera cut\u00e1nea y prevenir el deterioro y la deshidrataci\u00f3n.<\/p>\n<p>Ayuda a aclarar las ojeras y a mejorar la hiperpigmentaci\u00f3n con <b>niacinamida y ceramida.<\/b><b><\/b><\/p>\n<p>&nbsp;<\/p>\n<p><b>Modo de Empleo<\/b><\/p>\n<p>Aplica una cantidad moderada en las zonas afectadas y masajea suavemente para una mejor absorci\u00f3n.<\/p>\n<p>&nbsp;<\/p>\n<p><b>Precauciones de uso<\/b><\/p>\n<p>1. Consultar con un especialista si se presentan s\u00edntomas o efectos secundarios anormales, como sarpullido, hinchaz\u00f3n o picaz\u00f3n, durante el uso o por exposici\u00f3n a la luz solar directa despu\u00e9s del uso.<\/p>\n<p>2. No usar sobre heridas u otras zonas afectadas.<\/p>\n<p>3. Precauciones de almacenamiento y manipulaci\u00f3n<\/p>\n<p>a) Mantener fuera del alcance de los ni\u00f1os.<\/p>\n<p>b) Mantener alejado de la luz solar directa.<\/p>\n","protected":false},"excerpt":{"rendered":"<p>La crema para ojos Numbuzin No. 9 NAD+ Retinol Volumetox es una crema antiedad para el contorno de ojos dise\u00f1ada para reafirmar y suavizar la delicada piel del contorno de ojos, reduciendo arrugas, ojeras e hinchaz\u00f3n.<\/p>\n","protected":false},"featured_media":3006,"comment_status":"closed","ping_status":"closed","template":"","meta":[],"product_brand":[927],"product_cat":[692,687,691],"product_tag":[699,713,706,708,720,715,668],"class_list":{"0":"post-8197","1":"product","2":"type-product","3":"status-publish","4":"has-post-thumbnail","6":"product_brand-numbuzin","7":"product_cat-cremas-y-geles-para-el-contorno-de-ojos","8":"product_cat-cuidado-facial","9":"product_cat-para-el-contorno-de-ojos","10":"product_tag-arrugas","11":"product_tag-crema","12":"product_tag-hinchazon","13":"product_tag-para-ojos","14":"product_tag-peptidos","15":"product_tag-piel-madura","16":"product_tag-retinol","18":"first","19":"instock","20":"taxable","21":"shipping-taxable","22":"purchasable","23":"product-type-simple"},"_links":{"self":[{"href":"https:\/\/koreanwonder.com\/es\/wp-json\/wp\/v2\/product\/8197","targetHints":{"allow":["GET"]}}],"collection":[{"href":"https:\/\/koreanwonder.com\/es\/wp-json\/wp\/v2\/product"}],"about":[{"href":"https:\/\/koreanwonder.com\/es\/wp-json\/wp\/v2\/types\/product"}],"replies":[{"embeddable":true,"href":"https:\/\/koreanwonder.com\/es\/wp-json\/wp\/v2\/comments?post=8197"}],"version-history":[{"count":1,"href":"https:\/\/koreanwonder.com\/es\/wp-json\/wp\/v2\/product\/8197\/revisions"}],"predecessor-version":[{"id":8227,"href":"https:\/\/koreanwonder.com\/es\/wp-json\/wp\/v2\/product\/8197\/revisions\/8227"}],"wp:featuredmedia":[{"embeddable":true,"href":"https:\/\/koreanwonder.com\/es\/wp-json\/wp\/v2\/media\/3006"}],"wp:attachment":[{"href":"https:\/\/koreanwonder.com\/es\/wp-json\/wp\/v2\/media?parent=8197"}],"wp:term":[{"taxonomy":"product_brand","embeddable":true,"href":"https:\/\/koreanwonder.com\/es\/wp-json\/wp\/v2\/product_brand?post=8197"},{"taxonomy":"product_cat","embeddable":true,"href":"https:\/\/koreanwonder.com\/es\/wp-json\/wp\/v2\/product_cat?post=8197"},{"taxonomy":"product_tag","embeddable":true,"href":"https:\/\/koreanwonder.com\/es\/wp-json\/wp\/v2\/product_tag?post=8197"}],"curies":[{"name":"wp","href":"https:\/\/api.w.org\/{rel}","templated":true}]}}