{"id":8157,"date":"2026-04-05T20:31:46","date_gmt":"2026-04-05T20:31:46","guid":{"rendered":"https:\/\/koreanwonder.com\/?post_type=product&#038;p=8157"},"modified":"2026-04-05T20:36:31","modified_gmt":"2026-04-05T20:36:31","slug":"o-hui-extreme-white-sleeping-mask-100ml","status":"publish","type":"product","link":"https:\/\/koreanwonder.com\/es\/product\/o-hui-extreme-white-sleeping-mask-100ml\/","title":{"rendered":"O HUI Extreme White Sleeping Mask, 100ml"},"content":{"rendered":"<p>Esta mascarilla de noche ilumina e hidrata la piel durante la noche, para una tez radiante y suave a la ma\u00f1ana siguiente.<\/p>\n<p>&nbsp;<\/p>\n<p><b>Puntos fuertes:<\/b><\/p>\n<p><b>Complejo iluminador: <\/b>ilumina la tez y reduce las manchas de pigmentaci\u00f3n para una piel radiante.<\/p>\n<p><b>Hidrataci\u00f3n intensa:<\/b> proporciona una hidrataci\u00f3n \u00f3ptima durante toda la noche, dejando la piel suave y tersa al despertar.<\/p>\n<p><b>Textura sedosa: <\/b>penetra r\u00e1pidamente sin dejar sensaci\u00f3n pegajosa, ideal para un confort absoluto durante el sue\u00f1o.<\/p>\n<p><b>Calmante: <\/b>reduce el enrojecimiento y calma las irritaciones para una tez calmada y armoniosa.<\/p>\n<p><b>Cuidado nocturno: <\/b>optimiza la regeneraci\u00f3n celular mientras duermes para un efecto de piel fresca por la ma\u00f1ana.<\/p>\n<p>Esta mascarilla de noche es el aliado perfecto para una piel radiante e hidratada. \u00a1Convierte cada noche en un momento de cuidado intensivo para lucir una belleza radiante cada d\u00eda!<\/p>\n<p>&nbsp;<\/p>\n<p>Entre sus ingredientes clave se incluye Snow Vitamin\u2122, un complejo patentado de vitamina C estabilizada que aclara las manchas oscuras, elimina la opacidad y protege la piel del da\u00f1o de los radicales libres.<\/p>\n<p><b>Ingredientes adicionales<\/b><\/p>\n<p>El extracto de loto de nieve calma la piel, alivia la irritaci\u00f3n y mejora su textura, dej\u00e1ndola m\u00e1s suave y tersa.<\/p>\n<p>La niacinamida (vitamina B3) unifica el tono de la piel, ayuda a combatir la pigmentaci\u00f3n y fortalece la funci\u00f3n barrera de la piel.<\/p>\n<p>La adenosina suaviza las l\u00edneas de expresi\u00f3n y mejora la elasticidad de la piel, promoviendo su renovaci\u00f3n.<\/p>\n<p>&nbsp;<\/p>\n<p><b>Modo de empleo<\/b><\/p>\n<p>Usar despu\u00e9s de la rutina b\u00e1sica de cuidado de la piel por la noche. Extender una cantidad generosa sobre el rostro y el cuello para obtener mejores resultados. Enjuagar a la ma\u00f1ana siguiente.<\/p>\n<p>&nbsp;<\/p>\n<p><b>Precauciones de uso<\/b><\/p>\n<p>Consulte a un especialista si presenta s\u00edntomas o efectos secundarios anormales, como sarpullido, hinchaz\u00f3n o picaz\u00f3n, durante el uso o por exposici\u00f3n a la luz solar directa despu\u00e9s de su uso.<\/p>\n<p>No usar sobre heridas u otras zonas afectadas.<\/p>\n<p>Mantener fuera del alcance de los ni\u00f1os.<\/p>\n<p>Mantener alejado de la luz solar directa.<\/p>\n","protected":false},"excerpt":{"rendered":"<p>La Mascarilla de Noche O HUI Extreme White es una mascarilla de noche iluminadora que calma, ilumina y unifica el tono de la piel.<\/p>\n","protected":false},"featured_media":2936,"comment_status":"closed","ping_status":"closed","template":"","meta":[],"product_brand":[926],"product_cat":[800,693,687,786,695],"product_tag":[714,697,661,662],"class_list":{"0":"post-8157","1":"product","2":"type-product","3":"status-publish","4":"has-post-thumbnail","6":"product_brand-o-hui","7":"product_cat-crema-de-noche","8":"product_cat-cremas-faciales","9":"product_cat-cuidado-facial","10":"product_cat-mascarilla-de-noche","11":"product_cat-mascarillas-faciales","12":"product_tag-manchas","13":"product_tag-mascarilla","14":"product_tag-piel-apagada","15":"product_tag-pigmentacion","17":"first","18":"instock","19":"taxable","20":"shipping-taxable","21":"purchasable","22":"product-type-simple"},"_links":{"self":[{"href":"https:\/\/koreanwonder.com\/es\/wp-json\/wp\/v2\/product\/8157","targetHints":{"allow":["GET"]}}],"collection":[{"href":"https:\/\/koreanwonder.com\/es\/wp-json\/wp\/v2\/product"}],"about":[{"href":"https:\/\/koreanwonder.com\/es\/wp-json\/wp\/v2\/types\/product"}],"replies":[{"embeddable":true,"href":"https:\/\/koreanwonder.com\/es\/wp-json\/wp\/v2\/comments?post=8157"}],"version-history":[{"count":1,"href":"https:\/\/koreanwonder.com\/es\/wp-json\/wp\/v2\/product\/8157\/revisions"}],"predecessor-version":[{"id":8187,"href":"https:\/\/koreanwonder.com\/es\/wp-json\/wp\/v2\/product\/8157\/revisions\/8187"}],"wp:featuredmedia":[{"embeddable":true,"href":"https:\/\/koreanwonder.com\/es\/wp-json\/wp\/v2\/media\/2936"}],"wp:attachment":[{"href":"https:\/\/koreanwonder.com\/es\/wp-json\/wp\/v2\/media?parent=8157"}],"wp:term":[{"taxonomy":"product_brand","embeddable":true,"href":"https:\/\/koreanwonder.com\/es\/wp-json\/wp\/v2\/product_brand?post=8157"},{"taxonomy":"product_cat","embeddable":true,"href":"https:\/\/koreanwonder.com\/es\/wp-json\/wp\/v2\/product_cat?post=8157"},{"taxonomy":"product_tag","embeddable":true,"href":"https:\/\/koreanwonder.com\/es\/wp-json\/wp\/v2\/product_tag?post=8157"}],"curies":[{"name":"wp","href":"https:\/\/api.w.org\/{rel}","templated":true}]}}