{"id":8154,"date":"2026-04-05T20:31:46","date_gmt":"2026-04-05T20:31:46","guid":{"rendered":"https:\/\/koreanwonder.com\/?post_type=product&#038;p=8154"},"modified":"2026-04-05T20:36:31","modified_gmt":"2026-04-05T20:36:31","slug":"petitfee-agave-cooling-hydrogel-eye-mask-60-parches","status":"publish","type":"product","link":"https:\/\/koreanwonder.com\/es\/product\/petitfee-agave-cooling-hydrogel-eye-mask-60-parches\/","title":{"rendered":"Petitfee Agave Cooling Hydrogel Eye Mask, 60 parches"},"content":{"rendered":"<p>Los parches son excelentes para eliminar las bolsas y la hinchaz\u00f3n bajo los ojos, eliminar las ojeras y hacer que el aspecto sea m\u00e1s fresco y descansado.<span class=\"Apple-converted-space\">\u00a0<\/span><\/p>\n<p>La hidrataci\u00f3n profunda ayudar\u00e1 a preservar la juventud de la piel y a prevenir las arrugas y las bolsas.<\/p>\n<p>Los extractos de agave y ar\u00e1ndano son una rica fuente de vitaminas y microelementos \u00fatiles que revitalizan y ralentizan los procesos de envejecimiento de la piel.<span class=\"Apple-converted-space\">\u00a0<\/span><\/p>\n<p>Ayudan a retener la humedad en las c\u00e9lulas epid\u00e9rmicas, refuerzan la inmunidad y tienen una alta actividad antioxidante.<\/p>\n<p>&nbsp;<\/p>\n<p><b>Modo de Empleo<\/b><\/p>\n<p>Despu\u00e9s de lavar la cara, preparar la piel con un t\u00f3nico.<\/p>\n<p>Utilizar la esp\u00e1tula incluida para extraer el parche de ojos del recipiente<\/p>\n<p>Colocar un parche debajo de cada ojo.<\/p>\n<p>Despu\u00e9s de 15-20 minutos, retirar el parche y dar unas palmaditas sobre la esencia restante para facilitar su absorci\u00f3n<\/p>\n<p>&nbsp;<\/p>\n<p><b>Precauciones de uso<\/b><\/p>\n<p>1) Consulte a un especialista si presenta s\u00edntomas o efectos secundarios anormales, como sarpullido, hinchaz\u00f3n o picaz\u00f3n, durante el uso o por exposici\u00f3n a la luz solar directa despu\u00e9s de usarlo.<\/p>\n<p>2) No lo use sobre heridas ni otras zonas afectadas.<\/p>\n<p>3) Precauciones de almacenamiento y manipulaci\u00f3n<\/p>\n<p>a) Mantener fuera del alcance de los ni\u00f1os.<\/p>\n<p>b) Mantener alejado de la luz solar directa.<\/p>\n<p>4) Evitar el contorno de ojos durante su uso.<\/p>\n<p>\u203b Usar con precauci\u00f3n si la piel es sensible a las vendas adhesivas o compresas h\u00famedas.<\/p>\n<p>\u203b No reutilizar el parche.<\/p>\n<p>&nbsp;<\/p>\n<p>* Esta descripci\u00f3n ha sido creada por AI a partir de la informaci\u00f3n facilitada por la marca. Aunque nos esforzamos por ser precisos, tenga en cuenta que pueden producirse algunos errores. Por favor, verifique los detalles del producto de forma independiente.<\/p>\n","protected":false},"excerpt":{"rendered":"<p>La Mascarilla Refrescante de Hidrogel para Ojos de Agave de PETITFEE est\u00e1 dise\u00f1ada para hidratar intensamente, reducir la hinchaz\u00f3n y atenuar la apariencia de las ojeras.<\/p>\n","protected":false},"featured_media":2920,"comment_status":"closed","ping_status":"closed","template":"","meta":[],"product_brand":[925],"product_cat":[687,691,833],"product_tag":[706,708,756],"class_list":{"0":"post-8154","1":"product","2":"type-product","3":"status-publish","4":"has-post-thumbnail","6":"product_brand-petitfee","7":"product_cat-cuidado-facial","8":"product_cat-para-el-contorno-de-ojos","9":"product_cat-parches-para-ojos","10":"product_tag-hinchazon","11":"product_tag-para-ojos","12":"product_tag-parches","14":"first","15":"instock","16":"taxable","17":"shipping-taxable","18":"purchasable","19":"product-type-simple"},"_links":{"self":[{"href":"https:\/\/koreanwonder.com\/es\/wp-json\/wp\/v2\/product\/8154","targetHints":{"allow":["GET"]}}],"collection":[{"href":"https:\/\/koreanwonder.com\/es\/wp-json\/wp\/v2\/product"}],"about":[{"href":"https:\/\/koreanwonder.com\/es\/wp-json\/wp\/v2\/types\/product"}],"replies":[{"embeddable":true,"href":"https:\/\/koreanwonder.com\/es\/wp-json\/wp\/v2\/comments?post=8154"}],"version-history":[{"count":1,"href":"https:\/\/koreanwonder.com\/es\/wp-json\/wp\/v2\/product\/8154\/revisions"}],"predecessor-version":[{"id":8184,"href":"https:\/\/koreanwonder.com\/es\/wp-json\/wp\/v2\/product\/8154\/revisions\/8184"}],"wp:featuredmedia":[{"embeddable":true,"href":"https:\/\/koreanwonder.com\/es\/wp-json\/wp\/v2\/media\/2920"}],"wp:attachment":[{"href":"https:\/\/koreanwonder.com\/es\/wp-json\/wp\/v2\/media?parent=8154"}],"wp:term":[{"taxonomy":"product_brand","embeddable":true,"href":"https:\/\/koreanwonder.com\/es\/wp-json\/wp\/v2\/product_brand?post=8154"},{"taxonomy":"product_cat","embeddable":true,"href":"https:\/\/koreanwonder.com\/es\/wp-json\/wp\/v2\/product_cat?post=8154"},{"taxonomy":"product_tag","embeddable":true,"href":"https:\/\/koreanwonder.com\/es\/wp-json\/wp\/v2\/product_tag?post=8154"}],"curies":[{"name":"wp","href":"https:\/\/api.w.org\/{rel}","templated":true}]}}