{"id":8138,"date":"2026-04-05T20:31:45","date_gmt":"2026-04-05T20:31:45","guid":{"rendered":"https:\/\/koreanwonder.com\/?post_type=product&#038;p=8138"},"modified":"2026-04-05T20:36:29","modified_gmt":"2026-04-05T20:36:29","slug":"round-lab-soybean-panthenol-cleanser-150ml","status":"publish","type":"product","link":"https:\/\/koreanwonder.com\/es\/product\/round-lab-soybean-panthenol-cleanser-150ml\/","title":{"rendered":"ROUND LAB Soybean Panthenol Cleanser, 150ml"},"content":{"rendered":"<p>Un limpiador ligeramente \u00e1cido que act\u00faa con suavidad sobre la piel sensible sin irritarla.<\/p>\n<p>\u00a1Resultados cl\u00ednicamente probados! Elimina f\u00e1cilmente el protector solar y las impurezas.<\/p>\n<p>Un limpiador de hidrataci\u00f3n profunda con pantenol niosoma, extracto de soja negra y un complejo de ceramidas. Ofrece una limpieza profunda y un cuidado hidratante intensivo, todo a la vez.<\/p>\n<p>&nbsp;<\/p>\n<p><b>Beneficios:<\/b><\/p>\n<p>Este limpiador elimina eficazmente el protector solar y las impurezas de la piel.<\/p>\n<p>Est\u00e1 enriquecido con pantenol niosoma y extracto de semilla de Glycine Max (soja), que hidratan profundamente la piel y previenen la sequedad despu\u00e9s de la limpieza.<\/p>\n<p>Su f\u00f3rmula contiene ceramida, colesterol y \u00e1cidos grasos para hidratar y fortalecer la barrera cut\u00e1nea.<\/p>\n<p>Con un pH bajo y una espuma suave, elimina eficazmente las impurezas y minimiza el da\u00f1o a la pel\u00edcula protectora de la piel.<\/p>\n<p>Dermatol\u00f3gicamente probado y apto para piel sensible.<span class=\"Apple-converted-space\">\u00a0<\/span><\/p>\n<p>&nbsp;<\/p>\n<p><b>Modo de empleo:<\/b><\/p>\n<p>Aplicar una peque\u00f1a cantidad y formar una espuma abundante.<\/p>\n<p>Masajear suavemente sobre el rostro y enjuagar bien con agua tibia.<\/p>\n<p>&nbsp;<\/p>\n<p><b>Precauciones de uso<\/b><\/p>\n<p>1. Si experimenta s\u00edntomas como enrojecimiento, hinchaz\u00f3n o picaz\u00f3n durante el uso o tras la exposici\u00f3n a la luz solar directa despu\u00e9s de usarlo, suspenda su uso y consulte a un m\u00e9dico.<\/p>\n<p>2. No usar sobre heridas ni otras zonas irritadas de la piel.<\/p>\n<p>3. Almacenamiento y manipulaci\u00f3n<\/p>\n<p>a) Mantener fuera del alcance de los ni\u00f1os.<\/p>\n<p>b) Mantener alejado de la luz solar directa.<\/p>\n","protected":false},"excerpt":{"rendered":"<p>El limpiador de pantenol de soja ROUND LAB es una espuma limpiadora suave dise\u00f1ada para eliminar eficazmente las impurezas y los residuos de protector solar de la piel, sin resecarla ni dejar sensaci\u00f3n de tirantez.<\/p>\n","protected":false},"featured_media":2799,"comment_status":"closed","ping_status":"closed","template":"","meta":[],"product_brand":[920],"product_cat":[721,687,822,782],"product_tag":[751,694,703,784,702],"class_list":{"0":"post-8138","1":"product","2":"type-product","3":"status-publish","4":"has-post-thumbnail","6":"product_brand-round-lab","7":"product_cat-cosmetica-para-hombres","8":"product_cat-cuidado-facial","9":"product_cat-espumas-geles-leches","10":"product_cat-limpieza","11":"product_tag-barrera","12":"product_tag-calmante","13":"product_tag-hidratacion","14":"product_tag-limpieza","15":"product_tag-piel_sensible","17":"first","18":"instock","19":"taxable","20":"shipping-taxable","21":"purchasable","22":"product-type-simple"},"_links":{"self":[{"href":"https:\/\/koreanwonder.com\/es\/wp-json\/wp\/v2\/product\/8138","targetHints":{"allow":["GET"]}}],"collection":[{"href":"https:\/\/koreanwonder.com\/es\/wp-json\/wp\/v2\/product"}],"about":[{"href":"https:\/\/koreanwonder.com\/es\/wp-json\/wp\/v2\/types\/product"}],"replies":[{"embeddable":true,"href":"https:\/\/koreanwonder.com\/es\/wp-json\/wp\/v2\/comments?post=8138"}],"version-history":[{"count":1,"href":"https:\/\/koreanwonder.com\/es\/wp-json\/wp\/v2\/product\/8138\/revisions"}],"predecessor-version":[{"id":8168,"href":"https:\/\/koreanwonder.com\/es\/wp-json\/wp\/v2\/product\/8138\/revisions\/8168"}],"wp:featuredmedia":[{"embeddable":true,"href":"https:\/\/koreanwonder.com\/es\/wp-json\/wp\/v2\/media\/2799"}],"wp:attachment":[{"href":"https:\/\/koreanwonder.com\/es\/wp-json\/wp\/v2\/media?parent=8138"}],"wp:term":[{"taxonomy":"product_brand","embeddable":true,"href":"https:\/\/koreanwonder.com\/es\/wp-json\/wp\/v2\/product_brand?post=8138"},{"taxonomy":"product_cat","embeddable":true,"href":"https:\/\/koreanwonder.com\/es\/wp-json\/wp\/v2\/product_cat?post=8138"},{"taxonomy":"product_tag","embeddable":true,"href":"https:\/\/koreanwonder.com\/es\/wp-json\/wp\/v2\/product_tag?post=8138"}],"curies":[{"name":"wp","href":"https:\/\/api.w.org\/{rel}","templated":true}]}}