{"id":8091,"date":"2026-04-05T20:31:40","date_gmt":"2026-04-05T20:31:40","guid":{"rendered":"https:\/\/koreanwonder.com\/?post_type=product&#038;p=8091"},"modified":"2026-04-05T20:36:28","modified_gmt":"2026-04-05T20:36:28","slug":"vt-cosmetics-reedle-shot-hair-ampoule-100dl-15ml","status":"publish","type":"product","link":"https:\/\/koreanwonder.com\/es\/product\/vt-cosmetics-reedle-shot-hair-ampoule-100dl-15ml\/","title":{"rendered":"VT Cosmetics Reedle Shot Hair Ampoule 100dL, 15ml"},"content":{"rendered":"<p>Esta ampolla intensiva para el cuero cabelludo est\u00e1 dise\u00f1ada para revitalizar los fol\u00edculos cansados, restaurar el equilibrio del cuero cabelludo y crear las condiciones ideales para un cabello m\u00e1s fuerte y con m\u00e1s volumen, antes de que sea demasiado tarde.<\/p>\n<p>&nbsp;<\/p>\n<p><b>Beneficios:<\/b><\/p>\n<p><b>Observa un cuero cabelludo renovado y una ca\u00edda del cabello reducida en 1 o 2 semanas:<\/b> la mayor\u00eda de los usuarios notan una menor ca\u00edda diaria del cabello con el uso constante.<\/p>\n<p><b>Cabello m\u00e1s denso y fuerte con el tiempo: <\/b>mejora visiblemente la densidad del cuero cabelludo en las zonas de mayor p\u00e9rdida.<\/p>\n<p><b>Penetra profundamente:<\/b> las microesp\u00edculas crean canales para administrar los activos directamente al fol\u00edculo.<\/p>\n<p><b>Act\u00faa sobre m\u00faltiples causas:<\/b> regenera el tejido, mejora la circulaci\u00f3n, calma la irritaci\u00f3n y elimina la acumulaci\u00f3n.<\/p>\n<p><b>F\u00f3rmula ligera y no grasa:<\/b> se absorbe r\u00e1pidamente con una ligera sensaci\u00f3n de hormigueo.<\/p>\n<p>&nbsp;<\/p>\n<p><b>Ingredientes clave<\/b><\/p>\n<p><b>EGF:<\/b> Impulsa la renovaci\u00f3n celular y fortalece la ra\u00edz<\/p>\n<p><b>FGF: <\/b>Mejora la elasticidad y la reparaci\u00f3n<\/p>\n<p><b>Trip\u00e9ptido de cobre-1: <\/b>Favorece el ciclo de crecimiento<\/p>\n<p><b>Biotina: <\/b>Fortalece el cabello<\/p>\n<p><b>Niacinamida:<\/b> Mejora la circulaci\u00f3n<\/p>\n<p><b>Pantenol (Provitamina B5):<\/b> Hidrata y calma<\/p>\n<p><b>Centella asi\u00e1tica (Cica Reedle\u2122): <\/b>Exfolia y aumenta la producci\u00f3n<\/p>\n<p><b>Adenosina:<\/b> Energiza los fol\u00edculos<\/p>\n<p><b>Cafe\u00edna:<\/b> Estimula la microcirculaci\u00f3n del cuero cabelludo<\/p>\n<p>&nbsp;<\/p>\n<p><b>Modo de empleo:<\/b><\/p>\n<p>1. Gire el bot\u00f3n en la base del envase.<\/p>\n<p>2. Presione el bot\u00f3n en la base para dispensar el producto.<\/p>\n<p>3. Coloque la punta en las zonas con problemas de ca\u00edda del cabello.<\/p>\n<p>4. Gire siempre el bot\u00f3n a la posici\u00f3n de bloqueo despu\u00e9s de usar.<\/p>\n<p>5. Masajee suavemente con movimientos circulares para su absorci\u00f3n.<\/p>\n<p>6. \u00daselo 1 o 2 veces al d\u00eda en zonas con p\u00e9rdida de cabello o fatigadas.<\/p>\n<p>&nbsp;<\/p>\n<p><b>Consejo profesional<\/b><\/p>\n<p>\u00daselo junto con el champ\u00fa para cuero cabelludo VT PDRN Reedle Shot\u2122 para una rutina completa de cuidado del cuero cabelludo en casa.<\/p>\n<p>Sin colorantes artificiales, parabenos, sulfatos ni aceites minerales.<\/p>\n<p>&nbsp;<\/p>\n<p><b>Precauciones de uso<\/b><\/p>\n<p>1. Si se presentan s\u00edntomas anormales, como manchas rojas, hinchaz\u00f3n o picaz\u00f3n, en la zona de aplicaci\u00f3n debido a la luz solar directa durante o despu\u00e9s del uso, consulte a un dermat\u00f3logo o especialista.<\/p>\n<p>2. Evite su uso en zonas con heridas.<\/p>\n<p>3. Precauciones de almacenamiento y manipulaci\u00f3n:<\/p>\n<p>a) Mantener fuera del alcance de los ni\u00f1os.<\/p>\n<p>b) Conservar alejado de la luz solar directa.<\/p>\n","protected":false},"excerpt":{"rendered":"<p>Restaura la salud de tu cabello con esta ampolla capilar rejuvenecedora formulada con la potente combinaci\u00f3n de VT.<\/p>\n","protected":false},"featured_media":2655,"comment_status":"closed","ping_status":"closed","template":"","meta":[],"product_brand":[905],"product_cat":[758,760,761],"product_tag":[739,762,660],"class_list":{"0":"post-8091","1":"product","2":"type-product","3":"status-publish","4":"has-post-thumbnail","6":"product_brand-vt-cosmetics","7":"product_cat-cuidado-del-cabello","8":"product_cat-cuidado-del-cuero-cabelludo","9":"product_cat-tratamientos-para-la-caida-del-cabello","10":"product_tag-ampolla","11":"product_tag-cabello","12":"product_tag-microagujas-espiculas","14":"first","15":"instock","16":"taxable","17":"shipping-taxable","18":"purchasable","19":"product-type-simple"},"_links":{"self":[{"href":"https:\/\/koreanwonder.com\/es\/wp-json\/wp\/v2\/product\/8091","targetHints":{"allow":["GET"]}}],"collection":[{"href":"https:\/\/koreanwonder.com\/es\/wp-json\/wp\/v2\/product"}],"about":[{"href":"https:\/\/koreanwonder.com\/es\/wp-json\/wp\/v2\/types\/product"}],"replies":[{"embeddable":true,"href":"https:\/\/koreanwonder.com\/es\/wp-json\/wp\/v2\/comments?post=8091"}],"version-history":[{"count":1,"href":"https:\/\/koreanwonder.com\/es\/wp-json\/wp\/v2\/product\/8091\/revisions"}],"predecessor-version":[{"id":8121,"href":"https:\/\/koreanwonder.com\/es\/wp-json\/wp\/v2\/product\/8091\/revisions\/8121"}],"wp:featuredmedia":[{"embeddable":true,"href":"https:\/\/koreanwonder.com\/es\/wp-json\/wp\/v2\/media\/2655"}],"wp:attachment":[{"href":"https:\/\/koreanwonder.com\/es\/wp-json\/wp\/v2\/media?parent=8091"}],"wp:term":[{"taxonomy":"product_brand","embeddable":true,"href":"https:\/\/koreanwonder.com\/es\/wp-json\/wp\/v2\/product_brand?post=8091"},{"taxonomy":"product_cat","embeddable":true,"href":"https:\/\/koreanwonder.com\/es\/wp-json\/wp\/v2\/product_cat?post=8091"},{"taxonomy":"product_tag","embeddable":true,"href":"https:\/\/koreanwonder.com\/es\/wp-json\/wp\/v2\/product_tag?post=8091"}],"curies":[{"name":"wp","href":"https:\/\/api.w.org\/{rel}","templated":true}]}}