{"id":8087,"date":"2026-04-05T20:31:39","date_gmt":"2026-04-05T20:31:39","guid":{"rendered":"https:\/\/koreanwonder.com\/?post_type=product&#038;p=8087"},"modified":"2026-04-05T20:36:27","modified_gmt":"2026-04-05T20:36:27","slug":"round-lab-birch-juice-moisturizing-cleanser-150ml","status":"publish","type":"product","link":"https:\/\/koreanwonder.com\/es\/product\/round-lab-birch-juice-moisturizing-cleanser-150ml\/","title":{"rendered":"Round Lab Birch Juice Moisturizing Cleanser, 150ml"},"content":{"rendered":"<p>Purifica y elimina eficazmente cualquier resto de suciedad o sebo oculto en los poros al tiempo que arrastra las c\u00e9lulas muertas, respetando la barrera cut\u00e1nea y manteniendo la piel hidratada en todo momento.<\/p>\n<p><span class=\"Apple-converted-space\">\u00a0<\/span><\/p>\n<p>Adem\u00e1s, este limpiador hidratante refuerza la barrera natural de la piel, nutre profundamente el rostro y ofrece propiedades antiinflamatorias e iluminadoras, gracias a su f\u00f3rmula enriquecida con ingredientes naturales.<\/p>\n<p><span class=\"Apple-converted-space\">\u00a0<\/span><\/p>\n<p><b>Ingredients:<\/b><\/p>\n<p><b>Jugo de Betula Platyphylla Japonica (savia de abedul blanco japon\u00e9s):<\/b> (10,000 ppm) es el coraz\u00f3n de esta f\u00f3rmula. Aporta una hidrataci\u00f3n excepcional con 17 tipos de amino\u00e1cidos, minerales, antioxidantes y vitaminas.<\/p>\n<p><b>Extracto de Artemisia Annua,<\/b> un ingrediente bot\u00e1nico de la medicina tradicional coreana Hanbang, reconocido por sus efectos antibacterianos y calmantes.<\/p>\n<p><b>Aceite de flor de Anthemis Nobilis<\/b>, calma la piel irritada o sensible y reduce la inflamaci\u00f3n, manteniendo la piel serena y confortable.<\/p>\n<p><b>\u00c1cido hialur\u00f3nico,<\/b> un ingrediente estrella, de sobra conocido por sus propiedades hidratantes. Esencial para atraer y retener la humedad en la piel y mantener los tejidos firmes y el\u00e1sticos.<\/p>\n<p><b>\u00c1cido asc\u00f3rbico,<\/b> poderoso antioxidante que promueve la producci\u00f3n de col\u00e1geno, mejora la pigmentaci\u00f3n y protege contra los da\u00f1os de los rayos UV.<\/p>\n<p><span class=\"Apple-converted-space\">\u00a0<\/span><\/p>\n<p>Apto para todo tipo de piel, especialmente piel seca y sensible.<\/p>\n<p>&nbsp;<\/p>\n<p><b>Modo de Empleo<\/b><\/p>\n<p>Como segundo paso de la doble limpieza facial, toma una cantidad adecuada de la espuma limpiadora y masaje\u00e1la sobre tu rostro durante dos o tres minutos.<\/p>\n<p>Al terminar, enjuaga tu piel con abundante agua tibia.<\/p>\n<p>&nbsp;<\/p>\n<p><b>Precauciones de uso<\/b><\/p>\n<p>1. Consulte a un especialista si presenta s\u00edntomas anormales o efectos secundarios, como sarpullido, hinchaz\u00f3n o picaz\u00f3n, durante el uso o por exposici\u00f3n a la luz solar directa despu\u00e9s de usarlo.<\/p>\n<p>2. No lo use sobre heridas ni otras zonas afectadas.<\/p>\n<p>3. Precauciones de almacenamiento y manipulaci\u00f3n<\/p>\n<p>a) Mantener fuera del alcance de los ni\u00f1os.<\/p>\n<p>b) Mantener alejado de la luz solar directa.<\/p>\n","protected":false},"excerpt":{"rendered":"<p>Birch Juice Moisturizing Cleanser es una espuma limpiadora suave, con una textura \u00fanica tipo gel acuoso y un pH ligeramente \u00e1cido.<\/p>\n","protected":false},"featured_media":2623,"comment_status":"closed","ping_status":"closed","template":"","meta":[],"product_brand":[920],"product_cat":[721,687,822,782],"product_tag":[703,784,663,746],"class_list":{"0":"post-8087","1":"product","2":"type-product","3":"status-publish","4":"has-post-thumbnail","6":"product_brand-round-lab","7":"product_cat-cosmetica-para-hombres","8":"product_cat-cuidado-facial","9":"product_cat-espumas-geles-leches","10":"product_cat-limpieza","11":"product_tag-hidratacion","12":"product_tag-limpieza","13":"product_tag-poros","14":"product_tag-sebo","16":"first","17":"instock","18":"taxable","19":"shipping-taxable","20":"purchasable","21":"product-type-simple"},"_links":{"self":[{"href":"https:\/\/koreanwonder.com\/es\/wp-json\/wp\/v2\/product\/8087","targetHints":{"allow":["GET"]}}],"collection":[{"href":"https:\/\/koreanwonder.com\/es\/wp-json\/wp\/v2\/product"}],"about":[{"href":"https:\/\/koreanwonder.com\/es\/wp-json\/wp\/v2\/types\/product"}],"replies":[{"embeddable":true,"href":"https:\/\/koreanwonder.com\/es\/wp-json\/wp\/v2\/comments?post=8087"}],"version-history":[{"count":1,"href":"https:\/\/koreanwonder.com\/es\/wp-json\/wp\/v2\/product\/8087\/revisions"}],"predecessor-version":[{"id":8117,"href":"https:\/\/koreanwonder.com\/es\/wp-json\/wp\/v2\/product\/8087\/revisions\/8117"}],"wp:featuredmedia":[{"embeddable":true,"href":"https:\/\/koreanwonder.com\/es\/wp-json\/wp\/v2\/media\/2623"}],"wp:attachment":[{"href":"https:\/\/koreanwonder.com\/es\/wp-json\/wp\/v2\/media?parent=8087"}],"wp:term":[{"taxonomy":"product_brand","embeddable":true,"href":"https:\/\/koreanwonder.com\/es\/wp-json\/wp\/v2\/product_brand?post=8087"},{"taxonomy":"product_cat","embeddable":true,"href":"https:\/\/koreanwonder.com\/es\/wp-json\/wp\/v2\/product_cat?post=8087"},{"taxonomy":"product_tag","embeddable":true,"href":"https:\/\/koreanwonder.com\/es\/wp-json\/wp\/v2\/product_tag?post=8087"}],"curies":[{"name":"wp","href":"https:\/\/api.w.org\/{rel}","templated":true}]}}