{"id":8086,"date":"2026-04-05T20:31:39","date_gmt":"2026-04-05T20:31:39","guid":{"rendered":"https:\/\/koreanwonder.com\/?post_type=product&#038;p=8086"},"modified":"2026-04-05T20:36:27","modified_gmt":"2026-04-05T20:36:27","slug":"round-lab-birch-juice-moisturizing-sunscreen-spf50-pa-50ml","status":"publish","type":"product","link":"https:\/\/koreanwonder.com\/es\/product\/round-lab-birch-juice-moisturizing-sunscreen-spf50-pa-50ml\/","title":{"rendered":"ROUND LAB Birch Juice Moisturizing Sunscreen SPF50+\/PA++++, 50ml"},"content":{"rendered":"<p>Esta crema solar facial es uno de los top ventas m\u00e1s premiados de cosm\u00e9tica coreana. Est\u00e1 formulada a base de filtros qu\u00edmicos con agentes de pantalla solar de nueva generaci\u00f3n muy fotoestables, que protegen la piel de un amplio espectro de rayos UV (alta protecci\u00f3n SPF50 PA++++)<\/p>\n<p>Adem\u00e1s de proteger la piel de la radiaci\u00f3n solar, gracias a sus filtros qu\u00edmicos, esta crema solar de Round Lab Birch Juice Moisturizing Sunscreen contiene ingredientes que mantienen la humectaci\u00f3n en la piel, como el \u00e1cido hialur\u00f3nico y el extracto de abedul. Y tambi\u00e9n contiene ingredientes que calman la piel estresada, como el aceite de flor de manzanilla, el aceite de hoja de pino y el extracto de artemisa.<\/p>\n<p>Su textura ligera tipo leche te encantar\u00e1. Round Lab Birch Juice Moisturizing protege la piel de la radiaci\u00f3n solar, y la hidrata en profundidad. No deja rastro blanco, ni sensaci\u00f3n pesada o grasa.<\/p>\n<p>&nbsp;<\/p>\n<p><b>Modo de Empleo<\/b><\/p>\n<p>Si tienes la piel sensible, seca y\/o deshidratada, este protector solar<span class=\"Apple-converted-space\">\u00a0 <\/span>es perfecto para proteger tu piel de la acci\u00f3n solar.<\/p>\n<p>Recomendamos aplicar el protector solar al menos 30 minutos antes de la exposici\u00f3n solar, extendi\u00e9ndolo uniformemente por todo el rostro y cuello.<\/p>\n<p>&nbsp;<\/p>\n<p><b>Precauciones:<span class=\"Apple-converted-space\">\u00a0<\/span><\/b><\/p>\n<p>Antes de usar, realice una prueba de sensibilidad en el dorso de la mano para comprobar si hay reacciones al\u00e9rgicas. Mantener fuera del alcance de los ni\u00f1os, alejado de la luz solar directa y a temperatura ambiente. En caso de contacto con los ojos, enjuagar con agua. Si se produce una reacci\u00f3n al\u00e9rgica, suspenda su uso y consulte a un m\u00e9dico.<\/p>\n","protected":false},"excerpt":{"rendered":"<p>N\u00ba1 en Corea. Con filtros qu\u00edmicos. Textura ligera tipo leche, que protege la piel de los rayos UV y la hidrata profundamente. F\u00f3rmula vegana, libre de crueldad animal.<span class=\"Apple-converted-space\">\u00a0<\/span><\/p>\n","protected":false},"featured_media":2614,"comment_status":"closed","ping_status":"closed","template":"","meta":[],"product_brand":[920],"product_cat":[687,839,824],"product_tag":[694,703,269],"class_list":{"0":"post-8086","1":"product","2":"type-product","3":"status-publish","4":"has-post-thumbnail","6":"product_brand-round-lab","7":"product_cat-cuidado-facial","8":"product_cat-filtros-quimicos-spf","9":"product_cat-proteccion-solar","10":"product_tag-calmante","11":"product_tag-hidratacion","12":"product_tag-spf","14":"first","15":"instock","16":"taxable","17":"shipping-taxable","18":"purchasable","19":"product-type-simple"},"_links":{"self":[{"href":"https:\/\/koreanwonder.com\/es\/wp-json\/wp\/v2\/product\/8086","targetHints":{"allow":["GET"]}}],"collection":[{"href":"https:\/\/koreanwonder.com\/es\/wp-json\/wp\/v2\/product"}],"about":[{"href":"https:\/\/koreanwonder.com\/es\/wp-json\/wp\/v2\/types\/product"}],"replies":[{"embeddable":true,"href":"https:\/\/koreanwonder.com\/es\/wp-json\/wp\/v2\/comments?post=8086"}],"version-history":[{"count":1,"href":"https:\/\/koreanwonder.com\/es\/wp-json\/wp\/v2\/product\/8086\/revisions"}],"predecessor-version":[{"id":8116,"href":"https:\/\/koreanwonder.com\/es\/wp-json\/wp\/v2\/product\/8086\/revisions\/8116"}],"wp:featuredmedia":[{"embeddable":true,"href":"https:\/\/koreanwonder.com\/es\/wp-json\/wp\/v2\/media\/2614"}],"wp:attachment":[{"href":"https:\/\/koreanwonder.com\/es\/wp-json\/wp\/v2\/media?parent=8086"}],"wp:term":[{"taxonomy":"product_brand","embeddable":true,"href":"https:\/\/koreanwonder.com\/es\/wp-json\/wp\/v2\/product_brand?post=8086"},{"taxonomy":"product_cat","embeddable":true,"href":"https:\/\/koreanwonder.com\/es\/wp-json\/wp\/v2\/product_cat?post=8086"},{"taxonomy":"product_tag","embeddable":true,"href":"https:\/\/koreanwonder.com\/es\/wp-json\/wp\/v2\/product_tag?post=8086"}],"curies":[{"name":"wp","href":"https:\/\/api.w.org\/{rel}","templated":true}]}}