{"id":8082,"date":"2026-04-05T20:31:39","date_gmt":"2026-04-05T20:31:39","guid":{"rendered":"https:\/\/koreanwonder.com\/?post_type=product&#038;p=8082"},"modified":"2026-04-05T20:36:27","modified_gmt":"2026-04-05T20:36:27","slug":"round-lab-1025-dokdo-cleansing-gel-150ml","status":"publish","type":"product","link":"https:\/\/koreanwonder.com\/es\/product\/round-lab-1025-dokdo-cleansing-gel-150ml\/","title":{"rendered":"Round Lab 1025 Dokdo Cleansing Gel, 150ml"},"content":{"rendered":"<p>La f\u00f3rmula penetra profundamente la dermis, aportando una hidrataci\u00f3n multicapa, que revitaliza tu piel desde el interior, dej\u00e1ndola suave y radiante.<\/p>\n<p><span class=\"Apple-converted-space\">\u00a0<\/span><\/p>\n<p>Dise\u00f1ado especialmente para el cuidado de las pieles m\u00e1s delicadas, su f\u00f3rmula calmante limpia sin irritar, brindando una experiencia refrescante y reconfortante que no altera la barrera protectora de la piel.<\/p>\n<p><span class=\"Apple-converted-space\">\u00a0<\/span><\/p>\n<p><b>Caracter\u00edsticas Clave:<\/b><\/p>\n<p><b>Hidrataci\u00f3n profunda:<\/b> los 8 tipos de \u00e1cido hialur\u00f3nico aseguran que tu piel retenga la humedad, dej\u00e1ndola suave y el\u00e1stica, incluso despu\u00e9s de la limpieza.<\/p>\n<p><b>Limpieza no irritante:<\/b> los surfactantes bot\u00e1nicos purifican tu piel sin alterar su equilibrio natural.<\/p>\n<p><b>Fortalecimiento de la piel:<\/b> minerales marinos como el calcio y magnesio refuerzan la barrera cut\u00e1nea, ayudando a retener la hidrataci\u00f3n esencial que tu piel necesita.<\/p>\n<p><b>Refuerza la barrera cut\u00e1nea:<\/b> la combinaci\u00f3n de beta\u00edna y glicerina atrae y retiene la humedad, fortaleciendo las capas profundas de la piel y previniendo la deshidrataci\u00f3n.<\/p>\n<p><span class=\"Apple-converted-space\">\u00a0<\/span><\/p>\n<p><b>Ingredientes:<\/b><\/p>\n<p><b>Glicerina: <\/b>este superh\u00e9roe de la hidrataci\u00f3n crea una barrera protectora en la piel, que sella la humedad. Adem\u00e1s, protege la piel de factores ambientales da\u00f1inos como la contaminaci\u00f3n, manteni\u00e9ndola suave y con una sensaci\u00f3n de confort duradera.<\/p>\n<p><b>\u00c1cido Hialur\u00f3nico:<\/b> enriquecido con 8 tipos de \u00e1cido hialur\u00f3nico, limpia e infunde la piel con una hidrataci\u00f3n profunda, dej\u00e1ndola radiante y visiblemente m\u00e1s firme.<\/p>\n<p><b>Beta\u00edna: <\/b>aliada ideal para mantener tu piel joven y rellena. La beta\u00edna asegura que cada c\u00e9lula de tu piel mantenga la hidrataci\u00f3n, dej\u00e1ndola tersa y radiante.<\/p>\n<p><span class=\"Apple-converted-space\">\u00a0<\/span><\/p>\n<p>Este gel limpiador facial, perfecto para la segunda limpieza facial, es el aliado perfecto para una piel saludable, suave y luminos.<\/p>\n<p>Dise\u00f1ado especialmente para el cuidado de la piel sensible, aunque son las pieles mixtas, grasas, y\/o con acn\u00e9 las que m\u00e1s lo agradecer\u00e1n.<\/p>\n<p>&nbsp;<\/p>\n<p><b>Modo de Empleo<\/b><\/p>\n<p>Como segundo paso de la doble limpieza facial, aplica 1-2 pumps del gel en tus manos.<\/p>\n<p>Mezcla con agua para crear una espuma ligera, y masajea suavemente tu rostro en movimientos circulares.<\/p>\n<p>Enjuaga con agua tibia y seca tu piel con una toalla suave antes de continuar con el siguiente paso de tu rutina de cuidado facial.<\/p>\n<p>&nbsp;<\/p>\n<p><b>Precauciones de uso<\/b><\/p>\n<p>1) Consulte a un especialista si presenta s\u00edntomas o efectos secundarios anormales, como sarpullido, hinchaz\u00f3n o picaz\u00f3n, durante el uso o por exposici\u00f3n a la luz solar directa despu\u00e9s de usarlo.<\/p>\n<p>2) No lo use sobre heridas ni otras zonas afectadas.<\/p>\n<p>3) Instrucciones de almacenamiento y manipulaci\u00f3n<\/p>\n<p>a) Mantener fuera del alcance de los ni\u00f1os.<\/p>\n<p>b) Mantener alejado de la luz solar directa.<\/p>\n","protected":false},"excerpt":{"rendered":"<p>Transforma tu rutina de limpieza con el gel limpiador facial, espec\u00edficamente para brindar una limpieza profunda y efectiva, sin comprometer la barrera natural de tu piel.<\/p>\n","protected":false},"featured_media":2576,"comment_status":"closed","ping_status":"closed","template":"","meta":[],"product_brand":[920],"product_cat":[687,822,782],"product_tag":[784,702,663,746],"class_list":{"0":"post-8082","1":"product","2":"type-product","3":"status-publish","4":"has-post-thumbnail","6":"product_brand-round-lab","7":"product_cat-cuidado-facial","8":"product_cat-espumas-geles-leches","9":"product_cat-limpieza","10":"product_tag-limpieza","11":"product_tag-piel_sensible","12":"product_tag-poros","13":"product_tag-sebo","15":"first","16":"instock","17":"taxable","18":"shipping-taxable","19":"purchasable","20":"product-type-simple"},"_links":{"self":[{"href":"https:\/\/koreanwonder.com\/es\/wp-json\/wp\/v2\/product\/8082","targetHints":{"allow":["GET"]}}],"collection":[{"href":"https:\/\/koreanwonder.com\/es\/wp-json\/wp\/v2\/product"}],"about":[{"href":"https:\/\/koreanwonder.com\/es\/wp-json\/wp\/v2\/types\/product"}],"replies":[{"embeddable":true,"href":"https:\/\/koreanwonder.com\/es\/wp-json\/wp\/v2\/comments?post=8082"}],"version-history":[{"count":1,"href":"https:\/\/koreanwonder.com\/es\/wp-json\/wp\/v2\/product\/8082\/revisions"}],"predecessor-version":[{"id":8112,"href":"https:\/\/koreanwonder.com\/es\/wp-json\/wp\/v2\/product\/8082\/revisions\/8112"}],"wp:featuredmedia":[{"embeddable":true,"href":"https:\/\/koreanwonder.com\/es\/wp-json\/wp\/v2\/media\/2576"}],"wp:attachment":[{"href":"https:\/\/koreanwonder.com\/es\/wp-json\/wp\/v2\/media?parent=8082"}],"wp:term":[{"taxonomy":"product_brand","embeddable":true,"href":"https:\/\/koreanwonder.com\/es\/wp-json\/wp\/v2\/product_brand?post=8082"},{"taxonomy":"product_cat","embeddable":true,"href":"https:\/\/koreanwonder.com\/es\/wp-json\/wp\/v2\/product_cat?post=8082"},{"taxonomy":"product_tag","embeddable":true,"href":"https:\/\/koreanwonder.com\/es\/wp-json\/wp\/v2\/product_tag?post=8082"}],"curies":[{"name":"wp","href":"https:\/\/api.w.org\/{rel}","templated":true}]}}