{"id":8081,"date":"2026-04-05T20:31:39","date_gmt":"2026-04-05T20:31:39","guid":{"rendered":"https:\/\/koreanwonder.com\/?post_type=product&#038;p=8081"},"modified":"2026-04-05T20:36:27","modified_gmt":"2026-04-05T20:36:27","slug":"round-lab-1025-dokdo-bubble-foam-150-ml","status":"publish","type":"product","link":"https:\/\/koreanwonder.com\/es\/product\/round-lab-1025-dokdo-bubble-foam-150-ml\/","title":{"rendered":"Round Lab 1025 Dokdo Bubble Foam, 150 ml"},"content":{"rendered":"<p>Perfecta para la segunda parte de la doble limpieza facial, ofrece una limpieza profunda sin comprometer la hidrataci\u00f3n, gracias a su f\u00f3rmula con agua de mar profunda de la isla Ulleungdo, rica en minerales esenciales. Este limpiador nutre mientras elimina el sebo, la suciedad, y otras impurezas acumuladas en los poros de tu piel.<\/p>\n<p><span class=\"Apple-converted-space\">\u00a0<\/span><\/p>\n<p><b>Puntos Clave:<\/b><\/p>\n<p><b>Limpieza Profunda e Hidratante: <\/b>enriquecido con \u00c1cido Hialur\u00f3nico para una limpieza completa y equilibrada.<\/p>\n<p><b>F\u00f3rmula Suave: <\/b>contiene Pantenol y Col\u00e1geno Hidrolizado para calmar y proteger la barrera natural.<\/p>\n<p><b>Rico en Minerales: <\/b>nutre la piel con 72 minerales esenciales del agua de mar profunda de Ulleungdo, promoviendo una piel sana y luminosa.<\/p>\n<p><b>Apto para Todo Tipo de Pieles:<\/b> ideal para pieles sensibles gracias a su pH \u00e1cido suave y extractos bot\u00e1nicos como la Centella Asi\u00e1tica.<\/p>\n<p><b>No Reseca:<\/b> limpia eficazmente sin dejar sensaci\u00f3n de tirantez ni resecar la piel.<\/p>\n<p><span class=\"Apple-converted-space\">\u00a0<\/span><\/p>\n<p><b>Ingredientes:<\/b><\/p>\n<p><b>Agua de Mar Profunda:<\/b> enriquecida con 72 minerales esenciales, nutre en profundidad y rehidrata tu piel, promoviendo un cutis saludable y radiante.<\/p>\n<p><b>\u00c1cido Hialur\u00f3nico:<\/b> un humectante estrella que act\u00faa como un im\u00e1n para la humedad, rellenando las l\u00edneas de expresi\u00f3n y dejando tu piel hidratada, suave y radiante.<\/p>\n<p><b>Pantenol (Provitamina B5):<\/b> conocido por sus propiedades calmantes y regenerativas, ayuda a reforzar la barrera cut\u00e1nea, aliviando la irritaci\u00f3n y mejorando la salud general de la piel.<\/p>\n<p><b>Col\u00e1geno Hidrolizado:<\/b> revierte los signos del envejecimiento, aumentando la elasticidad y firmeza de la piel, para un aspecto m\u00e1s joven y tonificado.<\/p>\n<p>&nbsp;<\/p>\n<p><b>Modo de Empleo<\/b><\/p>\n<p>Aplica una cantidad moderada del producto sobre la piel h\u00fameda, y masaj\u00e9alo hasta crear una espuma.<\/p>\n<p>Al cabo de unos minutos, enjuaga tu rostro con agua tibia.<\/p>\n<p>&nbsp;<\/p>\n<p><b>Precauciones de uso<\/b><\/p>\n<p>1. Consulte a un especialista si presenta s\u00edntomas anormales o efectos secundarios, como sarpullido, hinchaz\u00f3n o picaz\u00f3n, durante el uso o por exposici\u00f3n a la luz solar directa despu\u00e9s de usarlo.<\/p>\n<p>2. No lo use sobre heridas ni otras zonas afectadas.<\/p>\n<p>3. Precauciones de almacenamiento y manipulaci\u00f3n<\/p>\n<p>a) Mantener fuera del alcance de los ni\u00f1os.<\/p>\n<p>b) Mantener alejado de la luz solar directa.<\/p>\n","protected":false},"excerpt":{"rendered":"<p>Round Lab 1025 Dokdo Bubble Foam es una espuma limpiadora facial suave pero eficaz, con una textura cremosa que ofrece una limpieza profunda sin resecar la piel.<\/p>\n","protected":false},"featured_media":2565,"comment_status":"closed","ping_status":"closed","template":"","meta":[],"product_brand":[920],"product_cat":[687,822,782],"product_tag":[703,784,702,745,663,746],"class_list":{"0":"post-8081","1":"product","2":"type-product","3":"status-publish","4":"has-post-thumbnail","6":"product_brand-round-lab","7":"product_cat-cuidado-facial","8":"product_cat-espumas-geles-leches","9":"product_cat-limpieza","10":"product_tag-hidratacion","11":"product_tag-limpieza","12":"product_tag-piel_sensible","13":"product_tag-piel-problematica-acne","14":"product_tag-poros","15":"product_tag-sebo","17":"first","18":"instock","19":"taxable","20":"shipping-taxable","21":"purchasable","22":"product-type-simple"},"_links":{"self":[{"href":"https:\/\/koreanwonder.com\/es\/wp-json\/wp\/v2\/product\/8081","targetHints":{"allow":["GET"]}}],"collection":[{"href":"https:\/\/koreanwonder.com\/es\/wp-json\/wp\/v2\/product"}],"about":[{"href":"https:\/\/koreanwonder.com\/es\/wp-json\/wp\/v2\/types\/product"}],"replies":[{"embeddable":true,"href":"https:\/\/koreanwonder.com\/es\/wp-json\/wp\/v2\/comments?post=8081"}],"version-history":[{"count":1,"href":"https:\/\/koreanwonder.com\/es\/wp-json\/wp\/v2\/product\/8081\/revisions"}],"predecessor-version":[{"id":8111,"href":"https:\/\/koreanwonder.com\/es\/wp-json\/wp\/v2\/product\/8081\/revisions\/8111"}],"wp:featuredmedia":[{"embeddable":true,"href":"https:\/\/koreanwonder.com\/es\/wp-json\/wp\/v2\/media\/2565"}],"wp:attachment":[{"href":"https:\/\/koreanwonder.com\/es\/wp-json\/wp\/v2\/media?parent=8081"}],"wp:term":[{"taxonomy":"product_brand","embeddable":true,"href":"https:\/\/koreanwonder.com\/es\/wp-json\/wp\/v2\/product_brand?post=8081"},{"taxonomy":"product_cat","embeddable":true,"href":"https:\/\/koreanwonder.com\/es\/wp-json\/wp\/v2\/product_cat?post=8081"},{"taxonomy":"product_tag","embeddable":true,"href":"https:\/\/koreanwonder.com\/es\/wp-json\/wp\/v2\/product_tag?post=8081"}],"curies":[{"name":"wp","href":"https:\/\/api.w.org\/{rel}","templated":true}]}}