{"id":8080,"date":"2026-04-05T20:31:39","date_gmt":"2026-04-05T20:31:39","guid":{"rendered":"https:\/\/koreanwonder.com\/?post_type=product&#038;p=8080"},"modified":"2026-04-05T20:36:27","modified_gmt":"2026-04-05T20:36:27","slug":"round-lab-1025-dokdo-cleanser-150ml","status":"publish","type":"product","link":"https:\/\/koreanwonder.com\/es\/product\/round-lab-1025-dokdo-cleanser-150ml\/","title":{"rendered":"ROUND LAB 1025 Dokdo Cleanser, 150ml"},"content":{"rendered":"<p>Su f\u00f3rmula ligeramente \u00e1cida (pH 5.0 &#8211; 6.0) junto a su textura rica y espumosa, garantizan una limpieza profunda y respetuosa con la piel.<span class=\"Apple-converted-space\">\u00a0<\/span><\/p>\n<p><span class=\"Apple-converted-space\">\u00a0<\/span><\/p>\n<p><b>Caracter\u00edsticas:<\/b><\/p>\n<p><b>Purificaci\u00f3n e Hidrataci\u00f3n:<\/b> elimina la suciedad y los residuos de maquillaje, respetando la humedad natural de la piel.<\/p>\n<p><b>Triple \u00c1cido Hialur\u00f3nico:<\/b> crea una pel\u00edcula de humedad que mantiene la piel hidratada durante todo el d\u00eda.<\/p>\n<p><b>Panthenol, Alanto\u00edna y Ceramida NP:<\/b> fortalecen, calman y protegen la barrera cut\u00e1nea frente a agresores externos.<\/p>\n<p><b>Textura Cremosa y Suave:<\/b> asegura una limpieza \u00f3ptima que no compromete la barrera protectora de la piel.<\/p>\n<p><b>Propiedades Exfoliantes:<\/b> enriquecido AHAs, que eliminan las c\u00e9lulas muertas y refinan la textura, revelando un cutis m\u00e1s luminoso y radiante.<\/p>\n<p><b>Apto para todo tipo de piel:<\/b> no causa sequedad ni irritaci\u00f3n.<\/p>\n<p><span class=\"Apple-converted-space\">\u00a0<\/span><\/p>\n<p><b>Ingredientes clave:<\/b><\/p>\n<p><b>\u00c1cido Hialur\u00f3nico Hidrolizado:<\/b> esta mol\u00e9cula de menor tama\u00f1o que el \u00c1cido Hialur\u00f3nico penetra profundamente todas las capas de la piel, otorgando al rostro una apariencia m\u00e1s joven, mientras mantiene la piel hidratada y rellena las arrugas.<\/p>\n<p><b>Ceramida NP: <\/b>fortalece la barrera lip\u00eddica, evitando la deshidrataci\u00f3n y el envejecimiento prematuro.<\/p>\n<p><span class=\"Apple-converted-space\">\u00a0<\/span><\/p>\n<p>Apto para uso vegano, amigable con los arrecifes y el medio ambiente, cruelty free y libre de sulfatos, parabenos, alcohol, al\u00e9rgenos comunes, silicona y fragancias artificiales.<\/p>\n<p>Apto para todo tipo de piel, especialmente piel sensible.<\/p>\n<p>Limpia y purifica los poros de tu piel sin causar sequedad y manteniendo el equilibrio \u00f3ptimo entre la grasa y el agua con 1025 Dokdo Cleanser.<\/p>\n<p>&nbsp;<\/p>\n<p><b>Modo de empleo<\/b><\/p>\n<p>Crea una espuma cremosa a\u00f1adiendo agua. Masajea bien sobre el rostro. Enjuaga con agua tibia.<span class=\"Apple-converted-space\">\u00a0<\/span><\/p>\n<p>&nbsp;<\/p>\n<p><b>Precauciones de uso<\/b><\/p>\n<p>1. Si experimenta s\u00edntomas como enrojecimiento, hinchaz\u00f3n o picaz\u00f3n durante el uso o por exposici\u00f3n a la luz solar directa despu\u00e9s de usarlo, suspenda su uso y consulte a un m\u00e9dico.<\/p>\n<p>2. No lo use sobre heridas ni otras zonas irritadas de la piel.<\/p>\n<p>3. Almacenamiento y manipulaci\u00f3n<\/p>\n<p>a) Mantener fuera del alcance de los ni\u00f1os.<\/p>\n<p>b) Mantener alejado de la luz solar directa.<\/p>\n","protected":false},"excerpt":{"rendered":"<p>Round Lab 1025 Dokdo Cleanser es un limpiador facial espumoso que elimina el maquillaje y otras impurezas sin resecar la piel.<\/p>\n","protected":false},"featured_media":2557,"comment_status":"closed","ping_status":"closed","template":"","meta":[],"product_brand":[920],"product_cat":[721,687,822,782],"product_tag":[694,703,784,702],"class_list":{"0":"post-8080","1":"product","2":"type-product","3":"status-publish","4":"has-post-thumbnail","6":"product_brand-round-lab","7":"product_cat-cosmetica-para-hombres","8":"product_cat-cuidado-facial","9":"product_cat-espumas-geles-leches","10":"product_cat-limpieza","11":"product_tag-calmante","12":"product_tag-hidratacion","13":"product_tag-limpieza","14":"product_tag-piel_sensible","16":"first","17":"instock","18":"taxable","19":"shipping-taxable","20":"purchasable","21":"product-type-simple"},"_links":{"self":[{"href":"https:\/\/koreanwonder.com\/es\/wp-json\/wp\/v2\/product\/8080","targetHints":{"allow":["GET"]}}],"collection":[{"href":"https:\/\/koreanwonder.com\/es\/wp-json\/wp\/v2\/product"}],"about":[{"href":"https:\/\/koreanwonder.com\/es\/wp-json\/wp\/v2\/types\/product"}],"replies":[{"embeddable":true,"href":"https:\/\/koreanwonder.com\/es\/wp-json\/wp\/v2\/comments?post=8080"}],"version-history":[{"count":1,"href":"https:\/\/koreanwonder.com\/es\/wp-json\/wp\/v2\/product\/8080\/revisions"}],"predecessor-version":[{"id":8110,"href":"https:\/\/koreanwonder.com\/es\/wp-json\/wp\/v2\/product\/8080\/revisions\/8110"}],"wp:featuredmedia":[{"embeddable":true,"href":"https:\/\/koreanwonder.com\/es\/wp-json\/wp\/v2\/media\/2557"}],"wp:attachment":[{"href":"https:\/\/koreanwonder.com\/es\/wp-json\/wp\/v2\/media?parent=8080"}],"wp:term":[{"taxonomy":"product_brand","embeddable":true,"href":"https:\/\/koreanwonder.com\/es\/wp-json\/wp\/v2\/product_brand?post=8080"},{"taxonomy":"product_cat","embeddable":true,"href":"https:\/\/koreanwonder.com\/es\/wp-json\/wp\/v2\/product_cat?post=8080"},{"taxonomy":"product_tag","embeddable":true,"href":"https:\/\/koreanwonder.com\/es\/wp-json\/wp\/v2\/product_tag?post=8080"}],"curies":[{"name":"wp","href":"https:\/\/api.w.org\/{rel}","templated":true}]}}