{"id":8037,"date":"2026-04-05T20:31:34","date_gmt":"2026-04-05T20:31:34","guid":{"rendered":"https:\/\/koreanwonder.com\/?post_type=product&#038;p=8037"},"modified":"2026-04-05T20:36:26","modified_gmt":"2026-04-05T20:36:26","slug":"snp-birds-nest-moisturizing-eye-patch-60-parches","status":"publish","type":"product","link":"https:\/\/koreanwonder.com\/es\/product\/snp-birds-nest-moisturizing-eye-patch-60-parches\/","title":{"rendered":"SNP Bird\u2019s Nest Moisturizing Eye Patch, 60 parches"},"content":{"rendered":"<p>La alta concentraci\u00f3n de vitaminas y minerales de nido de p\u00e1jaro hidrata, reafirma y nutre la piel debajo de los ojos.<\/p>\n<p>Perfectos para quienes buscan nutrir y rejuvenecer la zona debajo de los ojos, estos parches hidratantes para ojos est\u00e1n dise\u00f1ados para brindar una nutrici\u00f3n intensa y disminuir los signos del envejecimiento.<span class=\"Apple-converted-space\">\u00a0<\/span><\/p>\n<p>Formulados para la delicada piel alrededor de los ojos, brindan un impulso de humectaci\u00f3n para que luzcas renovada y joven.<span class=\"Apple-converted-space\">\u00a0<\/span><\/p>\n<p>Ideales para quienes buscan mejorar su rutina de cuidado de los ojos con un producto que ofrece resultados visibles.<\/p>\n<p>&nbsp;<\/p>\n<p><b>Descripci\u00f3n<\/b><\/p>\n<p>Los parches para ojos proporciona humectaci\u00f3n y nutrici\u00f3n y reafirma la piel sensible alrededor de los ojos.<\/p>\n<p>1. Suministro de nutrici\u00f3n, hidrataci\u00f3n reforzada, mayor firmeza.<\/p>\n<p>2. Maximizaci\u00f3n de ingredientes efectivos.<\/p>\n<p>3. Cuidado refrescante y calmante.<\/p>\n<p>4. Normalizaci\u00f3n de la renovaci\u00f3n de la piel: regeneraci\u00f3n de la piel y cuidado de la exfoliaci\u00f3n.<\/p>\n<p>5. Mejora del brillo de la piel: cuidado del tono de la piel y blanqueamiento.<\/p>\n<p>&nbsp;<\/p>\n<p><b>Contenido:<\/b> 60 parches<\/p>\n<p>&nbsp;<\/p>\n<p><b>Modo de Empleo<\/b><\/p>\n<p>1. Despu\u00e9s de la limpieza facial, tonifica la piel con un t\u00f3nico.<\/p>\n<p>2. Utilice una esp\u00e1tula para colocar el parche en el \u00e1rea deseada y ret\u00edrelo despu\u00e9s de 20 a 40 minutos.<\/p>\n<p>* Consejo: se puede utilizar para suavizar los pliegues nasolabiales.<\/p>\n<p>&nbsp;<\/p>\n<p><b>Precauciones<\/b><\/p>\n<p>Antes de usar, realice una prueba en el dorso de la mano para comprobar si hay reacciones al\u00e9rgicas. Mantener fuera del alcance de los ni\u00f1os, protegido de la luz solar directa y a temperatura ambiente. En caso de contacto con los ojos, enjuagar con agua. Si se produce una reacci\u00f3n al\u00e9rgica, suspenda su uso y consulte a un m\u00e9dico.<\/p>\n","protected":false},"excerpt":{"rendered":"<p>Los parches para ojos que proporcionan humedad y nutrici\u00f3n, reafirmando la piel sensible alrededor de los ojos.<\/p>\n","protected":false},"featured_media":2457,"comment_status":"closed","ping_status":"closed","template":"","meta":[],"product_brand":[916],"product_cat":[687,691,833],"product_tag":[703,708,756],"class_list":{"0":"post-8037","1":"product","2":"type-product","3":"status-publish","4":"has-post-thumbnail","6":"product_brand-snp","7":"product_cat-cuidado-facial","8":"product_cat-para-el-contorno-de-ojos","9":"product_cat-parches-para-ojos","10":"product_tag-hidratacion","11":"product_tag-para-ojos","12":"product_tag-parches","14":"first","15":"instock","16":"taxable","17":"shipping-taxable","18":"purchasable","19":"product-type-simple"},"_links":{"self":[{"href":"https:\/\/koreanwonder.com\/es\/wp-json\/wp\/v2\/product\/8037","targetHints":{"allow":["GET"]}}],"collection":[{"href":"https:\/\/koreanwonder.com\/es\/wp-json\/wp\/v2\/product"}],"about":[{"href":"https:\/\/koreanwonder.com\/es\/wp-json\/wp\/v2\/types\/product"}],"replies":[{"embeddable":true,"href":"https:\/\/koreanwonder.com\/es\/wp-json\/wp\/v2\/comments?post=8037"}],"version-history":[{"count":1,"href":"https:\/\/koreanwonder.com\/es\/wp-json\/wp\/v2\/product\/8037\/revisions"}],"predecessor-version":[{"id":8067,"href":"https:\/\/koreanwonder.com\/es\/wp-json\/wp\/v2\/product\/8037\/revisions\/8067"}],"wp:featuredmedia":[{"embeddable":true,"href":"https:\/\/koreanwonder.com\/es\/wp-json\/wp\/v2\/media\/2457"}],"wp:attachment":[{"href":"https:\/\/koreanwonder.com\/es\/wp-json\/wp\/v2\/media?parent=8037"}],"wp:term":[{"taxonomy":"product_brand","embeddable":true,"href":"https:\/\/koreanwonder.com\/es\/wp-json\/wp\/v2\/product_brand?post=8037"},{"taxonomy":"product_cat","embeddable":true,"href":"https:\/\/koreanwonder.com\/es\/wp-json\/wp\/v2\/product_cat?post=8037"},{"taxonomy":"product_tag","embeddable":true,"href":"https:\/\/koreanwonder.com\/es\/wp-json\/wp\/v2\/product_tag?post=8037"}],"curies":[{"name":"wp","href":"https:\/\/api.w.org\/{rel}","templated":true}]}}