{"id":8036,"date":"2026-04-05T20:31:34","date_gmt":"2026-04-05T20:31:34","guid":{"rendered":"https:\/\/koreanwonder.com\/?post_type=product&#038;p=8036"},"modified":"2026-04-05T20:36:26","modified_gmt":"2026-04-05T20:36:26","slug":"snp-gold-collagen-firming-eye-patch-60-parches","status":"publish","type":"product","link":"https:\/\/koreanwonder.com\/es\/product\/snp-gold-collagen-firming-eye-patch-60-parches\/","title":{"rendered":"SNP Gold &#038; Collagen Firming Eye Patch, 60 parches"},"content":{"rendered":"<p>Estos parches brindan un cuidado espec\u00edfico para la zona, ayudando a disminuir los signos de fatiga y envejecimiento.<\/p>\n<p>&nbsp;<\/p>\n<p><b>\u00bfPor qu\u00e9 elegir estos parches para ojos?<\/b><\/p>\n<p><b>Infusi\u00f3n de Oro y Col\u00e1geno: <\/b>Fortalece y revitaliza la piel del contorno de ojos, a la vez que mejora su elasticidad.<\/p>\n<p><b>Tecnolog\u00eda de Hidrogel:<\/b> Proporciona un ajuste c\u00f3modo y refrescante que facilita la absorci\u00f3n de la esencia.<\/p>\n<p><b>Calmante y Reafirmante:<\/b> Ayuda a reducir la hinchaz\u00f3n, las l\u00edneas de expresi\u00f3n y las arrugas para una apariencia m\u00e1s fresca.<\/p>\n<p><b>Efecto Iluminador:<\/b> Mejora visiblemente la opacidad y las ojeras.<\/p>\n<p><b>F\u00e1cil y Pr\u00e1ctico:<\/b> Una sencilla adici\u00f3n a tu rutina de cuidado de la piel.<\/p>\n<p>&nbsp;<\/p>\n<p><b>Caracter\u00edsticas:<\/b><\/p>\n<p><b>Extracto de Oro:<\/b> Conocido por sus efectos revitalizantes e iluminadores en la piel.<\/p>\n<p><b>F\u00f3rmula Rica en Col\u00e1geno:<\/b> Ayuda a mantener la firmeza y elasticidad para minimizar los signos del envejecimiento.<span class=\"Apple-converted-space\">\u00a0<\/span><\/p>\n<p><b>Parches de hidrogel refrescantes:<\/b> Se adhieren perfectamente al contorno de ojos para una m\u00e1xima absorci\u00f3n.<\/p>\n<p><b>Hidratantes y nutritivos:<\/b> Retienen la humedad para una piel m\u00e1s suave y tersa.<\/p>\n<p><b>Envase port\u00e1til e higi\u00e9nico:<\/b> Viene en un envase resellable para un uso diario o de viaje pr\u00e1ctico.<\/p>\n<p>&nbsp;<\/p>\n<p><b>Modo de empleo:<\/b><span class=\"Apple-converted-space\">\u00a0<\/span><\/p>\n<p>Retire los parches del envase con la esp\u00e1tula incluida y col\u00f3quelos debajo de cada ojo, ajust\u00e1ndolos seg\u00fan su comodidad.<\/p>\n<p>Deje actuar los parches de 20 a 40 minutos, dejando que la esencia se absorba en la piel.<\/p>\n<p>Deseche los parches y aplique suavemente la esencia restante. Contin\u00fae con su rutina habitual de cuidado facial.<\/p>\n<p>&nbsp;<\/p>\n<p><b>Precauciones de uso:<\/b><\/p>\n<p>1. Consulte a un especialista si presenta s\u00edntomas o efectos secundarios anormales, como sarpullido, hinchaz\u00f3n o picaz\u00f3n, durante el uso o por exposici\u00f3n a la luz solar directa despu\u00e9s de usarlo.<\/p>\n<p>2. No usar sobre heridas u otras zonas afectadas.<\/p>\n<p>3. Instrucciones de almacenamiento y manipulaci\u00f3n:<\/p>\n<p>a) Mantener fuera del alcance de los ni\u00f1os.<\/p>\n<p>b) Mantener alejado de la luz solar directa.<span class=\"Apple-converted-space\">\u00a0<\/span><\/p>\n<p>4. Evite el \u00e1rea alrededor de los ojos durante su uso.<\/p>\n<p>&nbsp;<\/p>\n<p>* Esta descripci\u00f3n ha sido creada por AI a partir de la informaci\u00f3n facilitada por la marca. Aunque nos esforzamos por ser precisos, tenga en cuenta que pueden producirse algunos errores. Por favor, verifique los detalles del producto de forma independiente.<\/p>\n","protected":false},"excerpt":{"rendered":"<p>SNP Gold Collagen Firming Eye Patch son parches de hidrogel dise\u00f1ados para reducir visiblemente la hinchaz\u00f3n, las l\u00edneas de expresi\u00f3n y las ojeras en la delicada zona del contorno de ojos.<\/p>\n","protected":false},"featured_media":2448,"comment_status":"closed","ping_status":"closed","template":"","meta":[],"product_brand":[916],"product_cat":[687,691,833],"product_tag":[699,704,708,756],"class_list":{"0":"post-8036","1":"product","2":"type-product","3":"status-publish","4":"has-post-thumbnail","6":"product_brand-snp","7":"product_cat-cuidado-facial","8":"product_cat-para-el-contorno-de-ojos","9":"product_cat-parches-para-ojos","10":"product_tag-arrugas","11":"product_tag-colageno","12":"product_tag-para-ojos","13":"product_tag-parches","15":"first","16":"instock","17":"taxable","18":"shipping-taxable","19":"purchasable","20":"product-type-simple"},"_links":{"self":[{"href":"https:\/\/koreanwonder.com\/es\/wp-json\/wp\/v2\/product\/8036","targetHints":{"allow":["GET"]}}],"collection":[{"href":"https:\/\/koreanwonder.com\/es\/wp-json\/wp\/v2\/product"}],"about":[{"href":"https:\/\/koreanwonder.com\/es\/wp-json\/wp\/v2\/types\/product"}],"replies":[{"embeddable":true,"href":"https:\/\/koreanwonder.com\/es\/wp-json\/wp\/v2\/comments?post=8036"}],"version-history":[{"count":1,"href":"https:\/\/koreanwonder.com\/es\/wp-json\/wp\/v2\/product\/8036\/revisions"}],"predecessor-version":[{"id":8066,"href":"https:\/\/koreanwonder.com\/es\/wp-json\/wp\/v2\/product\/8036\/revisions\/8066"}],"wp:featuredmedia":[{"embeddable":true,"href":"https:\/\/koreanwonder.com\/es\/wp-json\/wp\/v2\/media\/2448"}],"wp:attachment":[{"href":"https:\/\/koreanwonder.com\/es\/wp-json\/wp\/v2\/media?parent=8036"}],"wp:term":[{"taxonomy":"product_brand","embeddable":true,"href":"https:\/\/koreanwonder.com\/es\/wp-json\/wp\/v2\/product_brand?post=8036"},{"taxonomy":"product_cat","embeddable":true,"href":"https:\/\/koreanwonder.com\/es\/wp-json\/wp\/v2\/product_cat?post=8036"},{"taxonomy":"product_tag","embeddable":true,"href":"https:\/\/koreanwonder.com\/es\/wp-json\/wp\/v2\/product_tag?post=8036"}],"curies":[{"name":"wp","href":"https:\/\/api.w.org\/{rel}","templated":true}]}}