{"id":8035,"date":"2026-04-05T20:31:34","date_gmt":"2026-04-05T20:31:34","guid":{"rendered":"https:\/\/koreanwonder.com\/?post_type=product&#038;p=8035"},"modified":"2026-04-05T20:36:26","modified_gmt":"2026-04-05T20:36:26","slug":"snp-glutathione-dark-zero-toning-patch-60-parches","status":"publish","type":"product","link":"https:\/\/koreanwonder.com\/es\/product\/snp-glutathione-dark-zero-toning-patch-60-parches\/","title":{"rendered":"SNP Glutathione Dark Zero Toning Patch, 60 parches"},"content":{"rendered":"<p>Recomendado para personas con imperfecciones, pecas, ojeras y tono desigual.<\/p>\n<p>Mejora las imperfecciones, las pecas, las imperfecciones ocultas y el tono desigual de la piel, y reduce la melanina.<\/p>\n<p>Mejora las imperfecciones ocultas y la hidrataci\u00f3n de la piel, reduce las imperfecciones y las pecas, las ojeras y mejora el tono desigual de la piel.<\/p>\n<p>&nbsp;<\/p>\n<p><b>Ingredientes Principales<\/b><\/p>\n<p>La soluci\u00f3n \u00f3ptima para las manchas oscuras, con glutati\u00f3n y niacinamida de alta pureza, proporciona una luminosidad eficaz.<\/p>\n<p>Contiene 99 % de glutati\u00f3n de alta pureza para reducir la melanina, mejorar las imperfecciones y contribuir a una piel radiante y con un tono m\u00e1s uniforme.<\/p>\n<p>La niacinamida, un ingrediente iluminador de la piel, ayuda a inhibir la migraci\u00f3n del pigmento melanina.<\/p>\n<p>El p\u00e9ptido de col\u00e1geno ayuda a mejorar la elasticidad de la piel y a fortalecer la piel fina del contorno de ojos para lograr una piel suave.<\/p>\n<p>&nbsp;<\/p>\n<p><b>Modo de empleo<\/b><\/p>\n<p>Despu\u00e9s de la limpieza, prepare la piel con t\u00f3nico y use la esp\u00e1tula incluida para aplicar el Parche T\u00f3nico en la zona deseada. Ret\u00edrelo despu\u00e9s de 20-40 minutos.<\/p>\n<p>&nbsp;<\/p>\n<p><b>Precauciones de uso<\/b><\/p>\n<p>1. Consulte con un especialista si presenta s\u00edntomas o efectos secundarios anormales, como sarpullido, hinchaz\u00f3n o picaz\u00f3n, durante el uso o por exposici\u00f3n a la luz solar directa despu\u00e9s de usarlo.<\/p>\n<p>2. No lo use sobre heridas ni otras zonas afectadas.<\/p>\n<p>3. Precauciones de almacenamiento y manipulaci\u00f3n<\/p>\n<p>a) Mantener fuera del alcance de los ni\u00f1os.<\/p>\n<p>b) Mantener alejado de la luz solar directa.<\/p>\n<p>4. Evitar su uso en el contorno de ojos.<\/p>\n","protected":false},"excerpt":{"rendered":"<p>Los Parches Tonificante de Glutati\u00f3n ayuda a mejorar el tono de la piel, actuando sobre las manchas oscuras y las zonas con imperfecciones ocultas para una tez m\u00e1s uniforme.<\/p>\n","protected":false},"featured_media":2438,"comment_status":"closed","ping_status":"closed","template":"","meta":[],"product_brand":[916],"product_cat":[687,691,833],"product_tag":[669,714,795,708,756,662],"class_list":{"0":"post-8035","1":"product","2":"type-product","3":"status-publish","4":"has-post-thumbnail","6":"product_brand-snp","7":"product_cat-cuidado-facial","8":"product_cat-para-el-contorno-de-ojos","9":"product_cat-parches-para-ojos","10":"product_tag-glutation","11":"product_tag-manchas","12":"product_tag-ojeras","13":"product_tag-para-ojos","14":"product_tag-parches","15":"product_tag-pigmentacion","17":"first","18":"instock","19":"taxable","20":"shipping-taxable","21":"purchasable","22":"product-type-simple"},"_links":{"self":[{"href":"https:\/\/koreanwonder.com\/es\/wp-json\/wp\/v2\/product\/8035","targetHints":{"allow":["GET"]}}],"collection":[{"href":"https:\/\/koreanwonder.com\/es\/wp-json\/wp\/v2\/product"}],"about":[{"href":"https:\/\/koreanwonder.com\/es\/wp-json\/wp\/v2\/types\/product"}],"replies":[{"embeddable":true,"href":"https:\/\/koreanwonder.com\/es\/wp-json\/wp\/v2\/comments?post=8035"}],"version-history":[{"count":1,"href":"https:\/\/koreanwonder.com\/es\/wp-json\/wp\/v2\/product\/8035\/revisions"}],"predecessor-version":[{"id":8065,"href":"https:\/\/koreanwonder.com\/es\/wp-json\/wp\/v2\/product\/8035\/revisions\/8065"}],"wp:featuredmedia":[{"embeddable":true,"href":"https:\/\/koreanwonder.com\/es\/wp-json\/wp\/v2\/media\/2438"}],"wp:attachment":[{"href":"https:\/\/koreanwonder.com\/es\/wp-json\/wp\/v2\/media?parent=8035"}],"wp:term":[{"taxonomy":"product_brand","embeddable":true,"href":"https:\/\/koreanwonder.com\/es\/wp-json\/wp\/v2\/product_brand?post=8035"},{"taxonomy":"product_cat","embeddable":true,"href":"https:\/\/koreanwonder.com\/es\/wp-json\/wp\/v2\/product_cat?post=8035"},{"taxonomy":"product_tag","embeddable":true,"href":"https:\/\/koreanwonder.com\/es\/wp-json\/wp\/v2\/product_tag?post=8035"}],"curies":[{"name":"wp","href":"https:\/\/api.w.org\/{rel}","templated":true}]}}