{"id":8034,"date":"2026-04-05T20:31:34","date_gmt":"2026-04-05T20:31:34","guid":{"rendered":"https:\/\/koreanwonder.com\/?post_type=product&#038;p=8034"},"modified":"2026-04-05T20:36:25","modified_gmt":"2026-04-05T20:36:25","slug":"some-by-mi-yuja-niacin-brightening-all-in-one-cleanser-100ml","status":"publish","type":"product","link":"https:\/\/koreanwonder.com\/es\/product\/some-by-mi-yuja-niacin-brightening-all-in-one-cleanser-100ml\/","title":{"rendered":"SOME BY MI Yuja Niacin Brightening All-in -One Cleanser, 100ml"},"content":{"rendered":"<p>Es adecuado para todo tipo de piel, pero cuida de manera \u00f3ptima las pieles problem\u00e1ticas, grasas y mixtas.<span class=\"Apple-converted-space\">\u00a0<\/span>Adem\u00e1s de realizar una limpieza profunda, ayuda a combatir la opacidad, el brillo graso, las manchas de pigmentaci\u00f3n y otras imperfecciones comunes.<\/p>\n<p>&nbsp;<\/p>\n<p><b>Caracter\u00edsticas:<\/b><\/p>\n<p>Perfectamente adecuado para las pieles m\u00e1s sensibles y exigentes;<\/p>\n<p>Formulado con niacinamida y un 11% de extracto de yuzu;<\/p>\n<p>Contiene \u00e1mbar y \u00e1cido hialur\u00f3nico;<\/p>\n<p>Presenta una f\u00f3rmula ligeramente \u00e1cida que mantiene el equilibrio del pH;<\/p>\n<p>Crea una espuma rica para una limpieza profunda pero suave;<\/p>\n<p>Exfolia suavemente las c\u00e9lulas muertas de la piel;<\/p>\n<p>Hidrata y ayuda a retener la humedad;<\/p>\n<p>Regula la producci\u00f3n de sebo, normalizando la funci\u00f3n de las gl\u00e1ndulas seb\u00e1ceas;<\/p>\n<p>Mejora el tono de la piel, proporcionando suavidad y luminosidad;<\/p>\n<p>Promueve la iluminaci\u00f3n y un tono de piel uniforme;<\/p>\n<p>Previene la aparici\u00f3n de acn\u00e9 y otras erupciones.<\/p>\n<p>&nbsp;<\/p>\n<p><b>Modo de Empleo<\/b><\/p>\n<p>Frota el gel en tus manos, apl\u00edcalo en tu rostro h\u00famedo, exti\u00e9ndelo de manera uniforme y enjuaga con agua.<\/p>\n<p>&nbsp;<\/p>\n<p><b>Precauciones:<span class=\"Apple-converted-space\">\u00a0<\/span><\/b><\/p>\n<p>Realice una prueba de parche en el dorso de la mano antes de usar para comprobar posibles reacciones al\u00e9rgicas. Mantener fuera del alcance de los ni\u00f1os, alejado de la luz solar directa y a temperatura ambiente. En caso de contacto con los ojos, enjuagar con agua. Si se produce una reacci\u00f3n al\u00e9rgica, suspenda su uso y consulte a un m\u00e9dico.<\/p>\n","protected":false},"excerpt":{"rendered":"<p>El limpiador facial iluminador todo en uno Yuja Niacin de SOME BY MI elimina impurezas, restos de maquillaje y exceso de sebo, dejando la piel radiante y con un tono uniforme.<\/p>\n","protected":false},"featured_media":2430,"comment_status":"closed","ping_status":"closed","template":"","meta":[],"product_brand":[915],"product_cat":[687,822,782],"product_tag":[784,714,804,741,661,662,670],"class_list":{"0":"post-8034","1":"product","2":"type-product","3":"status-publish","4":"has-post-thumbnail","6":"product_brand-some-by-mi","7":"product_cat-cuidado-facial","8":"product_cat-espumas-geles-leches","9":"product_cat-limpieza","10":"product_tag-limpieza","11":"product_tag-manchas","12":"product_tag-niacinamida","13":"product_tag-opacidad","14":"product_tag-piel-apagada","15":"product_tag-pigmentacion","16":"product_tag-vitamina-c","18":"first","19":"instock","20":"taxable","21":"shipping-taxable","22":"purchasable","23":"product-type-simple"},"_links":{"self":[{"href":"https:\/\/koreanwonder.com\/es\/wp-json\/wp\/v2\/product\/8034","targetHints":{"allow":["GET"]}}],"collection":[{"href":"https:\/\/koreanwonder.com\/es\/wp-json\/wp\/v2\/product"}],"about":[{"href":"https:\/\/koreanwonder.com\/es\/wp-json\/wp\/v2\/types\/product"}],"replies":[{"embeddable":true,"href":"https:\/\/koreanwonder.com\/es\/wp-json\/wp\/v2\/comments?post=8034"}],"version-history":[{"count":1,"href":"https:\/\/koreanwonder.com\/es\/wp-json\/wp\/v2\/product\/8034\/revisions"}],"predecessor-version":[{"id":8064,"href":"https:\/\/koreanwonder.com\/es\/wp-json\/wp\/v2\/product\/8034\/revisions\/8064"}],"wp:featuredmedia":[{"embeddable":true,"href":"https:\/\/koreanwonder.com\/es\/wp-json\/wp\/v2\/media\/2430"}],"wp:attachment":[{"href":"https:\/\/koreanwonder.com\/es\/wp-json\/wp\/v2\/media?parent=8034"}],"wp:term":[{"taxonomy":"product_brand","embeddable":true,"href":"https:\/\/koreanwonder.com\/es\/wp-json\/wp\/v2\/product_brand?post=8034"},{"taxonomy":"product_cat","embeddable":true,"href":"https:\/\/koreanwonder.com\/es\/wp-json\/wp\/v2\/product_cat?post=8034"},{"taxonomy":"product_tag","embeddable":true,"href":"https:\/\/koreanwonder.com\/es\/wp-json\/wp\/v2\/product_tag?post=8034"}],"curies":[{"name":"wp","href":"https:\/\/api.w.org\/{rel}","templated":true}]}}