{"id":8033,"date":"2026-04-05T20:31:34","date_gmt":"2026-04-05T20:31:34","guid":{"rendered":"https:\/\/koreanwonder.com\/?post_type=product&#038;p=8033"},"modified":"2026-04-05T20:36:25","modified_gmt":"2026-04-05T20:36:25","slug":"some-by-mi-lacto-soy-mild-peeling-bubble-cleanser-180ml","status":"publish","type":"product","link":"https:\/\/koreanwonder.com\/es\/product\/some-by-mi-lacto-soy-mild-peeling-bubble-cleanser-180ml\/","title":{"rendered":"SOME BY MI Lacto Soy Mild Peeling Bubble Cleanser, 180ml"},"content":{"rendered":"<p>Este limpiador de burbujas est\u00e1 enriquecido con extracto de fermento de soja\/lactobacillus y extractos de soja ricos en antioxidantes para eliminar las impurezas y las c\u00e9lulas muertas de la piel, al mismo tiempo que ilumina y protege la piel.<\/p>\n<p>Su f\u00f3rmula con pH equilibrado garantiza una limpieza profunda sin irritaci\u00f3n, lo que lo hace adecuado para todo tipo de piel.<\/p>\n<p>Ideal para el uso diario, se transforma en una espuma densa que deja la piel fresca, suave y radiante.<\/p>\n<p>&nbsp;<\/p>\n<p><b>Beneficios:<\/b><\/p>\n<p>Este limpiador de burbujas elimina las c\u00e9lulas muertas de la piel y ayuda a restaurar una piel suave.<\/p>\n<p>Formulado con Lacto Soy y Konjac, ayuda a eliminar las impurezas de la piel.<\/p>\n<p>Aqualose\u2122 hidrata la piel seca.<\/p>\n<p>Limpiador tipo gel-espuma que forma burbujas ricas para limpiar suavemente la piel delicada.<\/p>\n<p>Probado como un producto vegano y no comedog\u00e9nico, es adecuado para todo tipo de piel.<\/p>\n<p>La f\u00f3rmula apta para veganos est\u00e1 dermatol\u00f3gicamente probada para ser adecuada para todo tipo de piel.<\/p>\n<p>&nbsp;<\/p>\n<p><b>Modo de Empleo:<\/b><\/p>\n<p>1. Aplique una cantidad adecuada en las manos mojadas y haga espuma hasta que se formen burbujas.<\/p>\n<p>2. Masajee suavemente sobre el rostro y enjuague con agua tibia.<\/p>\n<p>&nbsp;<\/p>\n<p><b>Precauciones<\/b><\/p>\n<p>Antes de usar, realice una prueba de sensibilidad en el dorso de la mano para comprobar posibles reacciones al\u00e9rgicas. Mantener fuera del alcance de los ni\u00f1os, alejado de la luz solar directa y a temperatura ambiente. En caso de contacto con los ojos, enjuagar con agua. Si se produce una reacci\u00f3n al\u00e9rgica, suspenda su uso y consulte a un m\u00e9dico.<\/p>\n","protected":false},"excerpt":{"rendered":"<p>El limpiador Some By Mi Lacto Soy Mild Peeling Bubble Cleanser es una innovadora soluci\u00f3n para el cuidado de la piel que combina una exfoliaci\u00f3n suave con una limpieza profunda.<\/p>\n","protected":false},"featured_media":2420,"comment_status":"closed","ping_status":"closed","template":"","meta":[],"product_brand":[915],"product_cat":[687,822,782],"product_tag":[694,703,784,663,805],"class_list":{"0":"post-8033","1":"product","2":"type-product","3":"status-publish","4":"has-post-thumbnail","6":"product_brand-some-by-mi","7":"product_cat-cuidado-facial","8":"product_cat-espumas-geles-leches","9":"product_cat-limpieza","10":"product_tag-calmante","11":"product_tag-hidratacion","12":"product_tag-limpieza","13":"product_tag-poros","14":"product_tag-vegano","16":"first","17":"instock","18":"taxable","19":"shipping-taxable","20":"purchasable","21":"product-type-simple"},"_links":{"self":[{"href":"https:\/\/koreanwonder.com\/es\/wp-json\/wp\/v2\/product\/8033","targetHints":{"allow":["GET"]}}],"collection":[{"href":"https:\/\/koreanwonder.com\/es\/wp-json\/wp\/v2\/product"}],"about":[{"href":"https:\/\/koreanwonder.com\/es\/wp-json\/wp\/v2\/types\/product"}],"replies":[{"embeddable":true,"href":"https:\/\/koreanwonder.com\/es\/wp-json\/wp\/v2\/comments?post=8033"}],"version-history":[{"count":1,"href":"https:\/\/koreanwonder.com\/es\/wp-json\/wp\/v2\/product\/8033\/revisions"}],"predecessor-version":[{"id":8063,"href":"https:\/\/koreanwonder.com\/es\/wp-json\/wp\/v2\/product\/8033\/revisions\/8063"}],"wp:featuredmedia":[{"embeddable":true,"href":"https:\/\/koreanwonder.com\/es\/wp-json\/wp\/v2\/media\/2420"}],"wp:attachment":[{"href":"https:\/\/koreanwonder.com\/es\/wp-json\/wp\/v2\/media?parent=8033"}],"wp:term":[{"taxonomy":"product_brand","embeddable":true,"href":"https:\/\/koreanwonder.com\/es\/wp-json\/wp\/v2\/product_brand?post=8033"},{"taxonomy":"product_cat","embeddable":true,"href":"https:\/\/koreanwonder.com\/es\/wp-json\/wp\/v2\/product_cat?post=8033"},{"taxonomy":"product_tag","embeddable":true,"href":"https:\/\/koreanwonder.com\/es\/wp-json\/wp\/v2\/product_tag?post=8033"}],"curies":[{"name":"wp","href":"https:\/\/api.w.org\/{rel}","templated":true}]}}