{"id":8019,"date":"2026-04-05T20:31:33","date_gmt":"2026-04-05T20:31:33","guid":{"rendered":"https:\/\/koreanwonder.com\/?post_type=product&#038;p=8019"},"modified":"2026-04-05T20:36:24","modified_gmt":"2026-04-05T20:36:24","slug":"sungboon-editor-deep-collagen-power-boosting-cream-in-serum-30ml","status":"publish","type":"product","link":"https:\/\/koreanwonder.com\/es\/product\/sungboon-editor-deep-collagen-power-boosting-cream-in-serum-30ml\/","title":{"rendered":"Sungboon Editor Deep Collagen Power Boosting Cream in Serum, 30ml"},"content":{"rendered":"<p>La Crema Antiarrugas Deep Collagen en S\u00e9rum de Sungboon Editor hidrata profundamente la piel a la vez que reduce las l\u00edneas de expresi\u00f3n y las arrugas.<\/p>\n<p>&nbsp;<\/p>\n<p><b>Beneficios:<\/b><\/p>\n<p>Esta ampolla cuida las arrugas, los poros y la sequedad al mismo tiempo.<\/p>\n<p>Proporciona hidrataci\u00f3n instant\u00e1nea y firmeza visible con ingredientes de origen natural.<\/p>\n<p>Formulado exclusivamente con ingredientes de Grado Verde EWG, este suave s\u00e9rum es apto para todo tipo de piel, incluso la sensible.<\/p>\n<p>Su exclusiva f\u00f3rmula de doble capa combina las texturas de la crema y el s\u00e9rum, absorbi\u00e9ndose suavemente sin sensaci\u00f3n pegajosa, perfecta tanto para la rutina de la ma\u00f1ana como para la de la noche.<\/p>\n<p>&nbsp;<\/p>\n<p><b>Principales ingredientes activos<\/b><\/p>\n<p>Infundido con un 5 % de Volufiline, un ingrediente cl\u00ednicamente probado conocido por sus efectos reafirmantes y suavizantes de arrugas, act\u00faa de forma r\u00e1pida y eficaz para mejorar la elasticidad.<\/p>\n<p>Las mol\u00e9culas de col\u00e1geno ultrafinas, de menos de 300 Da, penetran profundamente en la piel, ayudando a restaurar su elasticidad desde el interior. Contiene elastina, que retiene el col\u00e1geno, y \u00e1cido hialur\u00f3nico, que act\u00faa como agente hidratante y rellena los espacios entre el col\u00e1geno.<\/p>\n<p>Contiene un complejo de 17 tipos de amino\u00e1cidos para un efecto hidratante instant\u00e1neo.<\/p>\n<p>&nbsp;<\/p>\n<p><b>Modo de empleo:<\/b><\/p>\n<p>Agitar el s\u00e9rum para mezclar la capa de s\u00e9rum y la de crema, y \u200b\u200baplicar una cantidad moderada sobre la piel despu\u00e9s de prepararla con el t\u00f3nico.<\/p>\n<p>&nbsp;<\/p>\n<p><b>Precauciones de uso<\/b><\/p>\n<p>1) Consultar con un especialista si se experimentan s\u00edntomas o efectos secundarios inusuales, como sarpullido, hinchaz\u00f3n o picaz\u00f3n, durante el uso o tras la exposici\u00f3n a la luz solar directa despu\u00e9s de su uso.<\/p>\n<p>2) No aplicar sobre heridas u otras zonas afectadas.<\/p>\n<p>3) Instrucciones de almacenamiento y manipulaci\u00f3n<\/p>\n<p>a) Mantener fuera del alcance de los ni\u00f1os.<\/p>\n<p>b) Mantener alejado de la luz solar directa.<\/p>\n","protected":false},"excerpt":{"rendered":"<p>Sungboon Editor Deep Collagen Power Boosting Cream In Serum es un innovador producto antiedad que combina los beneficios de un s\u00e9rum y una crema para una hidrataci\u00f3n intensa y una mayor elasticidad de la piel.<\/p>\n","protected":false},"featured_media":2332,"comment_status":"closed","ping_status":"closed","template":"","meta":[],"product_brand":[912],"product_cat":[687,690,689],"product_tag":[699,704,703,715,798],"class_list":{"0":"post-8019","1":"product","2":"type-product","3":"status-publish","4":"has-post-thumbnail","6":"product_brand-sungboon-editor","7":"product_cat-cuidado-facial","8":"product_cat-serum-ampolla","9":"product_cat-serums","10":"product_tag-arrugas","11":"product_tag-colageno","12":"product_tag-hidratacion","13":"product_tag-piel-madura","14":"product_tag-serum","16":"first","17":"instock","18":"taxable","19":"shipping-taxable","20":"purchasable","21":"product-type-simple"},"_links":{"self":[{"href":"https:\/\/koreanwonder.com\/es\/wp-json\/wp\/v2\/product\/8019","targetHints":{"allow":["GET"]}}],"collection":[{"href":"https:\/\/koreanwonder.com\/es\/wp-json\/wp\/v2\/product"}],"about":[{"href":"https:\/\/koreanwonder.com\/es\/wp-json\/wp\/v2\/types\/product"}],"replies":[{"embeddable":true,"href":"https:\/\/koreanwonder.com\/es\/wp-json\/wp\/v2\/comments?post=8019"}],"version-history":[{"count":1,"href":"https:\/\/koreanwonder.com\/es\/wp-json\/wp\/v2\/product\/8019\/revisions"}],"predecessor-version":[{"id":8049,"href":"https:\/\/koreanwonder.com\/es\/wp-json\/wp\/v2\/product\/8019\/revisions\/8049"}],"wp:featuredmedia":[{"embeddable":true,"href":"https:\/\/koreanwonder.com\/es\/wp-json\/wp\/v2\/media\/2332"}],"wp:attachment":[{"href":"https:\/\/koreanwonder.com\/es\/wp-json\/wp\/v2\/media?parent=8019"}],"wp:term":[{"taxonomy":"product_brand","embeddable":true,"href":"https:\/\/koreanwonder.com\/es\/wp-json\/wp\/v2\/product_brand?post=8019"},{"taxonomy":"product_cat","embeddable":true,"href":"https:\/\/koreanwonder.com\/es\/wp-json\/wp\/v2\/product_cat?post=8019"},{"taxonomy":"product_tag","embeddable":true,"href":"https:\/\/koreanwonder.com\/es\/wp-json\/wp\/v2\/product_tag?post=8019"}],"curies":[{"name":"wp","href":"https:\/\/api.w.org\/{rel}","templated":true}]}}