{"id":8014,"date":"2026-04-05T20:31:32","date_gmt":"2026-04-05T20:31:32","guid":{"rendered":"https:\/\/koreanwonder.com\/?post_type=product&#038;p=8014"},"modified":"2026-04-05T20:36:24","modified_gmt":"2026-04-05T20:36:24","slug":"the-history-of-whoo-gongjinhyang-hydrating-foam-cleanser-40ml","status":"publish","type":"product","link":"https:\/\/koreanwonder.com\/es\/product\/the-history-of-whoo-gongjinhyang-hydrating-foam-cleanser-40ml\/","title":{"rendered":"The History of Whoo Gongjinhyang Hydrating Foam Cleanser, 40ml"},"content":{"rendered":"<p>Nutritivo: el extracto de hierbas tradicional penetra profundamente en la piel, restaura su estado y establece la base, promoviendo la absorci\u00f3n de los productos de cuidado de la piel posteriores.<\/p>\n<p>F\u00f3rmula suave: es suave y amigable incluso para pieles delicadas y sensibles.<\/p>\n<p>Es un limpiador en espuma hidratante hipoalerg\u00e9nico que ayuda a limpiar el polvo fino y los desechos de la piel con burbujas ricas, y deja la piel hidratada y saludable incluso despu\u00e9s de la limpieza.<\/p>\n<p>Un limpiador en espuma limpia la suciedad de los poros.<\/p>\n<p>Aprieta los poros dilatados.<\/p>\n<p>Aporta humectaci\u00f3n.<\/p>\n<p>Ofrece un beneficio calmante a trav\u00e9s de la camelia.<\/p>\n<p>&nbsp;<\/p>\n<p><b>Ingredientes:<\/b><\/p>\n<p>Cheongilksudan: suaviza las l\u00edneas finas y minimiza los poros.<\/p>\n<p>Ginseng, Rehmannia, Poria, Ophiopogon: rejuvenecen la vitalidad de la piel e hidratan la piel.<\/p>\n<p>Platycodon, Angelica: acondicionan la piel.<\/p>\n<p>Eunhasoo: promueve la circulaci\u00f3n de la humedad.<\/p>\n<p>&nbsp;<\/p>\n<p><b>Modo de Empleo<\/b><\/p>\n<p>Tome una cantidad adecuada en sus manos para hacer una espuma abundante, fr\u00f3tela en su rostro como un masaje y luego enju\u00e1guela con agua.<\/p>\n<p>&nbsp;<\/p>\n<p><b>Precauciones<\/b><\/p>\n<p>Solo para uso externo: Evitar la ingesti\u00f3n.<\/p>\n<p>Evitar el contacto con los ojos: En caso de contacto accidental con los ojos, enjuagar inmediatamente con agua.<\/p>\n<p>No aplicar sobre piel irritada o con heridas abiertas.<\/p>\n<p>Suspenda su uso si se produce irritaci\u00f3n: Si aparecen signos de irritaci\u00f3n, enrojecimiento o molestias, suspenda su uso inmediatamente.<\/p>\n<p>Mantener fuera del alcance de los ni\u00f1os: Aseg\u00farese de que el producto se guarde fuera del alcance de los ni\u00f1os peque\u00f1os.<\/p>\n<p>Instrucciones de almacenamiento: Guarde el producto en un lugar fresco y seco, alejado de la luz solar directa.<\/p>\n<p>Recomendaciones para pieles sensibles: Si tiene piel sensible, se recomienda realizar una prueba en una peque\u00f1a zona de la piel para asegurarse de que no haya ninguna reacci\u00f3n al\u00e9rgica.<\/p>\n","protected":false},"excerpt":{"rendered":"<p>Espuma delicada y rica: este limpiador se enjabona f\u00e1cilmente para eliminar los residuos de maquillaje y el exceso de sebo sin tensar la piel.<\/p>\n","protected":false},"featured_media":2298,"comment_status":"closed","ping_status":"closed","template":"","meta":[],"product_brand":[911],"product_cat":[687,822,782,711],"product_tag":[703,784],"class_list":{"0":"post-8014","1":"product","2":"type-product","3":"status-publish","4":"has-post-thumbnail","6":"product_brand-the-history-of-whoo","7":"product_cat-cuidado-facial","8":"product_cat-espumas-geles-leches","9":"product_cat-limpieza","10":"product_cat-miniaturas-probadores","11":"product_tag-hidratacion","12":"product_tag-limpieza","14":"first","15":"instock","16":"taxable","17":"shipping-taxable","18":"purchasable","19":"product-type-simple"},"_links":{"self":[{"href":"https:\/\/koreanwonder.com\/es\/wp-json\/wp\/v2\/product\/8014","targetHints":{"allow":["GET"]}}],"collection":[{"href":"https:\/\/koreanwonder.com\/es\/wp-json\/wp\/v2\/product"}],"about":[{"href":"https:\/\/koreanwonder.com\/es\/wp-json\/wp\/v2\/types\/product"}],"replies":[{"embeddable":true,"href":"https:\/\/koreanwonder.com\/es\/wp-json\/wp\/v2\/comments?post=8014"}],"version-history":[{"count":1,"href":"https:\/\/koreanwonder.com\/es\/wp-json\/wp\/v2\/product\/8014\/revisions"}],"predecessor-version":[{"id":8044,"href":"https:\/\/koreanwonder.com\/es\/wp-json\/wp\/v2\/product\/8014\/revisions\/8044"}],"wp:featuredmedia":[{"embeddable":true,"href":"https:\/\/koreanwonder.com\/es\/wp-json\/wp\/v2\/media\/2298"}],"wp:attachment":[{"href":"https:\/\/koreanwonder.com\/es\/wp-json\/wp\/v2\/media?parent=8014"}],"wp:term":[{"taxonomy":"product_brand","embeddable":true,"href":"https:\/\/koreanwonder.com\/es\/wp-json\/wp\/v2\/product_brand?post=8014"},{"taxonomy":"product_cat","embeddable":true,"href":"https:\/\/koreanwonder.com\/es\/wp-json\/wp\/v2\/product_cat?post=8014"},{"taxonomy":"product_tag","embeddable":true,"href":"https:\/\/koreanwonder.com\/es\/wp-json\/wp\/v2\/product_tag?post=8014"}],"curies":[{"name":"wp","href":"https:\/\/api.w.org\/{rel}","templated":true}]}}