{"id":7976,"date":"2026-04-05T20:31:27","date_gmt":"2026-04-05T20:31:27","guid":{"rendered":"https:\/\/koreanwonder.com\/?post_type=product&#038;p=7976"},"modified":"2026-04-05T20:36:23","modified_gmt":"2026-04-05T20:36:23","slug":"tiam-snail-azulene-sleeping-mask-100ml","status":"publish","type":"product","link":"https:\/\/koreanwonder.com\/es\/product\/tiam-snail-azulene-sleeping-mask-100ml\/","title":{"rendered":"TIA\u2019M Snail &#038; Azulene Sleeping Mask, 100ml"},"content":{"rendered":"<p>Contiene mucina de caracol y azuleno, que ayudan a calmar la piel irritada, reducir el enrojecimiento y fortalecer la barrera cut\u00e1nea.<\/p>\n<p>&nbsp;<\/p>\n<p><b>Beneficios clave:<span class=\"Apple-converted-space\">\u00a0<\/span><\/b><\/p>\n<p><b>Hidrataci\u00f3n intensa: <\/b>Contiene filtrado de secreci\u00f3n de caracol, que hidrata profundamente la piel, previniendo la sequedad y la deshidrataci\u00f3n.<\/p>\n<p><b>Efecto calmante<\/b>: El azuleno, derivado de la manzanilla, ayuda a aliviar la irritaci\u00f3n y el enrojecimiento, por lo que esta mascarilla es ideal para pieles sensibles o cansadas.<\/p>\n<p><b>Reparaci\u00f3n de la piel<\/b>: La mucina de caracol promueve la regeneraci\u00f3n y reparaci\u00f3n de la piel da\u00f1ada, mejorando su elasticidad.<\/p>\n<p><b>Fortalecimiento de la barrera cut\u00e1nea: <\/b>El pantenol ayuda a fortalecer la barrera natural de la piel, previniendo la p\u00e9rdida de hidrataci\u00f3n.<span class=\"Apple-converted-space\">\u00a0<\/span><\/p>\n<p><b>Textura y tono mejorados: <\/b>Esta mascarilla ayuda a suavizar la piel, dej\u00e1ndola m\u00e1s suave y radiante por la ma\u00f1ana.<span class=\"Apple-converted-space\">\u00a0<\/span><\/p>\n<p>&nbsp;<\/p>\n<p><b>Apto para:<\/b><\/p>\n<p><b>Piel con ros\u00e1cea:<\/b> Gracias al azuleno, esta mascarilla ayuda a contraer los capilares y a reducir el enrojecimiento.<\/p>\n<p><b>Piel irritada y sensible:<\/b> La mucina de caracol y el azuleno calman y restauran la piel.<\/p>\n<p><b>Piel seca y deshidratada:<\/b> Esta mascarilla hidrata intensamente y ayuda a fortalecer la barrera cut\u00e1nea.<\/p>\n<p><b>Para cualquier tipo de piel que necesite regeneraci\u00f3n:<\/b> Sus ingredientes activos restauran y fortalecen intensamente la barrera protectora de la piel durante la noche.<\/p>\n<p>&nbsp;<\/p>\n<p><b>Principales ingredientes activos:<\/b><\/p>\n<p><b>Filtrado de secreci\u00f3n de caracol (92%).<\/b> Este ingrediente estimula la producci\u00f3n de col\u00e1geno y elastina, hidrata y ayuda a reparar la piel da\u00f1ada. Adem\u00e1s, posee propiedades antibacterianas y antiinflamatorias. Seg\u00fan skinsignal.ru, la mascarilla contiene un 85% de filtrado de mucina de caracol.<\/p>\n<p><b>Azuleno (guaiazuleno).<\/b> Derivado del aceite esencial de manzanilla, este ingrediente calma la irritaci\u00f3n, reduce el enrojecimiento y la picaz\u00f3n, y adem\u00e1s tiene un efecto antibacteriano.<\/p>\n<p><b>Pantenol. <\/b>Derivado de la vitamina B5, el pantenol tiene un efecto hidratante, calmante y cicatrizante. Ayuda a fortalecer la barrera protectora de la piel y mejora su elasticidad.<\/p>\n<p><b>Beta\u00edna<\/b>. Este ingrediente tiene propiedades hidratantes y ayuda a retener la humedad en la piel.<\/p>\n<p><b>Alanto\u00edna. <\/b>Conocida por sus propiedades calmantes y suavizantes, favorece la cicatrizaci\u00f3n de la piel.<\/p>\n<p>&nbsp;<\/p>\n<p><b>Modo de Empleo<\/b><\/p>\n<p>Utiliza TIAM Snail &amp; Azulene Sleeping Mask como \u00faltimo paso de tu rutina de cuidado facial nocturno.<\/p>\n<p>Antes de acostarte aplica una cantidad generosa de producto sobre cara, cuello y escote y distribuye con un suave masaje para facilitar su absorci\u00f3n.<\/p>\n<p>Deja que se absorba, no aclares y espera a que la magia de esta sleeping mask act\u00fae toda la noche. A la ma\u00f1ana siguiente tu piel estar\u00e1 suave, hidratada, calmada y luminosa.<\/p>\n<p>&nbsp;<\/p>\n<p><b>Precauciones<\/b><\/p>\n<p>Realice una prueba de parche. Aplique una peque\u00f1a cantidad de crema en una zona poco visible de la piel (como la mu\u00f1eca o detr\u00e1s de la oreja) y espere de 24 a 48 horas para comprobar si hay alguna reacci\u00f3n. Esto es especialmente importante para pieles sensibles.<\/p>\n<p>Evite el contacto con los ojos y la boca.<\/p>\n<p>Suspenda su uso si se produce irritaci\u00f3n, picaz\u00f3n, enrojecimiento o descamaci\u00f3n persistentes y consulte a un m\u00e9dico.<\/p>\n<p>Mant\u00e9ngase fuera del alcance de los ni\u00f1os.<\/p>\n","protected":false},"excerpt":{"rendered":"<p>La mascarilla facial nocturna es un cosm\u00e9tico hidratante, calmante, cicatrizante y reafirmante con mucina de caracol y azuleno.<\/p>\n","protected":false},"featured_media":2243,"comment_status":"closed","ping_status":"closed","template":"","meta":[],"product_brand":[909],"product_cat":[800,687,786,695],"product_tag":[799,694,801,703,697,781,802,702,562],"class_list":{"0":"post-7976","1":"product","2":"type-product","3":"status-publish","4":"has-post-thumbnail","6":"product_brand-tiam","7":"product_cat-crema-de-noche","8":"product_cat-cuidado-facial","9":"product_cat-mascarilla-de-noche","10":"product_cat-mascarillas-faciales","11":"product_tag-azuleno","12":"product_tag-calmante","13":"product_tag-cuidado-nocturno","14":"product_tag-hidratacion","15":"product_tag-mascarilla","16":"product_tag-mucina-de-caracol","17":"product_tag-nocturna","18":"product_tag-piel_sensible","19":"product_tag-rosacea","21":"first","22":"instock","23":"taxable","24":"shipping-taxable","25":"purchasable","26":"product-type-simple"},"_links":{"self":[{"href":"https:\/\/koreanwonder.com\/es\/wp-json\/wp\/v2\/product\/7976","targetHints":{"allow":["GET"]}}],"collection":[{"href":"https:\/\/koreanwonder.com\/es\/wp-json\/wp\/v2\/product"}],"about":[{"href":"https:\/\/koreanwonder.com\/es\/wp-json\/wp\/v2\/types\/product"}],"replies":[{"embeddable":true,"href":"https:\/\/koreanwonder.com\/es\/wp-json\/wp\/v2\/comments?post=7976"}],"version-history":[{"count":1,"href":"https:\/\/koreanwonder.com\/es\/wp-json\/wp\/v2\/product\/7976\/revisions"}],"predecessor-version":[{"id":8006,"href":"https:\/\/koreanwonder.com\/es\/wp-json\/wp\/v2\/product\/7976\/revisions\/8006"}],"wp:featuredmedia":[{"embeddable":true,"href":"https:\/\/koreanwonder.com\/es\/wp-json\/wp\/v2\/media\/2243"}],"wp:attachment":[{"href":"https:\/\/koreanwonder.com\/es\/wp-json\/wp\/v2\/media?parent=7976"}],"wp:term":[{"taxonomy":"product_brand","embeddable":true,"href":"https:\/\/koreanwonder.com\/es\/wp-json\/wp\/v2\/product_brand?post=7976"},{"taxonomy":"product_cat","embeddable":true,"href":"https:\/\/koreanwonder.com\/es\/wp-json\/wp\/v2\/product_cat?post=7976"},{"taxonomy":"product_tag","embeddable":true,"href":"https:\/\/koreanwonder.com\/es\/wp-json\/wp\/v2\/product_tag?post=7976"}],"curies":[{"name":"wp","href":"https:\/\/api.w.org\/{rel}","templated":true}]}}