{"id":7963,"date":"2026-04-05T20:31:26","date_gmt":"2026-04-05T20:31:26","guid":{"rendered":"https:\/\/koreanwonder.com\/?post_type=product&#038;p=7963"},"modified":"2026-04-05T20:36:22","modified_gmt":"2026-04-05T20:36:22","slug":"vt-cosmetics-azelaic-acid-az-care-lock-mask-100ml","status":"publish","type":"product","link":"https:\/\/koreanwonder.com\/es\/product\/vt-cosmetics-azelaic-acid-az-care-lock-mask-100ml\/","title":{"rendered":"VT Cosmetics Azelaic Acid AZ Care Lock Mask, 100ml"},"content":{"rendered":"<p>F\u00f3rmula desprendible retiene la hidrataci\u00f3n y los ingredientes activos, lo que ayuda a calmar la piel irritada y a mejorar su textura, dejando una tez m\u00e1s clara, suave y luminosa.<\/p>\n<p>&nbsp;<\/p>\n<p><b>Beneficios clave<\/b><\/p>\n<p><b>Trata los poros dilatados y las imperfecciones:<\/b> Contiene BHA y \u00e1cido azelaico para tratar puntos negros, puntos blancos e imperfecciones, mientras que sus propiedades astringentes ayudan a constre\u00f1ir los poros.<\/p>\n<p><b>Controla el sebo: <\/b>Ayuda a controlar el exceso de grasa para una tez menos brillante.<\/p>\n<p><b>Mejora la textura de la piel: <\/b>La mascarilla elimina las c\u00e9lulas muertas, dejando la piel m\u00e1s suave y prepar\u00e1ndola para el maquillaje.<\/p>\n<p><b>Proporciona una limpieza profunda:<\/b> La acci\u00f3n desprendible ayuda a eliminar las impurezas de los poros.<\/p>\n<p><b>Calma y suaviza: <\/b>El \u00e1cido azelaico tiene propiedades antiinflamatorias que ayudan a calmar la piel irritada y enrojecida con tendencia al acn\u00e9.<\/p>\n<p><b>Hidrata e ilumina: <\/b>Ingredientes como el \u00e1cido hialur\u00f3nico y la vitamina E hidratan, mejorando la hidrataci\u00f3n, la luminosidad y la luminosidad general de la piel.<\/p>\n<p><b>Retiene la hidrataci\u00f3n: <\/b>La mascarilla forma una pel\u00edcula el\u00e1stica que ayuda a retener los ingredientes beneficiosos en la piel.<\/p>\n<p><b>F\u00f3rmula suave:<\/b> Libre de alcoholes agresivos, parabenos, sulfatos y otros irritantes comunes, lo que la hace apta para pieles sensibles.<\/p>\n<p>&nbsp;<\/p>\n<p><b>Ingredientes clave:<span class=\"Apple-converted-space\">\u00a0<\/span><\/b><\/p>\n<p><b>\u00c1cido azelaico:<\/b> Un ingrediente antiacn\u00e9 que tambi\u00e9n tiene un efecto calmante.<\/p>\n<p><b>Extracto de Centella Asi\u00e1tica<\/b>: Aporta beneficios antioxidantes y calmantes a la piel.<\/p>\n<p><b>\u00c1cido salic\u00edlico:<\/b> Un exfoliante reconocido que ayuda a limpiar los poros.<\/p>\n<p><b>Gluconolactona:<\/b> Un tipo de PHA (polihidroxi\u00e1cido) que exfolia suavemente la piel.<\/p>\n<p><b>Pantenol: <\/b>Tambi\u00e9n conocido como provitamina B5, hidrata y suaviza la piel. Glicerina: Humectante que hidrata la piel.<\/p>\n<p><b>Hialuronato de sodio:<\/b> Una forma de \u00e1cido hialur\u00f3nico que proporciona hidrataci\u00f3n.<\/p>\n<p>&nbsp;<\/p>\n<p><b>Modo de empleo<\/b><\/p>\n<p>En el \u00faltimo paso del cuidado de la piel, tome una cantidad adecuada y apl\u00edquela en todo el rostro, excepto alrededor de los ojos y la boca. Deje secar y luego vaya a dormir. A la ma\u00f1ana siguiente, retire el envoltorio y lave su rostro con suavidad.<\/p>\n<p>&nbsp;<\/p>\n<p><b>Precauciones de uso:<\/b><\/p>\n<p>1) Consulte a un especialista si presenta s\u00edntomas o efectos secundarios inusuales, como sarpullido, hinchaz\u00f3n o picaz\u00f3n, durante el uso o despu\u00e9s de la exposici\u00f3n a la luz solar directa.<\/p>\n<p>2) No aplicar sobre heridas u otras zonas afectadas.<\/p>\n<p>3) Precauciones de almacenamiento y manipulaci\u00f3n:<\/p>\n<p>a) Mantener fuera del alcance de los ni\u00f1os.<\/p>\n<p>b) Mantener alejado de la luz solar directa.<\/p>\n","protected":false},"excerpt":{"rendered":"<p>Los beneficios de la mascarilla Az Care Lock con \u00e1cido azelaico de VT Cosmetics incluyen el tratamiento de poros dilatados, imperfecciones y un tono de piel desigual, controlando la secreci\u00f3n seb\u00e1cea y proporcionando un efecto de limpieza profunda.<\/p>\n","protected":false},"featured_media":2157,"comment_status":"closed","ping_status":"closed","template":"","meta":[],"product_brand":[905],"product_cat":[687,787,695],"product_tag":[788,559,694,743,697,745,663,746,665],"class_list":{"0":"post-7963","1":"product","2":"type-product","3":"status-publish","4":"has-post-thumbnail","6":"product_brand-vt-cosmetics","7":"product_cat-cuidado-facial","8":"product_cat-mascarilla-envolvente","9":"product_cat-mascarillas-faciales","10":"product_tag-acido-azelaico","11":"product_tag-acne","12":"product_tag-calmante","13":"product_tag-grasa","14":"product_tag-mascarilla","15":"product_tag-piel-problematica-acne","16":"product_tag-poros","17":"product_tag-sebo","18":"product_tag-vt-cosmetics","20":"first","21":"instock","22":"taxable","23":"shipping-taxable","24":"purchasable","25":"product-type-simple"},"_links":{"self":[{"href":"https:\/\/koreanwonder.com\/es\/wp-json\/wp\/v2\/product\/7963","targetHints":{"allow":["GET"]}}],"collection":[{"href":"https:\/\/koreanwonder.com\/es\/wp-json\/wp\/v2\/product"}],"about":[{"href":"https:\/\/koreanwonder.com\/es\/wp-json\/wp\/v2\/types\/product"}],"replies":[{"embeddable":true,"href":"https:\/\/koreanwonder.com\/es\/wp-json\/wp\/v2\/comments?post=7963"}],"version-history":[{"count":1,"href":"https:\/\/koreanwonder.com\/es\/wp-json\/wp\/v2\/product\/7963\/revisions"}],"predecessor-version":[{"id":7993,"href":"https:\/\/koreanwonder.com\/es\/wp-json\/wp\/v2\/product\/7963\/revisions\/7993"}],"wp:featuredmedia":[{"embeddable":true,"href":"https:\/\/koreanwonder.com\/es\/wp-json\/wp\/v2\/media\/2157"}],"wp:attachment":[{"href":"https:\/\/koreanwonder.com\/es\/wp-json\/wp\/v2\/media?parent=7963"}],"wp:term":[{"taxonomy":"product_brand","embeddable":true,"href":"https:\/\/koreanwonder.com\/es\/wp-json\/wp\/v2\/product_brand?post=7963"},{"taxonomy":"product_cat","embeddable":true,"href":"https:\/\/koreanwonder.com\/es\/wp-json\/wp\/v2\/product_cat?post=7963"},{"taxonomy":"product_tag","embeddable":true,"href":"https:\/\/koreanwonder.com\/es\/wp-json\/wp\/v2\/product_tag?post=7963"}],"curies":[{"name":"wp","href":"https:\/\/api.w.org\/{rel}","templated":true}]}}