{"id":7958,"date":"2026-04-05T20:31:26","date_gmt":"2026-04-05T20:31:26","guid":{"rendered":"https:\/\/koreanwonder.com\/?post_type=product&#038;p=7958"},"modified":"2026-04-05T20:36:21","modified_gmt":"2026-04-05T20:36:21","slug":"vt-cosmetics-pdrn-grinding-cleansing-balm-50ml","status":"publish","type":"product","link":"https:\/\/koreanwonder.com\/es\/product\/vt-cosmetics-pdrn-grinding-cleansing-balm-50ml\/","title":{"rendered":"VT Cosmetics PDRN Grinding Cleansing Balm, 50ml"},"content":{"rendered":"<p>Este b\u00e1lsamo limpiador est\u00e1 formulado con PHA y LHA para eliminar el maquillaje, el exceso de sebo y las impurezas, a la vez que exfolia suavemente las c\u00e9lulas muertas de la piel para revelar una tez m\u00e1s luminosa y suave.<\/p>\n<p>&nbsp;<\/p>\n<p><b>Beneficios:<\/b><\/p>\n<p>Este b\u00e1lsamo limpiador suave pero eficaz disuelve el maquillaje, las impurezas y los residuos que obstruyen los poros en un solo paso.<\/p>\n<p>Enriquecido con PDRN de origen vegetal para revitalizar y realzar la luminosidad natural de la piel.<\/p>\n<p>Infusionado con pantenol, escualano y ceramida para nutrir e hidratar la piel en profundidad.<\/p>\n<p>Este suave b\u00e1lsamo con textura de sorbete se funde con la piel, proporcionando hidrataci\u00f3n sin dejar sensaci\u00f3n grasa.<\/p>\n<p>Sin fragancias sint\u00e9ticas, lo que lo hace ideal para pieles sensibles.<\/p>\n<p>&nbsp;<\/p>\n<p><b>Modo de uso:<\/b><\/p>\n<p>Gire el dial en la direcci\u00f3n de la flecha para dispensar la cantidad adecuada de producto y luego apl\u00edquelo suavemente sobre el rostro seco, como si estuviera masajeando. Humedezca ligeramente las manos, vuelva a pasar el rodillo durante unos 30 segundos y enjuague bien con agua tibia.<\/p>\n<p>Pueden producirse reacciones al\u00e9rgicas. No utilice este producto si es al\u00e9rgico a alguno de sus ingredientes. Si se produce irritaci\u00f3n, suspenda su uso inmediatamente y consulte a un profesional de la salud.<\/p>\n","protected":false},"excerpt":{"rendered":"<p>Este b\u00e1lsamo limpiador suave pero eficaz disuelve el maquillaje, las impurezas y los residuos que obstruyen los poros en un solo paso.<\/p>\n","protected":false},"featured_media":2121,"comment_status":"closed","ping_status":"closed","template":"","meta":[],"product_brand":[905],"product_cat":[783,687,782],"product_tag":[716,694,784,566,663,746,665],"class_list":{"0":"post-7958","1":"product","2":"type-product","3":"status-publish","4":"has-post-thumbnail","6":"product_brand-vt-cosmetics","7":"product_cat-aceite-hidrofilico-balsamo-agua-crema","8":"product_cat-cuidado-facial","9":"product_cat-limpieza","10":"product_tag-balsamo","11":"product_tag-calmante","12":"product_tag-limpieza","13":"product_tag-pdrn","14":"product_tag-poros","15":"product_tag-sebo","16":"product_tag-vt-cosmetics","18":"first","19":"instock","20":"taxable","21":"shipping-taxable","22":"purchasable","23":"product-type-simple"},"_links":{"self":[{"href":"https:\/\/koreanwonder.com\/es\/wp-json\/wp\/v2\/product\/7958","targetHints":{"allow":["GET"]}}],"collection":[{"href":"https:\/\/koreanwonder.com\/es\/wp-json\/wp\/v2\/product"}],"about":[{"href":"https:\/\/koreanwonder.com\/es\/wp-json\/wp\/v2\/types\/product"}],"replies":[{"embeddable":true,"href":"https:\/\/koreanwonder.com\/es\/wp-json\/wp\/v2\/comments?post=7958"}],"version-history":[{"count":1,"href":"https:\/\/koreanwonder.com\/es\/wp-json\/wp\/v2\/product\/7958\/revisions"}],"predecessor-version":[{"id":7988,"href":"https:\/\/koreanwonder.com\/es\/wp-json\/wp\/v2\/product\/7958\/revisions\/7988"}],"wp:featuredmedia":[{"embeddable":true,"href":"https:\/\/koreanwonder.com\/es\/wp-json\/wp\/v2\/media\/2121"}],"wp:attachment":[{"href":"https:\/\/koreanwonder.com\/es\/wp-json\/wp\/v2\/media?parent=7958"}],"wp:term":[{"taxonomy":"product_brand","embeddable":true,"href":"https:\/\/koreanwonder.com\/es\/wp-json\/wp\/v2\/product_brand?post=7958"},{"taxonomy":"product_cat","embeddable":true,"href":"https:\/\/koreanwonder.com\/es\/wp-json\/wp\/v2\/product_cat?post=7958"},{"taxonomy":"product_tag","embeddable":true,"href":"https:\/\/koreanwonder.com\/es\/wp-json\/wp\/v2\/product_tag?post=7958"}],"curies":[{"name":"wp","href":"https:\/\/api.w.org\/{rel}","templated":true}]}}