{"id":7903,"date":"2026-04-05T20:31:19","date_gmt":"2026-04-05T20:31:19","guid":{"rendered":"https:\/\/koreanwonder.com\/?post_type=product&#038;p=7903"},"modified":"2026-04-05T20:36:19","modified_gmt":"2026-04-05T20:36:19","slug":"vt-cosmetics-pdrn-reedle-shot-eye-lifter-15ml","status":"publish","type":"product","link":"https:\/\/koreanwonder.com\/es\/product\/vt-cosmetics-pdrn-reedle-shot-eye-lifter-15ml\/","title":{"rendered":"VT Cosmetics PDRN Reedle Shot Eye Lifter, 15ml"},"content":{"rendered":"<p><b>\u00bfPor qu\u00e9 PDRN Eye Lifter?<\/b><\/p>\n<p>Cuidado de arrugas en 7 zonas faciales: ojos, l\u00edneas de expresi\u00f3n, l\u00edneas de expresi\u00f3n y m\u00e1s. (Cuidado antiarrugas antiedad para un rejuvenecimiento facial completo).<\/p>\n<p>Contiene PDRN de ginseng vegano, Cica Reedles\u2122 e hilos de oro, \u00a1que proporcionan una elasticidad m\u00e1xima y un efecto lifting!<\/p>\n<p><span class=\"Apple-converted-space\">\u00a0<\/span><\/p>\n<p>A diferencia de los contornos tradicionales, este dispositivo incorpora un aplicador met\u00e1lico que se activa autom\u00e1ticamente al contacto con la piel, generando hasta 12.000 micro\u2011vibraciones por minuto. Este sistema no solo potencia la penetraci\u00f3n de activos hasta capas m\u00e1s profundas, sino que ofrece un efecto masajeador drenante, desinflamando y revitalizando la mirada al instante.<\/p>\n<p><span class=\"Apple-converted-space\">\u00a0<\/span><\/p>\n<p><b>Beneficios clave:<\/b><\/p>\n<p>Efecto lifting inmediato y visible gracias a la microvibraci\u00f3n de alta frecuencia.<\/p>\n<p>Contorno de ojos m\u00e1s firme, hidratado y revitalizado.<\/p>\n<p>Luminosidad y tono uniforme, combaten las ojeras pigmentadas y los signos de fatiga.<\/p>\n<p>Hidrataci\u00f3n intensa,<span class=\"Apple-converted-space\">\u00a0 <\/span>refuerzan la barrera cut\u00e1nea y suavizan l\u00edneas finas.<\/p>\n<p>No requiere bot\u00f3n de encendido: el dispositivo vibra al tocar la piel, facilitando su uso y mejorando la experiencia sensorial.<\/p>\n<p><span class=\"Apple-converted-space\">\u00a0<\/span><\/p>\n<p><b>Ingredientes:<\/b><\/p>\n<p>Human Umbilical Mesenchymal Stem Cell Extract (\u22489.795\u202fppm): regenenera piel madura, mejora elasticidad y reduce l\u00edneas<\/p>\n<p>Col\u00e1geno y p\u00e9ptidos (Tri\u2011\/Hexa\u2011 peptides, collagen extract): estimulan fibroblastos para tensar el contorno ocular.<\/p>\n<p>Niacinamida: corrige hiperpigmentaci\u00f3n, refuerza la barrera cut\u00e1nea y aclara ojeras.<\/p>\n<p>\u00c1cido hialur\u00f3nico hidrolizado + ceramida NP: retienen hasta 1000 veces su peso en agua, y reparan la barrera lip\u00eddica.<\/p>\n<p>Centella Asi\u00e1tica (CICA REEDLE\u2122): reduce rojeces, iguala el tono de la piel, y tiene efecto calmante.<\/p>\n<p>Bakuchiol y antioxidantes (vitamina\u202fE, Leuconostoc\/radish root ferment): efecto anti\u2011edad sin irritaci\u00f3n ni retinoides.<\/p>\n<p>&nbsp;<\/p>\n<p><b>Modo de Empleo<\/b><\/p>\n<p>Limpia y tonifica tu rostro como de costumbre.<\/p>\n<p>Aplica una peque\u00f1a cantidad de producto directamente sobre el contorno de ojos, incluyendo el hueso orbital, el entrecejo o incluso las l\u00edneas nasolabiales si lo deseas.<\/p>\n<p>Presiona el aplicador met\u00e1lico sobre la piel. El dispositivo se activa autom\u00e1ticamente y comienza a emitir hasta 12.000 micro\u2011vibraciones por minuto, sin necesidad de bot\u00f3n.<\/p>\n<p>Masajea con movimientos suaves y circulares durante 30 a 60 segundos por zona, permitiendo que los activos penetren en profundidad.<\/p>\n<p>Deja que el producto se absorba completamente antes de aplicar el siguiente paso de tu rutina.<\/p>\n<p><b>Tip profesional: <\/b>guarda el aplicador en la nevera para potenciar el efecto descongestionante si tienes bolsas marcadas o despertaste con los ojos inflamados.<\/p>\n<p>&nbsp;<\/p>\n<p>* Esta descripci\u00f3n ha sido creada por AI a partir de la informaci\u00f3n facilitada por la marca. Aunque nos esforzamos por ser precisos, tenga en cuenta que pueden producirse algunos errores. Por favor, verifique los detalles del producto de forma independiente.<\/p>\n","protected":false},"excerpt":{"rendered":"<p>Una crema reafirmante para el contorno de ojos que ayuda a restaurar la elasticidad de la piel y a potenciar la hidrataci\u00f3n.<\/p>\n","protected":false},"featured_media":1965,"comment_status":"closed","ping_status":"closed","template":"","meta":[],"product_brand":[905],"product_cat":[692,687,691],"product_tag":[706,660],"class_list":{"0":"post-7903","1":"product","2":"type-product","3":"status-publish","4":"has-post-thumbnail","6":"product_brand-vt-cosmetics","7":"product_cat-cremas-y-geles-para-el-contorno-de-ojos","8":"product_cat-cuidado-facial","9":"product_cat-para-el-contorno-de-ojos","10":"product_tag-hinchazon","11":"product_tag-microagujas-espiculas","13":"first","14":"instock","15":"taxable","16":"shipping-taxable","17":"purchasable","18":"product-type-simple"},"_links":{"self":[{"href":"https:\/\/koreanwonder.com\/es\/wp-json\/wp\/v2\/product\/7903","targetHints":{"allow":["GET"]}}],"collection":[{"href":"https:\/\/koreanwonder.com\/es\/wp-json\/wp\/v2\/product"}],"about":[{"href":"https:\/\/koreanwonder.com\/es\/wp-json\/wp\/v2\/types\/product"}],"replies":[{"embeddable":true,"href":"https:\/\/koreanwonder.com\/es\/wp-json\/wp\/v2\/comments?post=7903"}],"version-history":[{"count":1,"href":"https:\/\/koreanwonder.com\/es\/wp-json\/wp\/v2\/product\/7903\/revisions"}],"predecessor-version":[{"id":7933,"href":"https:\/\/koreanwonder.com\/es\/wp-json\/wp\/v2\/product\/7903\/revisions\/7933"}],"wp:featuredmedia":[{"embeddable":true,"href":"https:\/\/koreanwonder.com\/es\/wp-json\/wp\/v2\/media\/1965"}],"wp:attachment":[{"href":"https:\/\/koreanwonder.com\/es\/wp-json\/wp\/v2\/media?parent=7903"}],"wp:term":[{"taxonomy":"product_brand","embeddable":true,"href":"https:\/\/koreanwonder.com\/es\/wp-json\/wp\/v2\/product_brand?post=7903"},{"taxonomy":"product_cat","embeddable":true,"href":"https:\/\/koreanwonder.com\/es\/wp-json\/wp\/v2\/product_cat?post=7903"},{"taxonomy":"product_tag","embeddable":true,"href":"https:\/\/koreanwonder.com\/es\/wp-json\/wp\/v2\/product_tag?post=7903"}],"curies":[{"name":"wp","href":"https:\/\/api.w.org\/{rel}","templated":true}]}}