{"id":7899,"date":"2026-04-05T20:31:19","date_gmt":"2026-04-05T20:31:19","guid":{"rendered":"https:\/\/koreanwonder.com\/?post_type=product&#038;p=7899"},"modified":"2026-04-05T20:36:18","modified_gmt":"2026-04-05T20:36:18","slug":"vt-cosmetics-glucamune-essence-100ml","status":"publish","type":"product","link":"https:\/\/koreanwonder.com\/es\/product\/vt-cosmetics-glucamune-essence-100ml\/","title":{"rendered":"VT Cosmetics Glucamune Essence, 100ml"},"content":{"rendered":"<p>Este producto est\u00e1 especialmente dise\u00f1ado para hidratar, calmar y restaurar la barrera de hidrataci\u00f3n de la piel, dej\u00e1ndola fresca, luminosa y saludable sin sensaci\u00f3n de grasa<\/p>\n<p>La esencia es apta para pieles sensibles.<\/p>\n<p>&nbsp;<\/p>\n<p><b>Beneficios:<\/b><\/p>\n<p><b>Hidrataci\u00f3n intensa:<\/b> Formulada con Glucamune, la esencia VT ofrece 9.7 veces el efecto calmante de Heartleaf (Houttuynia cordata) y un 111% m\u00e1s de hidrataci\u00f3n que el \u00e1cido hialur\u00f3nico, proporcionando una hidrataci\u00f3n instant\u00e1nea para pieles sensibles.<\/p>\n<p><b>Apto para todo tipo de piel:<\/b> Perfecto para pieles deshidratadas que se vuelven f\u00e1cilmente secas y sensibles, piel sensible propensa a irritantes externos, y piel \u00e1spera que siente tirantez.<\/p>\n<p><b>Cuidado hidratante suave:<\/b> Con una f\u00f3rmula que contiene Mucin, garantiza una hidrataci\u00f3n de baja irritaci\u00f3n, lo que lo hace ideal para quienes tienen piel delicada.<\/p>\n<p><b>Acabado no graso, luminoso:<\/b> Disfruta de una aplicaci\u00f3n refrescante, no pegajosa, que deja tu piel con un acabado radiante y jugoso.<\/p>\n<p>&nbsp;<\/p>\n<p><b>Ingredientes:<\/b><\/p>\n<p><b>Glucamune:<\/b> Mucina vegana derivada del hongo de la nieve, combinada con una f\u00f3rmula limpia. Hidrataci\u00f3n hipoalerg\u00e9nica para pieles sensibles y deshidratadas. Apto para mujeres embarazadas y beb\u00e9s.<\/p>\n<p><b>Pantenol:<\/b> Protege la barrera cut\u00e1nea.<\/p>\n<p><b>Alanto\u00edna:<\/b> Calma la piel.<\/p>\n<p><b>Escualano:<\/b> Previene la p\u00e9rdida de hidrataci\u00f3n (mejor absorci\u00f3n).<\/p>\n<p>&nbsp;<\/p>\n<p><b>Modo de empleo:<span class=\"Apple-converted-space\">\u00a0<\/span><\/b><\/p>\n<p>Paso 1: En el paso del t\u00f3nico de tu rutina de cuidado facial, aplica una cantidad adecuada de esencia de glucamune VT en el rostro.<span class=\"Apple-converted-space\">\u00a0<\/span><\/p>\n<p>Paso 2: Exti\u00e9ndalo suavemente sobre la piel y deje que se absorba por completo.<\/p>\n<p>Para obtener resultados \u00f3ptimos, \u00faselo regularmente para mejorar la calma y la hidrataci\u00f3n.<\/p>\n","protected":false},"excerpt":{"rendered":"<p>La Esencia Glucamune de VT ofrece un triple beneficio hidratante que calma, hidrata y retiene la humedad a la vez.<\/p>\n","protected":false},"featured_media":1932,"comment_status":"closed","ping_status":"closed","template":"","meta":[],"product_brand":[905],"product_cat":[687,698,689],"product_tag":[751,709,703,752,702,710,665],"class_list":{"0":"post-7899","1":"product","2":"type-product","3":"status-publish","4":"has-post-thumbnail","6":"product_brand-vt-cosmetics","7":"product_cat-cuidado-facial","8":"product_cat-essencia","9":"product_cat-serums","10":"product_tag-barrera","11":"product_tag-esencia","12":"product_tag-hidratacion","13":"product_tag-irritacion","14":"product_tag-piel_sensible","15":"product_tag-sequedad","16":"product_tag-vt-cosmetics","18":"first","19":"instock","20":"taxable","21":"shipping-taxable","22":"purchasable","23":"product-type-simple"},"_links":{"self":[{"href":"https:\/\/koreanwonder.com\/es\/wp-json\/wp\/v2\/product\/7899","targetHints":{"allow":["GET"]}}],"collection":[{"href":"https:\/\/koreanwonder.com\/es\/wp-json\/wp\/v2\/product"}],"about":[{"href":"https:\/\/koreanwonder.com\/es\/wp-json\/wp\/v2\/types\/product"}],"replies":[{"embeddable":true,"href":"https:\/\/koreanwonder.com\/es\/wp-json\/wp\/v2\/comments?post=7899"}],"version-history":[{"count":1,"href":"https:\/\/koreanwonder.com\/es\/wp-json\/wp\/v2\/product\/7899\/revisions"}],"predecessor-version":[{"id":7929,"href":"https:\/\/koreanwonder.com\/es\/wp-json\/wp\/v2\/product\/7899\/revisions\/7929"}],"wp:featuredmedia":[{"embeddable":true,"href":"https:\/\/koreanwonder.com\/es\/wp-json\/wp\/v2\/media\/1932"}],"wp:attachment":[{"href":"https:\/\/koreanwonder.com\/es\/wp-json\/wp\/v2\/media?parent=7899"}],"wp:term":[{"taxonomy":"product_brand","embeddable":true,"href":"https:\/\/koreanwonder.com\/es\/wp-json\/wp\/v2\/product_brand?post=7899"},{"taxonomy":"product_cat","embeddable":true,"href":"https:\/\/koreanwonder.com\/es\/wp-json\/wp\/v2\/product_cat?post=7899"},{"taxonomy":"product_tag","embeddable":true,"href":"https:\/\/koreanwonder.com\/es\/wp-json\/wp\/v2\/product_tag?post=7899"}],"curies":[{"name":"wp","href":"https:\/\/api.w.org\/{rel}","templated":true}]}}