{"id":7897,"date":"2026-04-05T20:31:19","date_gmt":"2026-04-05T20:31:19","guid":{"rendered":"https:\/\/koreanwonder.com\/?post_type=product&#038;p=7897"},"modified":"2026-04-05T20:36:18","modified_gmt":"2026-04-05T20:36:18","slug":"vt-cosmetics-pdrn-hydrogel-mask","status":"publish","type":"product","link":"https:\/\/koreanwonder.com\/es\/product\/vt-cosmetics-pdrn-hydrogel-mask\/","title":{"rendered":"VT Cosmetics PDRN Hydrogel Mask"},"content":{"rendered":"<p>El producto est\u00e1 dise\u00f1ado para la regeneraci\u00f3n intensiva de la piel que necesita calma, hidrataci\u00f3n y renovaci\u00f3n inmediatas.<\/p>\n<p>El ingrediente clave de la mascarilla es el <b>PDRN vegetal <\/b>(polinucle\u00f3tidos), que act\u00faa a nivel celular para acelerar los procesos regenerativos y reparadores. Combinada con ceramidas y col\u00e1geno hidrolizado, la mascarilla no solo hidrata superficialmente, sino que tambi\u00e9n reconstruye la estructura de la piel desde el interior, devolvi\u00e9ndole su aspecto saludable y vitalidad.<\/p>\n<p>&nbsp;<\/p>\n<p><b>Ingredientes:<\/b><\/p>\n<p><b>PDRN vegetal (ADN s\u00f3dico):<\/b> regeneraci\u00f3n profunda y renovaci\u00f3n celular.<\/p>\n<p><b>Ceramida NP:<\/b> fortalece la barrera hidrolip\u00eddica y nutre.<\/p>\n<p><b>Centella asi\u00e1tica:<\/b> calma la irritaci\u00f3n y acelera la cicatrizaci\u00f3n.<\/p>\n<p><b>Niacinamida:<\/b> unifica el tono de la piel y fortalece la barrera protectora.<\/p>\n<p><b>\u00c1cido hialur\u00f3nico:<\/b> hidrataci\u00f3n multinivel.<\/p>\n<p><b>Para piel: <\/b>Mascarilla para todo tipo de piel, especialmente recomendada para pieles secas, deshidratadas e irritadas que requieren una regeneraci\u00f3n intensiva. Ideal despu\u00e9s de tratamientos dermatol\u00f3gicos, exposici\u00f3n solar o como tratamiento regenerador para pieles cansadas.<\/p>\n<p>Producto vegano, apto para quienes buscan un cuidado \u00e9tico.<\/p>\n<p>&nbsp;<\/p>\n<p><b>Modo de empleo:<\/b><\/p>\n<p>1. Despu\u00e9s de la limpieza, retira la mascarilla y retira la pel\u00edcula.<\/p>\n<p>2. Centra la mitad superior en los ojos y la mitad inferior en la boca. Presiona para que se adhiera a la piel.<\/p>\n<p>3. Retira la mascarilla despu\u00e9s de 20-40 minutos. Ajusta el tiempo seg\u00fan el estado de tu piel.<\/p>\n<p>&nbsp;<\/p>\n<p><b>Precauciones de uso:<\/b><\/p>\n<p>1) Consulta con un especialista si presentas s\u00edntomas o efectos secundarios anormales, como sarpullido, hinchaz\u00f3n o picor, durante el uso o por exposici\u00f3n a la luz solar directa despu\u00e9s de su uso. 2) No usar sobre heridas ni otras zonas afectadas.<\/p>\n<p>3) Precauciones de almacenamiento y manipulaci\u00f3n a) Mantener fuera del alcance de los ni\u00f1os. b) Mantener alejado de la luz solar directa.<\/p>\n<p>4) Evitar el contacto con los ojos. En caso de reacciones adversas, consultar a un profesional de la salud.<\/p>\n","protected":false},"excerpt":{"rendered":"<p>La Mascarilla de Hydrogel PDRN de VT Cosmetics es una mascarilla avanzada que utiliza la innovadora tecnolog\u00eda de hydrogel, proporcionando una excelente adhesi\u00f3n a la piel y una profunda penetraci\u00f3n de sus ingredientes activos.<\/p>\n","protected":false},"featured_media":6049,"comment_status":"closed","ping_status":"closed","template":"","meta":[],"product_brand":[905],"product_cat":[687,696,695],"product_tag":[694,703,750,719,697,741,566,661,665],"class_list":{"0":"post-7897","1":"product","2":"type-product","3":"status-publish","4":"has-post-thumbnail","6":"product_brand-vt-cosmetics","7":"product_cat-cuidado-facial","8":"product_cat-mascarilla-de-hidrogel","9":"product_cat-mascarillas-faciales","10":"product_tag-calmante","11":"product_tag-hidratacion","12":"product_tag-lactobacilos","13":"product_tag-luminosidad","14":"product_tag-mascarilla","15":"product_tag-opacidad","16":"product_tag-pdrn","17":"product_tag-piel-apagada","18":"product_tag-vt-cosmetics","20":"first","21":"instock","22":"taxable","23":"shipping-taxable","24":"purchasable","25":"product-type-simple"},"_links":{"self":[{"href":"https:\/\/koreanwonder.com\/es\/wp-json\/wp\/v2\/product\/7897","targetHints":{"allow":["GET"]}}],"collection":[{"href":"https:\/\/koreanwonder.com\/es\/wp-json\/wp\/v2\/product"}],"about":[{"href":"https:\/\/koreanwonder.com\/es\/wp-json\/wp\/v2\/types\/product"}],"replies":[{"embeddable":true,"href":"https:\/\/koreanwonder.com\/es\/wp-json\/wp\/v2\/comments?post=7897"}],"version-history":[{"count":1,"href":"https:\/\/koreanwonder.com\/es\/wp-json\/wp\/v2\/product\/7897\/revisions"}],"predecessor-version":[{"id":7927,"href":"https:\/\/koreanwonder.com\/es\/wp-json\/wp\/v2\/product\/7897\/revisions\/7927"}],"wp:featuredmedia":[{"embeddable":true,"href":"https:\/\/koreanwonder.com\/es\/wp-json\/wp\/v2\/media\/6049"}],"wp:attachment":[{"href":"https:\/\/koreanwonder.com\/es\/wp-json\/wp\/v2\/media?parent=7897"}],"wp:term":[{"taxonomy":"product_brand","embeddable":true,"href":"https:\/\/koreanwonder.com\/es\/wp-json\/wp\/v2\/product_brand?post=7897"},{"taxonomy":"product_cat","embeddable":true,"href":"https:\/\/koreanwonder.com\/es\/wp-json\/wp\/v2\/product_cat?post=7897"},{"taxonomy":"product_tag","embeddable":true,"href":"https:\/\/koreanwonder.com\/es\/wp-json\/wp\/v2\/product_tag?post=7897"}],"curies":[{"name":"wp","href":"https:\/\/api.w.org\/{rel}","templated":true}]}}