{"id":7846,"date":"2026-04-05T20:31:12","date_gmt":"2026-04-05T20:31:12","guid":{"rendered":"https:\/\/koreanwonder.com\/?post_type=product&#038;p=7846"},"modified":"2026-04-05T20:36:16","modified_gmt":"2026-04-05T20:36:16","slug":"vt-cosmetics-hydrop-reedle-shot-100-2-step-hydrogel-mask","status":"publish","type":"product","link":"https:\/\/koreanwonder.com\/es\/product\/vt-cosmetics-hydrop-reedle-shot-100-2-step-hydrogel-mask\/","title":{"rendered":"VT Cosmetics Hydrop Reedle Shot 100 2 Step Hydrogel Mask"},"content":{"rendered":"<p>Una mascarilla de doble paso que transforma la piel seca en una tez radiante y saludable, gracias a su tecnolog\u00eda avanzada y activos hidratantes de alta eficacia.<\/p>\n<p>Redefine el cuidado de la piel con su tecnolog\u00eda avanzada que proporciona una hidrataci\u00f3n incomparable desde las capas m\u00e1s profundas. Dise\u00f1ada con la innovadora <b>f\u00f3rmula Hydrop Reedle Shot<\/b>, esta mascarilla de dos pasos combina principios activos como \u00e1cido hialur\u00f3nico, ecto\u00edna y gluc\u00f3sido de glicerilo para renovar y transformar la piel seca y escamosa en una tez suave, flexible y radiante.<\/p>\n<p>La microestructura de la <b>tecnolog\u00eda Cica Reedle <\/b>facilita una absorci\u00f3n profunda y efectiva, despertando la piel y restaur\u00e1ndola a un estado saludable. Adem\u00e1s, la transici\u00f3n de su textura gel a una capa flexible y clara asegura que los ingredientes activos penetren profundamente, ofreciendo un resultado de hidrataci\u00f3n duradera<span class=\"Apple-converted-space\">\u00a0 <\/span>incomparable.<\/p>\n<p>&nbsp;<\/p>\n<p><b>Ingredientes:<\/b><\/p>\n<p><b>\u00c1cido hialur\u00f3nico: <\/b>Mol\u00e9culas nano-capsuladas que hidratan profundamente y rellenan la piel.<\/p>\n<p><b>Ecto\u00edna:<\/b> Protege y repara la barrera cut\u00e1nea, manteniendo la hidrataci\u00f3n.<\/p>\n<p><b>Gluc\u00f3sido de glicerilo:<\/b> Refuerza la retenci\u00f3n de humedad y mejora la suavidad de la piel.<\/p>\n<p><b>Cica Reedle: <\/b>Microestructura que facilita la absorci\u00f3n profunda y eficaz de los activos.<\/p>\n<p>&nbsp;<\/p>\n<p><b>Beneficios<\/b><\/p>\n<p><b>Hidrataci\u00f3n intensiva:<\/b> Proporciona hidrataci\u00f3n profunda que alcanza hasta 20 capas del estrato c\u00f3rneo.<\/p>\n<p><b>Restauraci\u00f3n de la piel: <\/b>La microestructura Cica Reedle mejora la absorci\u00f3n y despierta la piel para restaurar su vitalidad.<\/p>\n<p><b>Textura transformadora: <\/b>Se adapta perfectamente al rostro, maximizando la eficacia de los activos.<\/p>\n<p><b>Ingredientes avanzados: <\/b>Enriquecida con \u00e1cido hialur\u00f3nico nano-capsulado, ecto\u00edna y gluc\u00f3sido de glicerilo para combatir la sequedad y mejorar la elasticidad.<\/p>\n<p><b>Confort:<\/b> Dise\u00f1ada para ofrecer una experiencia de spa en casa.<\/p>\n<p>&nbsp;<\/p>\n<p><b>Modo de Empleo:<\/b><\/p>\n<p>Limpieza: Lava el rostro para eliminar impurezas y preparar la piel.<\/p>\n<p>Primer paso: Aplica el Hydrop Reedle Shot 100hL de manera uniforme en todo el rostro.<\/p>\n<p>Segundo paso: Coloca la mascarilla de hidrogel, ajust\u00e1ndola perfectamente al contorno facial.<\/p>\n<p>Espera: Rel\u00e1jate durante 20-40 minutos mientras los ingredientes activos trabajan en tu piel.<\/p>\n<p>Retira y masajea: Retira suavemente la mascarilla y masajea los restos de esencia hasta que se absorban completamente.<\/p>\n","protected":false},"excerpt":{"rendered":"<p>Descubre la innovaci\u00f3n en hidrataci\u00f3n con la VT Hydrop Reedle Shot 100hL 2-Step Hydrogel Mask.<span class=\"Apple-converted-space\">\u00a0<\/span><\/p>\n","protected":false},"featured_media":6018,"comment_status":"closed","ping_status":"closed","template":"","meta":[],"product_brand":[905],"product_cat":[687,696,695],"product_tag":[701,697,660,702,665],"class_list":{"0":"post-7846","1":"product","2":"type-product","3":"status-publish","4":"has-post-thumbnail","6":"product_brand-vt-cosmetics","7":"product_cat-cuidado-facial","8":"product_cat-mascarilla-de-hidrogel","9":"product_cat-mascarillas-faciales","10":"product_tag-hidratante","11":"product_tag-mascarilla","12":"product_tag-microagujas-espiculas","13":"product_tag-piel_sensible","14":"product_tag-vt-cosmetics","16":"first","17":"instock","18":"taxable","19":"shipping-taxable","20":"purchasable","21":"product-type-simple"},"_links":{"self":[{"href":"https:\/\/koreanwonder.com\/es\/wp-json\/wp\/v2\/product\/7846","targetHints":{"allow":["GET"]}}],"collection":[{"href":"https:\/\/koreanwonder.com\/es\/wp-json\/wp\/v2\/product"}],"about":[{"href":"https:\/\/koreanwonder.com\/es\/wp-json\/wp\/v2\/types\/product"}],"replies":[{"embeddable":true,"href":"https:\/\/koreanwonder.com\/es\/wp-json\/wp\/v2\/comments?post=7846"}],"version-history":[{"count":1,"href":"https:\/\/koreanwonder.com\/es\/wp-json\/wp\/v2\/product\/7846\/revisions"}],"predecessor-version":[{"id":7876,"href":"https:\/\/koreanwonder.com\/es\/wp-json\/wp\/v2\/product\/7846\/revisions\/7876"}],"wp:featuredmedia":[{"embeddable":true,"href":"https:\/\/koreanwonder.com\/es\/wp-json\/wp\/v2\/media\/6018"}],"wp:attachment":[{"href":"https:\/\/koreanwonder.com\/es\/wp-json\/wp\/v2\/media?parent=7846"}],"wp:term":[{"taxonomy":"product_brand","embeddable":true,"href":"https:\/\/koreanwonder.com\/es\/wp-json\/wp\/v2\/product_brand?post=7846"},{"taxonomy":"product_cat","embeddable":true,"href":"https:\/\/koreanwonder.com\/es\/wp-json\/wp\/v2\/product_cat?post=7846"},{"taxonomy":"product_tag","embeddable":true,"href":"https:\/\/koreanwonder.com\/es\/wp-json\/wp\/v2\/product_tag?post=7846"}],"curies":[{"name":"wp","href":"https:\/\/api.w.org\/{rel}","templated":true}]}}