{"id":7841,"date":"2026-04-05T20:31:12","date_gmt":"2026-04-05T20:31:12","guid":{"rendered":"https:\/\/koreanwonder.com\/?post_type=product&#038;p=7841"},"modified":"2026-04-05T20:36:16","modified_gmt":"2026-04-05T20:36:16","slug":"vt-cosmetics-reedle-shot-100-2-step-mask","status":"publish","type":"product","link":"https:\/\/koreanwonder.com\/es\/product\/vt-cosmetics-reedle-shot-100-2-step-mask\/","title":{"rendered":"VT Cosmetics Reedle Shot 100 2 Step Mask"},"content":{"rendered":"<p>La mascarilla ofrece un tratamiento avanzado en dos pasos para una piel m\u00e1s firme, hidratada y revitalizada.<span class=\"Apple-converted-space\">\u00a0<\/span><\/p>\n<p>Este sistema combina un concentrado con microagujas que favorece la penetraci\u00f3n de los ingredientes activos, seguido de una mascarilla impregnada con un s\u00e9rum intensivo.<span class=\"Apple-converted-space\">\u00a0<\/span><\/p>\n<p>Dise\u00f1ada para mejorar la elasticidad y luminosidad de la piel, es ideal para combatir los primeros signos de envejecimiento y la p\u00e9rdida de firmeza.<span class=\"Apple-converted-space\">\u00a0<\/span><\/p>\n<p>Perfecta para un cuidado profesional desde casa.<\/p>\n<p>&nbsp;<\/p>\n<p><b>Ingredientes Clave y Beneficios:<\/b><\/p>\n<p>\u00c1cido hialur\u00f3nico: Rellena e hidrata intensamente, dejando la piel suave y el\u00e1stica.<\/p>\n<p>Extracto de centella asi\u00e1tica: Calma y regenera la piel, reduciendo la irritaci\u00f3n.<\/p>\n<p>Col\u00e1geno hidrolizado: Aumenta la firmeza y elasticidad de la piel.<\/p>\n<p>P\u00e9ptidos: Promueven la producci\u00f3n natural de col\u00e1geno, mejorando la textura de la piel.<\/p>\n<p>&nbsp;<\/p>\n<p><b>Paso 1:<\/b> Reedle Shot 100 mejora la absorci\u00f3n de ingredientes activos del cuidado de la piel y minimiza los poros dilatados.<\/p>\n<p><b>Paso 2:<\/b> La mascarilla de hoja vegana proporciona ricos ingredientes hidratantes y calmantes a la piel.<\/p>\n<p>&nbsp;<\/p>\n<p>La sensaci\u00f3n de hormigueo es suave e inherente al producto mientras se absorbe y entrega nutrientes. Ideal para quienes desean: mejorar la absorci\u00f3n de productos de cuidado de la piel, descubrir un tratamiento en casa con la eficacia de uno profesional, mejorar las condiciones generales de la piel sin afectar el bolsillo y dejar de probar productos sin resultados.<\/p>\n<p>&nbsp;<\/p>\n<p><b>Modo de Empleo<\/b><\/p>\n<p>1. Despu\u00e9s de lavar tu rostro por la noche, aplica una cantidad adecuada de PASO 1 Reedle Shot en el rostro y distrib\u00fayelo uniformemente.<\/p>\n<p>2. Una vez que el PASO 1 Reedle Shot se haya absorbido, abre la mascarilla Reedle Shot del PASO 2 y col\u00f3cala sobre la piel.<\/p>\n<p>3. Tras descansar durante unos 10 a 20 minutos, retira la mascarilla y da ligeros toques en la piel con la esencia restante para que se absorba.<\/p>\n","protected":false},"excerpt":{"rendered":"<p>Esta mascarilla reafirmante de 2 pasos con microagujas y s\u00e9rum que hidrata y revitaliza intensamente.<\/p>\n","protected":false},"featured_media":6001,"comment_status":"closed","ping_status":"closed","template":"","meta":[],"product_brand":[905],"product_cat":[687,696,695],"product_tag":[697,660,661,662,663],"class_list":{"0":"post-7841","1":"product","2":"type-product","3":"status-publish","4":"has-post-thumbnail","6":"product_brand-vt-cosmetics","7":"product_cat-cuidado-facial","8":"product_cat-mascarilla-de-hidrogel","9":"product_cat-mascarillas-faciales","10":"product_tag-mascarilla","11":"product_tag-microagujas-espiculas","12":"product_tag-piel-apagada","13":"product_tag-pigmentacion","14":"product_tag-poros","16":"first","17":"instock","18":"taxable","19":"shipping-taxable","20":"purchasable","21":"product-type-simple"},"_links":{"self":[{"href":"https:\/\/koreanwonder.com\/es\/wp-json\/wp\/v2\/product\/7841","targetHints":{"allow":["GET"]}}],"collection":[{"href":"https:\/\/koreanwonder.com\/es\/wp-json\/wp\/v2\/product"}],"about":[{"href":"https:\/\/koreanwonder.com\/es\/wp-json\/wp\/v2\/types\/product"}],"replies":[{"embeddable":true,"href":"https:\/\/koreanwonder.com\/es\/wp-json\/wp\/v2\/comments?post=7841"}],"version-history":[{"count":1,"href":"https:\/\/koreanwonder.com\/es\/wp-json\/wp\/v2\/product\/7841\/revisions"}],"predecessor-version":[{"id":7871,"href":"https:\/\/koreanwonder.com\/es\/wp-json\/wp\/v2\/product\/7841\/revisions\/7871"}],"wp:featuredmedia":[{"embeddable":true,"href":"https:\/\/koreanwonder.com\/es\/wp-json\/wp\/v2\/media\/6001"}],"wp:attachment":[{"href":"https:\/\/koreanwonder.com\/es\/wp-json\/wp\/v2\/media?parent=7841"}],"wp:term":[{"taxonomy":"product_brand","embeddable":true,"href":"https:\/\/koreanwonder.com\/es\/wp-json\/wp\/v2\/product_brand?post=7841"},{"taxonomy":"product_cat","embeddable":true,"href":"https:\/\/koreanwonder.com\/es\/wp-json\/wp\/v2\/product_cat?post=7841"},{"taxonomy":"product_tag","embeddable":true,"href":"https:\/\/koreanwonder.com\/es\/wp-json\/wp\/v2\/product_tag?post=7841"}],"curies":[{"name":"wp","href":"https:\/\/api.w.org\/{rel}","templated":true}]}}